{"id":714037,"date":"2025-08-27T17:14:26","date_gmt":"2025-08-27T14:14:26","guid":{"rendered":"https:\/\/roveyayinevi.com.tr\/index.php\/urun\/copluk-krali\/"},"modified":"2026-04-03T02:28:14","modified_gmt":"2026-04-02T23:28:14","slug":"copluk-krali","status":"publish","type":"product","link":"https:\/\/roveyayinevi.com.tr\/index.php\/urun\/copluk-krali\/","title":{"rendered":"\u00c7\u00f6pl\u00fck Kral\u0131"},"content":{"rendered":"<p>Etiyopya&#8217;daki sokak \u00e7ocuklar\u0131n\u0131n ger\u00e7ek ya\u015fam\u0131na dayanan dokunakl\u0131 ama cesaret verici bir \u00f6yk\u00fc\u2026Dani ile Mamo normal ko\u015fullarda asla kar\u015f\u0131la\u015fmayacakt\u0131. Etiyopya\u2019n\u0131n ba\u015fkenti Addis Ababa&#8217;daki hayatlar\u0131 bamba\u015fkayd\u0131. Dani kocaman bir villada ya\u015f\u0131yordu, Mamo\u02bcnun ise evi yoktu. Ama bu iki \u00e7ocuk \u015fimdi \u015fehrin sokaklar\u0131nda ka\u00e7ak. Biri despot babas\u0131ndan, \u00f6tekiyse bir insan tacirinden ka\u00e7\u0131yor. Tesad\u00fcf onlar\u0131 bir araya getirince yeti\u015fkinlerin bencil d\u00fcnyas\u0131nda hayat\u0131 birlikte g\u00f6\u011f\u00fcslemek zorunda kal\u0131yorlar. <\/p>\n","protected":false},"excerpt":{"rendered":"<p>Etiyopya&#8217;daki sokak \u00e7ocuklar\u0131n\u0131n ger\u00e7ek ya\u015fam\u0131na dayanan dokunakl\u0131 ama cesaret verici bir \u00f6yk\u00fc\u2026Dani ile Mamo normal ko\u015fullarda asla kar\u015f\u0131la\u015fmayacakt\u0131. Etiyopya\u2019n\u0131n ba\u015fkenti Addis Ababa&#8217;daki hayatlar\u0131 bamba\u015fkayd\u0131. Dani kocaman<span class=\"excerpt-hellip\"> [\u2026]<\/span><\/p>\n","protected":false},"featured_media":0,"template":"","meta":{"_monsterinsights_skip_tracking":false,"_monsterinsights_sitenote_active":false,"_monsterinsights_sitenote_note":"","_monsterinsights_sitenote_category":0},"product_brand":[],"product_cat":[12291,12711],"product_tag":[],"class_list":{"0":"post-714037","1":"product","2":"type-product","3":"status-publish","5":"product_cat-edebiyat","6":"product_cat-roman-oyku","7":"pa_cilt-ciltsiz","8":"pa_tur-kitap","9":"pa_yayinevi-beyaz-balina-yayinlari","10":"pa_yazar-elizabeth-laird","12":"first","13":"instock","14":"sale","15":"shipping-taxable","16":"purchasable","17":"product-type-simple"},"_links":{"self":[{"href":"https:\/\/roveyayinevi.com.tr\/index.php\/wp-json\/wp\/v2\/product\/714037","targetHints":{"allow":["GET"]}}],"collection":[{"href":"https:\/\/roveyayinevi.com.tr\/index.php\/wp-json\/wp\/v2\/product"}],"about":[{"href":"https:\/\/roveyayinevi.com.tr\/index.php\/wp-json\/wp\/v2\/types\/product"}],"wp:attachment":[{"href":"https:\/\/roveyayinevi.com.tr\/index.php\/wp-json\/wp\/v2\/media?parent=714037"}],"wp:term":[{"taxonomy":"product_brand","embeddable":true,"href":"https:\/\/roveyayinevi.com.tr\/index.php\/wp-json\/wp\/v2\/product_brand?post=714037"},{"taxonomy":"product_cat","embeddable":true,"href":"https:\/\/roveyayinevi.com.tr\/index.php\/wp-json\/wp\/v2\/product_cat?post=714037"},{"taxonomy":"product_tag","embeddable":true,"href":"https:\/\/roveyayinevi.com.tr\/index.php\/wp-json\/wp\/v2\/product_tag?post=714037"}],"curies":[{"name":"wp","href":"https:\/\/api.w.org\/{rel}","templated":true}]}}