{"id":714036,"date":"2025-08-27T17:14:16","date_gmt":"2025-08-27T14:14:16","guid":{"rendered":"https:\/\/roveyayinevi.com.tr\/index.php\/urun\/ohalde-ozgurluk\/"},"modified":"2026-04-16T02:22:26","modified_gmt":"2026-04-15T23:22:26","slug":"ohalde-ozgurluk","status":"publish","type":"product","link":"https:\/\/roveyayinevi.com.tr\/index.php\/urun\/ohalde-ozgurluk\/","title":{"rendered":"Ohalde \u00d6zg\u00fcrl\u00fck"},"content":{"rendered":"<p>CHP \u0130stanbul Milletvekili G\u00fcrsel Tekin&#8217;i tan\u0131mayan\u0131m\u0131z var m\u0131d\u0131r? O kamuoyu \u00f6n\u00fcnde s\u00f6yledikleri, yapt\u0131klar\u0131 ve g\u00f6r\u00fc\u015fleriyle hep tart\u0131\u015f\u0131lan bir isim oldu. \u0130lkgen\u00e7lik y\u0131llar\u0131nda CHP&#8217;nin gen\u00e7lik \u00f6rg\u00fct\u00fcnde ba\u015flad\u0131\u011f\u0131 siyaset ya\u015fam\u0131nda, partinin ve yerel y\u00f6netimlerin basamaklar\u0131n\u0131 h\u0131zla \u00e7\u0131kt\u0131. Bu ba\u015far\u0131n\u0131n alt\u0131nda ise \u201c\u00dczerine ald\u0131\u011f\u0131 her g\u00f6revi ba\u015far\u0131yla tamamlar\u201d g\u00fcvenini halkta yaratmas\u0131 yat\u0131yordu. Bu g\u00fcven, elbette onun kendine duydu\u011fu \u00f6zg\u00fcvenin de bir yans\u0131mas\u0131yd\u0131.Ona hem rakip siyaset kulvarlar\u0131ndan hem de beraber siyaset yapt\u0131\u011f\u0131 baz\u0131 arkada\u015flar\u0131ndan y\u00f6neltilen karalamalara, iftiralara kar\u015f\u0131 durabilmesinde en b\u00fcy\u00fck g\u00fcc\u00fc; karakterinin a\u00e7\u0131ky\u00fcreklili\u011finden, d\u00fcr\u00fcstl\u00fc\u011f\u00fcnden, a\u00e7\u0131k d\u00fc\u015f\u00fcncelili\u011finden ve \u00f6zg\u00fcrl\u00fck tutkusundan ald\u0131.\u0130nsanlara ve halk\u0131na y\u00f6neltilmi\u015f fiziki ve fikri hi\u00e7bir bask\u0131y\u0131 kabul etmedi, sineye \u00e7ekmedi. Bunu yaparken de insanlar\u0131n\u0131n refah\u0131 d\u0131\u015f\u0131nda bir ama\u00e7 g\u00fctmedi. Daha ortaokul s\u0131ralar\u0131nda k\u00f6yl\u00fclere yap\u0131lan bir haks\u0131zl\u0131\u011fa kar\u015f\u0131 d\u00fczenledi\u011fi eylem, siyasi ya\u015fam\u0131n\u0131n da nas\u0131l \u015fekillenece\u011fini g\u00f6steriyordu.\u00dcnl\u00fc ve etkin ki\u015filerde g\u00f6rmeye al\u0131\u015ft\u0131\u011f\u0131m\u0131z ay\u0131r\u0131m ondan da bulunuyor muydu? Acaba insan G\u00fcrsel Tekin&#8217;in, bir siyaset\u00e7i olarak G\u00fcrsel Tekin&#8217;den farkl\u0131 yanlar\u0131 var m\u0131yd\u0131? <\/p>\n","protected":false},"excerpt":{"rendered":"<p>CHP \u0130stanbul Milletvekili G\u00fcrsel Tekin&#8217;i tan\u0131mayan\u0131m\u0131z var m\u0131d\u0131r? O kamuoyu \u00f6n\u00fcnde s\u00f6yledikleri, yapt\u0131klar\u0131 ve g\u00f6r\u00fc\u015fleriyle hep tart\u0131\u015f\u0131lan bir isim oldu. \u0130lkgen\u00e7lik y\u0131llar\u0131nda CHP&#8217;nin gen\u00e7lik \u00f6rg\u00fct\u00fcnde ba\u015flad\u0131\u011f\u0131<span class=\"excerpt-hellip\"> [\u2026]<\/span><\/p>\n","protected":false},"featured_media":0,"template":"","meta":{"_monsterinsights_skip_tracking":false,"_monsterinsights_sitenote_active":false,"_monsterinsights_sitenote_note":"","_monsterinsights_sitenote_category":0},"product_brand":[],"product_cat":[13590,12337],"product_tag":[],"class_list":{"0":"post-714036","1":"product","2":"type-product","3":"status-publish","5":"product_cat-arastirma-inceleme-politika-siyaset","6":"product_cat-politika-siyaset","7":"pa_cilt-ciltsiz","8":"pa_tur-kitap","9":"pa_yayinevi-halk-kitabevi","10":"pa_yazar-gursel-tekin","12":"first","13":"instock","14":"sale","15":"shipping-taxable","16":"purchasable","17":"product-type-simple"},"_links":{"self":[{"href":"https:\/\/roveyayinevi.com.tr\/index.php\/wp-json\/wp\/v2\/product\/714036","targetHints":{"allow":["GET"]}}],"collection":[{"href":"https:\/\/roveyayinevi.com.tr\/index.php\/wp-json\/wp\/v2\/product"}],"about":[{"href":"https:\/\/roveyayinevi.com.tr\/index.php\/wp-json\/wp\/v2\/types\/product"}],"wp:attachment":[{"href":"https:\/\/roveyayinevi.com.tr\/index.php\/wp-json\/wp\/v2\/media?parent=714036"}],"wp:term":[{"taxonomy":"product_brand","embeddable":true,"href":"https:\/\/roveyayinevi.com.tr\/index.php\/wp-json\/wp\/v2\/product_brand?post=714036"},{"taxonomy":"product_cat","embeddable":true,"href":"https:\/\/roveyayinevi.com.tr\/index.php\/wp-json\/wp\/v2\/product_cat?post=714036"},{"taxonomy":"product_tag","embeddable":true,"href":"https:\/\/roveyayinevi.com.tr\/index.php\/wp-json\/wp\/v2\/product_tag?post=714036"}],"curies":[{"name":"wp","href":"https:\/\/api.w.org\/{rel}","templated":true}]}}