{"id":714035,"date":"2025-08-27T17:14:15","date_gmt":"2025-08-27T14:14:15","guid":{"rendered":"https:\/\/roveyayinevi.com.tr\/index.php\/urun\/kucuk-gece-kedisi-ciltli\/"},"modified":"2026-04-16T02:22:25","modified_gmt":"2026-04-15T23:22:25","slug":"kucuk-gece-kedisi-ciltli","status":"publish","type":"product","link":"https:\/\/roveyayinevi.com.tr\/index.php\/urun\/kucuk-gece-kedisi-ciltli\/","title":{"rendered":"K\u00fc\u00e7\u00fck Gece Kedisi (Ciltli)"},"content":{"rendered":"<p>Ola\u011fan\u00fcst\u00fc sanat\u00e7\u0131 Sonja Danowski, insan\u0131n i\u00e7ini \u0131s\u0131tan bu hikayeyle her ya\u015ftan hayvanseverin kalbini fethedecek!Toni o g\u00fcn hayvan bar\u0131na\u011f\u0131nda yap\u0131lan yaz \u015fenli\u011fine gidecek. \u015eenlikte bar\u0131nak hayvanlar\u0131 yarar\u0131na bir de \u00e7ekili\u015f var. Toni, oyuncak hayvanlar\u0131n\u0131n hepsini \u00e7ekili\u015fe ba\u011f\u0131\u015flamaya karar veriyor. \u00c7\u00fcnk\u00fc sahipsiz kedi ve k\u00f6peklerin ilaca ve mamaya ihtiyac\u0131 var. Toni\u2019nin kocaman y\u00fcre\u011fine ve cesaretine hayran kalmamak elde de\u011fil!Ne var ki ak\u015fam olunca yata\u011f\u0131 ona bo\u015f ve so\u011fuk geliyor, bir t\u00fcrl\u00fc uyuyam\u0131yor. \u00c7ok sevdi\u011fi hayvanlar\u0131n\u0131 \u00f6zledi\u011fi belli.Ama \u00fcz\u00fclme Toni; cesaret ve \u015fefkat hi\u00e7bir zaman \u00f6d\u00fcls\u00fcz kalmaz.Sonja Danowski, nak\u0131\u015f gibi bezedi\u011fi resimlerle duygu y\u00fckl\u00fc bir dostluk \u00f6yk\u00fcs\u00fc anlat\u0131yor. <\/p>\n","protected":false},"excerpt":{"rendered":"<p>Ola\u011fan\u00fcst\u00fc sanat\u00e7\u0131 Sonja Danowski, insan\u0131n i\u00e7ini \u0131s\u0131tan bu hikayeyle her ya\u015ftan hayvanseverin kalbini fethedecek!Toni o g\u00fcn hayvan bar\u0131na\u011f\u0131nda yap\u0131lan yaz \u015fenli\u011fine gidecek. \u015eenlikte bar\u0131nak hayvanlar\u0131 yarar\u0131na<span class=\"excerpt-hellip\"> [\u2026]<\/span><\/p>\n","protected":false},"featured_media":0,"template":"","meta":{"_monsterinsights_skip_tracking":false,"_monsterinsights_sitenote_active":false,"_monsterinsights_sitenote_note":"","_monsterinsights_sitenote_category":0},"product_brand":[],"product_cat":[12913,12274],"product_tag":[],"class_list":{"0":"post-714035","1":"product","2":"type-product","3":"status-publish","5":"product_cat-3-6-yas-kitaplari","6":"product_cat-cocuk-ve-genclik-kitaplari","7":"pa_cilt-ciltli","8":"pa_tur-kitap","9":"pa_yayinevi-beyaz-balina-yayinlari","10":"pa_yazar-sonja-danowski","12":"first","13":"instock","14":"sale","15":"shipping-taxable","16":"purchasable","17":"product-type-simple"},"_links":{"self":[{"href":"https:\/\/roveyayinevi.com.tr\/index.php\/wp-json\/wp\/v2\/product\/714035","targetHints":{"allow":["GET"]}}],"collection":[{"href":"https:\/\/roveyayinevi.com.tr\/index.php\/wp-json\/wp\/v2\/product"}],"about":[{"href":"https:\/\/roveyayinevi.com.tr\/index.php\/wp-json\/wp\/v2\/types\/product"}],"wp:attachment":[{"href":"https:\/\/roveyayinevi.com.tr\/index.php\/wp-json\/wp\/v2\/media?parent=714035"}],"wp:term":[{"taxonomy":"product_brand","embeddable":true,"href":"https:\/\/roveyayinevi.com.tr\/index.php\/wp-json\/wp\/v2\/product_brand?post=714035"},{"taxonomy":"product_cat","embeddable":true,"href":"https:\/\/roveyayinevi.com.tr\/index.php\/wp-json\/wp\/v2\/product_cat?post=714035"},{"taxonomy":"product_tag","embeddable":true,"href":"https:\/\/roveyayinevi.com.tr\/index.php\/wp-json\/wp\/v2\/product_tag?post=714035"}],"curies":[{"name":"wp","href":"https:\/\/api.w.org\/{rel}","templated":true}]}}