{"id":714034,"date":"2025-08-27T17:14:15","date_gmt":"2025-08-27T14:14:15","guid":{"rendered":"https:\/\/roveyayinevi.com.tr\/index.php\/urun\/ejderha-avcilari-okulu-19-esrarengiz-dev\/"},"modified":"2026-04-16T02:22:25","modified_gmt":"2026-04-15T23:22:25","slug":"ejderha-avcilari-okulu-19-esrarengiz-dev","status":"publish","type":"product","link":"https:\/\/roveyayinevi.com.tr\/index.php\/urun\/ejderha-avcilari-okulu-19-esrarengiz-dev\/","title":{"rendered":"Ejderha Avc\u0131lar\u0131 Okulu 19 Esrarengiz Dev"},"content":{"rendered":"<p>Birg\u00fcn yolunuz Kara Orman\u2019a d\u00fc\u015ferse sak\u0131n korkmay\u0131n! Orman\u0131n derinliklerinden gelen \u00e7\u0131\u011fl\u0131klar \u015fa\u015f\u0131rtmas\u0131n sizi. Tuhaf yarat\u0131klar, deli kesi\u015fler, konu\u015fan hayvanlar&#8230; Anidenkar\u015f\u0131n\u0131za \u00e7\u0131k\u0131p a\u011fz\u0131ndanate\u015f sa\u00e7an ejderhelar&#8230; K\u00fc\u00e7\u00fck ejderha avc\u0131lar\u0131 pasl\u0131 k\u0131l\u0131\u00e7lar\u0131 ve k\u0131r\u0131k m\u0131zraklar\u0131yla her zaman yan\u0131n\u0131zdalar. \u00c7ocuklar ejderha avc\u0131s\u0131 olabilirler mi?.. Ejderhalar bu kadar sevimli olurlarsa neden olmas\u0131nlar?.. \u00dcstelik onlar Ejderha Avc\u0131lar\u0131 Okulu (EAO) \u00f6\u011frencileri! Okulun yan\u0131ndaki ormanda garip \u015feyler oluyordu. Aniden ortaya \u00e7\u0131kan bir dev, Wiglaf\u2019in sevgili ejderhas\u0131 Kurt\u00e7uk\u2019u ka\u00e7\u0131rm\u0131\u015ft\u0131! \u015eimdi ejderha avc\u0131s\u0131 yerine, ejderha kurtar\u0131c\u0131s\u0131 olmak gerekiyordu. Kar\u015f\u0131lar\u0131ndaki sorunun pek de k\u00fc\u00e7\u00fck oldu\u011fu s\u00f6ylenemezdi&#8230; \ufffcTan\u0131t\u0131m Metni<\/p>\n","protected":false},"excerpt":{"rendered":"<p>Birg\u00fcn yolunuz Kara Orman\u2019a d\u00fc\u015ferse sak\u0131n korkmay\u0131n! Orman\u0131n derinliklerinden gelen \u00e7\u0131\u011fl\u0131klar \u015fa\u015f\u0131rtmas\u0131n sizi. Tuhaf yarat\u0131klar, deli kesi\u015fler, konu\u015fan hayvanlar&#8230; Anidenkar\u015f\u0131n\u0131za \u00e7\u0131k\u0131p a\u011fz\u0131ndanate\u015f sa\u00e7an ejderhelar&#8230; K\u00fc\u00e7\u00fck ejderha<span class=\"excerpt-hellip\"> [\u2026]<\/span><\/p>\n","protected":false},"featured_media":0,"template":"","meta":{"_monsterinsights_skip_tracking":false,"_monsterinsights_sitenote_active":false,"_monsterinsights_sitenote_note":"","_monsterinsights_sitenote_category":0},"product_brand":[],"product_cat":[12274,12284],"product_tag":[],"class_list":{"0":"post-714034","1":"product","2":"type-product","3":"status-publish","5":"product_cat-cocuk-ve-genclik-kitaplari","6":"product_cat-hikayeler","7":"pa_cilt-ciltsiz","8":"pa_tur-kitap","9":"pa_yayinevi-beyaz-balina-yayinlari","10":"pa_yazar-kate-mcmullan","12":"first","13":"instock","14":"sale","15":"shipping-taxable","16":"purchasable","17":"product-type-simple"},"_links":{"self":[{"href":"https:\/\/roveyayinevi.com.tr\/index.php\/wp-json\/wp\/v2\/product\/714034","targetHints":{"allow":["GET"]}}],"collection":[{"href":"https:\/\/roveyayinevi.com.tr\/index.php\/wp-json\/wp\/v2\/product"}],"about":[{"href":"https:\/\/roveyayinevi.com.tr\/index.php\/wp-json\/wp\/v2\/types\/product"}],"wp:attachment":[{"href":"https:\/\/roveyayinevi.com.tr\/index.php\/wp-json\/wp\/v2\/media?parent=714034"}],"wp:term":[{"taxonomy":"product_brand","embeddable":true,"href":"https:\/\/roveyayinevi.com.tr\/index.php\/wp-json\/wp\/v2\/product_brand?post=714034"},{"taxonomy":"product_cat","embeddable":true,"href":"https:\/\/roveyayinevi.com.tr\/index.php\/wp-json\/wp\/v2\/product_cat?post=714034"},{"taxonomy":"product_tag","embeddable":true,"href":"https:\/\/roveyayinevi.com.tr\/index.php\/wp-json\/wp\/v2\/product_tag?post=714034"}],"curies":[{"name":"wp","href":"https:\/\/api.w.org\/{rel}","templated":true}]}}