{"id":714032,"date":"2025-08-27T17:14:13","date_gmt":"2025-08-27T14:14:13","guid":{"rendered":"https:\/\/roveyayinevi.com.tr\/index.php\/urun\/ejderha-avcilari-okulu-15-cifte-ejderha-sorunu\/"},"modified":"2026-04-16T02:22:25","modified_gmt":"2026-04-15T23:22:25","slug":"ejderha-avcilari-okulu-15-cifte-ejderha-sorunu","status":"publish","type":"product","link":"https:\/\/roveyayinevi.com.tr\/index.php\/urun\/ejderha-avcilari-okulu-15-cifte-ejderha-sorunu\/","title":{"rendered":"Ejderha Avc\u0131lar\u0131 Okulu 15 \u00c7ifte Ejderha Sorunu"},"content":{"rendered":"<p>EAO Haber\u2019in y\u0131ld\u0131z muhabiri Wiglaf, m\u00fcd\u00fcrle ilgili bir haber yazmak i\u00e7in en iyi yolun bir g\u00fcn boyunca onu izlemek oldu\u011funa karar verir. Ama Angus ile birlikte Mordred\u2019in f\u0131s\u0131lda\u015farak &#8220;birilerini ka\u00e7\u0131rmak&#8221; ve &#8220;alt\u0131n&#8221;dan s\u00f6z etti\u011fini duyduklar\u0131nda, \u00e7ocuklar konuyu ara\u015ft\u0131rmaya karar verirler ve sonunda bir Gazete haberinden \u00e7ok ama \u00e7ok daha fazlas\u0131na ula\u015f\u0131rlar. \ufffcTan\u0131t\u0131m Metni<\/p>\n","protected":false},"excerpt":{"rendered":"<p>EAO Haber\u2019in y\u0131ld\u0131z muhabiri Wiglaf, m\u00fcd\u00fcrle ilgili bir haber yazmak i\u00e7in en iyi yolun bir g\u00fcn boyunca onu izlemek oldu\u011funa karar verir. Ama Angus ile birlikte<span class=\"excerpt-hellip\"> [\u2026]<\/span><\/p>\n","protected":false},"featured_media":0,"template":"","meta":{"_monsterinsights_skip_tracking":false,"_monsterinsights_sitenote_active":false,"_monsterinsights_sitenote_note":"","_monsterinsights_sitenote_category":0},"product_brand":[],"product_cat":[12274,12284],"product_tag":[],"class_list":{"0":"post-714032","1":"product","2":"type-product","3":"status-publish","5":"product_cat-cocuk-ve-genclik-kitaplari","6":"product_cat-hikayeler","7":"pa_cilt-ciltsiz","8":"pa_tur-kitap","9":"pa_yayinevi-beyaz-balina-yayinlari","10":"pa_yazar-kate-mcmullan","12":"first","13":"instock","14":"sale","15":"shipping-taxable","16":"purchasable","17":"product-type-simple"},"_links":{"self":[{"href":"https:\/\/roveyayinevi.com.tr\/index.php\/wp-json\/wp\/v2\/product\/714032","targetHints":{"allow":["GET"]}}],"collection":[{"href":"https:\/\/roveyayinevi.com.tr\/index.php\/wp-json\/wp\/v2\/product"}],"about":[{"href":"https:\/\/roveyayinevi.com.tr\/index.php\/wp-json\/wp\/v2\/types\/product"}],"wp:attachment":[{"href":"https:\/\/roveyayinevi.com.tr\/index.php\/wp-json\/wp\/v2\/media?parent=714032"}],"wp:term":[{"taxonomy":"product_brand","embeddable":true,"href":"https:\/\/roveyayinevi.com.tr\/index.php\/wp-json\/wp\/v2\/product_brand?post=714032"},{"taxonomy":"product_cat","embeddable":true,"href":"https:\/\/roveyayinevi.com.tr\/index.php\/wp-json\/wp\/v2\/product_cat?post=714032"},{"taxonomy":"product_tag","embeddable":true,"href":"https:\/\/roveyayinevi.com.tr\/index.php\/wp-json\/wp\/v2\/product_tag?post=714032"}],"curies":[{"name":"wp","href":"https:\/\/api.w.org\/{rel}","templated":true}]}}