{"id":714029,"date":"2025-08-27T17:14:11","date_gmt":"2025-08-27T14:14:11","guid":{"rendered":"https:\/\/roveyayinevi.com.tr\/index.php\/urun\/afacan-dennisin-gunlugu-3\/"},"modified":"2026-04-16T02:22:25","modified_gmt":"2026-04-15T23:22:25","slug":"afacan-dennisin-gunlugu-3","status":"publish","type":"product","link":"https:\/\/roveyayinevi.com.tr\/index.php\/urun\/afacan-dennisin-gunlugu-3\/","title":{"rendered":"Afacan Dennis\u2019in G\u00fcnl\u00fc\u011f\u00fc 3"},"content":{"rendered":"<p>Beanotown\u2019\u0131n lunapark\u0131 Beanoland\u2019de heyecan dorukta!Parka yepyeni bir h\u0131z treni geliyor!Ve benim bu trene binen ilk ki\u015fi olmam \u015fart!Ama bunun i\u00e7in \u00f6nce, okulda d\u00fczenlenen kitap inceleme yar\u0131\u015fmas\u0131n\u0131 kazanmam gerek.Yar\u0131\u015fmay\u0131 kazanmak i\u00e7in ne yapsam acaba\u2026Dennis\u2019in g\u00fcnl\u00fc\u011f\u00fcne e\u015flik eden, birbirinden komik \u00e7izimlerle \u00e7ok e\u011fleneceksiniz! <\/p>\n","protected":false},"excerpt":{"rendered":"<p>Beanotown\u2019\u0131n lunapark\u0131 Beanoland\u2019de heyecan dorukta!Parka yepyeni bir h\u0131z treni geliyor!Ve benim bu trene binen ilk ki\u015fi olmam \u015fart!Ama bunun i\u00e7in \u00f6nce, okulda d\u00fczenlenen kitap inceleme yar\u0131\u015fmas\u0131n\u0131<span class=\"excerpt-hellip\"> [\u2026]<\/span><\/p>\n","protected":false},"featured_media":0,"template":"","meta":{"_monsterinsights_skip_tracking":false,"_monsterinsights_sitenote_active":false,"_monsterinsights_sitenote_note":"","_monsterinsights_sitenote_category":0},"product_brand":[],"product_cat":[12274,12284],"product_tag":[],"class_list":{"0":"post-714029","1":"product","2":"type-product","3":"status-publish","5":"product_cat-cocuk-ve-genclik-kitaplari","6":"product_cat-hikayeler","7":"pa_cilt-ciltli","8":"pa_tur-kitap","9":"pa_yayinevi-beyaz-balina-yayinlari","10":"pa_yazar-steven-butler-steve-may","12":"first","13":"instock","14":"sale","15":"shipping-taxable","16":"purchasable","17":"product-type-simple"},"_links":{"self":[{"href":"https:\/\/roveyayinevi.com.tr\/index.php\/wp-json\/wp\/v2\/product\/714029","targetHints":{"allow":["GET"]}}],"collection":[{"href":"https:\/\/roveyayinevi.com.tr\/index.php\/wp-json\/wp\/v2\/product"}],"about":[{"href":"https:\/\/roveyayinevi.com.tr\/index.php\/wp-json\/wp\/v2\/types\/product"}],"wp:attachment":[{"href":"https:\/\/roveyayinevi.com.tr\/index.php\/wp-json\/wp\/v2\/media?parent=714029"}],"wp:term":[{"taxonomy":"product_brand","embeddable":true,"href":"https:\/\/roveyayinevi.com.tr\/index.php\/wp-json\/wp\/v2\/product_brand?post=714029"},{"taxonomy":"product_cat","embeddable":true,"href":"https:\/\/roveyayinevi.com.tr\/index.php\/wp-json\/wp\/v2\/product_cat?post=714029"},{"taxonomy":"product_tag","embeddable":true,"href":"https:\/\/roveyayinevi.com.tr\/index.php\/wp-json\/wp\/v2\/product_tag?post=714029"}],"curies":[{"name":"wp","href":"https:\/\/api.w.org\/{rel}","templated":true}]}}