{"id":714027,"date":"2025-08-27T17:14:10","date_gmt":"2025-08-27T14:14:10","guid":{"rendered":"https:\/\/roveyayinevi.com.tr\/index.php\/urun\/afacan-dennisin-gunlugu-2\/"},"modified":"2026-04-16T02:22:25","modified_gmt":"2026-04-15T23:22:25","slug":"afacan-dennisin-gunlugu-2","status":"publish","type":"product","link":"https:\/\/roveyayinevi.com.tr\/index.php\/urun\/afacan-dennisin-gunlugu-2\/","title":{"rendered":"Afacan Dennis&#8217;in G\u00fcnl\u00fc\u011f\u00fc 2"},"content":{"rendered":"<p>\u00c7ok k\u00f6t\u00fc haberler ald\u0131m, \u00e7ok!S\u0131k\u0131c\u0131 belediye ba\u015fkan\u0131m\u0131z Beanotown\u2019u bir \u00c7i\u00e7ek yar\u0131\u015fmas\u0131na soktu.\u00c7i\u00e7eklere bay\u0131lan g\u0131c\u0131k yarat\u0131klar kimlerdir biliyor musunuz? Ana Kuzular\u0131!Ben ve Gnasher, Beanotown\u2019u onlar\u0131n i\u015fgalinden kurtaraca\u011f\u0131z.Afacanl\u0131k ustas\u0131 olarak plan yapmaya ba\u015flad\u0131m bile\u2026Dennis\u2019in g\u00fcnl\u00fc\u011f\u00fcne e\u015flik eden, birbirinden komik \u00e7izimlerle \u00e7ok e\u011fleneceksiniz! <\/p>\n","protected":false},"excerpt":{"rendered":"<p>\u00c7ok k\u00f6t\u00fc haberler ald\u0131m, \u00e7ok!S\u0131k\u0131c\u0131 belediye ba\u015fkan\u0131m\u0131z Beanotown\u2019u bir \u00c7i\u00e7ek yar\u0131\u015fmas\u0131na soktu.\u00c7i\u00e7eklere bay\u0131lan g\u0131c\u0131k yarat\u0131klar kimlerdir biliyor musunuz? Ana Kuzular\u0131!Ben ve Gnasher, Beanotown\u2019u onlar\u0131n i\u015fgalinden kurtaraca\u011f\u0131z.Afacanl\u0131k<span class=\"excerpt-hellip\"> [\u2026]<\/span><\/p>\n","protected":false},"featured_media":0,"template":"","meta":{"_monsterinsights_skip_tracking":false,"_monsterinsights_sitenote_active":false,"_monsterinsights_sitenote_note":"","_monsterinsights_sitenote_category":0},"product_brand":[],"product_cat":[12274,12284],"product_tag":[],"class_list":{"0":"post-714027","1":"product","2":"type-product","3":"status-publish","5":"product_cat-cocuk-ve-genclik-kitaplari","6":"product_cat-hikayeler","7":"pa_cilt-ciltli","8":"pa_tur-kitap","9":"pa_yayinevi-beyaz-balina-yayinlari","10":"pa_yazar-steven-butler-steve-may","12":"first","13":"instock","14":"sale","15":"shipping-taxable","16":"purchasable","17":"product-type-simple"},"_links":{"self":[{"href":"https:\/\/roveyayinevi.com.tr\/index.php\/wp-json\/wp\/v2\/product\/714027","targetHints":{"allow":["GET"]}}],"collection":[{"href":"https:\/\/roveyayinevi.com.tr\/index.php\/wp-json\/wp\/v2\/product"}],"about":[{"href":"https:\/\/roveyayinevi.com.tr\/index.php\/wp-json\/wp\/v2\/types\/product"}],"wp:attachment":[{"href":"https:\/\/roveyayinevi.com.tr\/index.php\/wp-json\/wp\/v2\/media?parent=714027"}],"wp:term":[{"taxonomy":"product_brand","embeddable":true,"href":"https:\/\/roveyayinevi.com.tr\/index.php\/wp-json\/wp\/v2\/product_brand?post=714027"},{"taxonomy":"product_cat","embeddable":true,"href":"https:\/\/roveyayinevi.com.tr\/index.php\/wp-json\/wp\/v2\/product_cat?post=714027"},{"taxonomy":"product_tag","embeddable":true,"href":"https:\/\/roveyayinevi.com.tr\/index.php\/wp-json\/wp\/v2\/product_tag?post=714027"}],"curies":[{"name":"wp","href":"https:\/\/api.w.org\/{rel}","templated":true}]}}