{"id":714023,"date":"2025-08-27T17:14:08","date_gmt":"2025-08-27T14:14:08","guid":{"rendered":"https:\/\/roveyayinevi.com.tr\/index.php\/urun\/annem-neden-hep-mutfakta\/"},"modified":"2026-04-16T02:22:25","modified_gmt":"2026-04-15T23:22:25","slug":"annem-neden-hep-mutfakta","status":"publish","type":"product","link":"https:\/\/roveyayinevi.com.tr\/index.php\/urun\/annem-neden-hep-mutfakta\/","title":{"rendered":"Annem Neden Hep Mutfakta?"},"content":{"rendered":"<p>Pelin Ossmann, hep s\u0131cac\u0131k olan mutfa\u011f\u0131nda pi\u015firdiklerini sunmaya devam ediyor. Okurlar\u0131n\u0131 yine ne\u015feli sesi, duyarl\u0131 bak\u0131\u015f\u0131yla kar\u015f\u0131l\u0131yor, kalabal\u0131k masalar\u0131n verdi\u011fi tatl\u0131 sevin\u00e7le anlat\u0131yor da anlat\u0131yor.Anneler neden hep mutfakta yaln\u0131z? Oysa mutfaklar herkesin.\u00d6zg\u00fcr de merak eder, sahi kim koymu\u015ftur bu kural\u0131? Mutfak, annesinin ikinci b\u00fcrosu gibidir. Neden bir g\u00fcn olsun babas\u0131n\u0131 ya da ablas\u0131n\u0131 g\u00f6remez o mutfakta? Acaba her evde b\u00f6yle midir? Konuyu ara\u015ft\u0131rmaya karar verir. Bu s\u0131rada ellerine ve kalbine mutfaktaki renkler, leziz tatlar bula\u015f\u0131r. A\u015f\u00e7\u0131 olma fikri kar\u015f\u0131 konulamaz, taptaze bir ya\u015f pasta gibi hep akl\u0131ndad\u0131r art\u0131k. Ne var ki \u00f6nce babas\u0131n\u0131 ikna etmelidir.Tabak tabak dostluk sunan lokantalar, yanakta patlayan \u00f6p\u00fcc\u00fckler, g\u00f6kku\u015fa\u011f\u0131 p\u00fcreleri, \u015fifreli tarifler, uykucu a\u015f\u00e7\u0131lar, s\u00fcrpriz kediler\u2026 \u0130\u015fte kitab\u0131m\u0131z\u0131n e\u015fsiz men\u00fcs\u00fcnden se\u00e7meler! Haydi, so\u011futmadan ba\u015flayal\u0131m sevgili okur. Tema: Kendimizi ifade etme bi\u00e7imimizKavramlar ve Anahtar S\u00f6zc\u00fckler: Toplumsal cinsiyet, aile, \u00f6nyargi, kendini tanima, ileti\u015fim, ilgi alanlari, meslekler, hayvan sevgisiTutum ve De\u011ferler: \u0130stekli olma, ho\u015fg\u00f6r\u00fc, yarat\u0131c\u0131l\u0131k, sayg\u0131, sorumluluk, sevgi, dostluk, empatiProfil \u00d6\u011feleri: Ara\u015ft\u0131ran-sorgulayan, duyarl\u0131 <\/p>\n","protected":false},"excerpt":{"rendered":"<p>Pelin Ossmann, hep s\u0131cac\u0131k olan mutfa\u011f\u0131nda pi\u015firdiklerini sunmaya devam ediyor. Okurlar\u0131n\u0131 yine ne\u015feli sesi, duyarl\u0131 bak\u0131\u015f\u0131yla kar\u015f\u0131l\u0131yor, kalabal\u0131k masalar\u0131n verdi\u011fi tatl\u0131 sevin\u00e7le anlat\u0131yor da anlat\u0131yor.Anneler neden<span class=\"excerpt-hellip\"> [\u2026]<\/span><\/p>\n","protected":false},"featured_media":0,"template":"","meta":{"_monsterinsights_skip_tracking":false,"_monsterinsights_sitenote_active":false,"_monsterinsights_sitenote_note":"","_monsterinsights_sitenote_category":0},"product_brand":[],"product_cat":[12274,12284],"product_tag":[],"class_list":{"0":"post-714023","1":"product","2":"type-product","3":"status-publish","5":"product_cat-cocuk-ve-genclik-kitaplari","6":"product_cat-hikayeler","7":"pa_cilt-ciltsiz","8":"pa_tur-kitap","9":"pa_yayinevi-elma-cocuk","10":"pa_yazar-pelin-ossmann","12":"first","13":"instock","14":"sale","15":"shipping-taxable","16":"purchasable","17":"product-type-simple"},"_links":{"self":[{"href":"https:\/\/roveyayinevi.com.tr\/index.php\/wp-json\/wp\/v2\/product\/714023","targetHints":{"allow":["GET"]}}],"collection":[{"href":"https:\/\/roveyayinevi.com.tr\/index.php\/wp-json\/wp\/v2\/product"}],"about":[{"href":"https:\/\/roveyayinevi.com.tr\/index.php\/wp-json\/wp\/v2\/types\/product"}],"wp:attachment":[{"href":"https:\/\/roveyayinevi.com.tr\/index.php\/wp-json\/wp\/v2\/media?parent=714023"}],"wp:term":[{"taxonomy":"product_brand","embeddable":true,"href":"https:\/\/roveyayinevi.com.tr\/index.php\/wp-json\/wp\/v2\/product_brand?post=714023"},{"taxonomy":"product_cat","embeddable":true,"href":"https:\/\/roveyayinevi.com.tr\/index.php\/wp-json\/wp\/v2\/product_cat?post=714023"},{"taxonomy":"product_tag","embeddable":true,"href":"https:\/\/roveyayinevi.com.tr\/index.php\/wp-json\/wp\/v2\/product_tag?post=714023"}],"curies":[{"name":"wp","href":"https:\/\/api.w.org\/{rel}","templated":true}]}}