{"id":714021,"date":"2025-08-27T17:14:06","date_gmt":"2025-08-27T14:14:06","guid":{"rendered":"https:\/\/roveyayinevi.com.tr\/index.php\/urun\/anne-baba-lutfen-beni-anla\/"},"modified":"2026-04-16T02:22:25","modified_gmt":"2026-04-15T23:22:25","slug":"anne-baba-lutfen-beni-anla","status":"publish","type":"product","link":"https:\/\/roveyayinevi.com.tr\/index.php\/urun\/anne-baba-lutfen-beni-anla\/","title":{"rendered":"Anne Baba L\u00fctfen Beni Anla"},"content":{"rendered":"<p>Uyumay\u0131, banyo yapmay\u0131, di\u015flerini f\u0131r\u00e7alamay\u0131 reddeden, araba koltu\u011funa oturmak istemeyen, markette, toplu ta\u015f\u0131mada \u00e7\u0131\u011fl\u0131klar atan, karde\u015fiyle anla\u015famayan, sebze yemeyi reddeden \u00e7ocuklar\u0131\u2026 \u0130ki, \u00fc\u00e7, d\u00f6rt, be\u015f, alt\u0131 ya\u015f derken asla bitmek bilmeyen sendromlar\u0131 unutun!\u00c7ocuklar\u0131n\u0131z\u0131 yeti\u015ftirirken nefes almay\u0131 ba\u015farabilece\u011finiz, yorulmadan, ba\u011f\u0131rmadan ve \u00e7\u0131kmaza girmeden onlarla i\u015fbirli\u011fi i\u00e7inde olabilece\u011finiz bir alan var: \u00c7ocuklar\u0131n\u0131z\u0131n duygular\u0131n\u0131 anlamak ve onlar\u0131n da sizi anlamas\u0131n\u0131 sa\u011flamak. Alanlar\u0131n\u0131n en iyilerinden olan ebeveyn ko\u00e7lar\u0131 Joanna Faber ve Julie King, bu kitapta sizlere \u00e7ocuklu hayat\u0131n en b\u00fcy\u00fck problemlerinin \u00fcstesinden gelebilmek i\u00e7in birbirinden pratik y\u00f6ntemlerle dolu bir acil durum \u00e7antas\u0131 sunuyor. Anne Baba L\u00fctfen Beni Anla, anlayarak, anla\u015farak, kavgas\u0131z, g\u00fcr\u00fclt\u00fcs\u00fcz \u00e7ocuk yeti\u015ftirmek isteyen herkes i\u00e7in bir ba\u015f ucu kitab\u0131.\u201cBu harika kitap \u00e7ocuklar\u0131n i\u00e7 d\u00fcnyas\u0131na a\u00e7\u0131lan e\u015fsiz bir kap\u0131. Birbirinden faydal\u0131 \u00f6neriler ve e\u011flenceli \u00e7izimleri sayesinde \u00e7ocuklar\u0131m\u0131z\u0131n geli\u015fimsel s\u00fcre\u00e7leri boyunca onlara yol g\u00f6sterebilmemizi kolayla\u015ft\u0131r\u0131yor. Anlayarak ve anla\u015farak b\u00fcy\u00fcm\u00fc\u015f, kendinden emin, g\u00fc\u00e7l\u00fc ve nazik bir nesil yeti\u015ftirmek isteyen herkes bu kitab\u0131 okumal\u0131.\u201d &#8211; Daniel J. Siegel \u2013 B\u00fct\u00fcn Beyinli \u00c7ocuk kitab\u0131n\u0131n yazar\u0131 <\/p>\n","protected":false},"excerpt":{"rendered":"<p>Uyumay\u0131, banyo yapmay\u0131, di\u015flerini f\u0131r\u00e7alamay\u0131 reddeden, araba koltu\u011funa oturmak istemeyen, markette, toplu ta\u015f\u0131mada \u00e7\u0131\u011fl\u0131klar atan, karde\u015fiyle anla\u015famayan, sebze yemeyi reddeden \u00e7ocuklar\u0131\u2026 \u0130ki, \u00fc\u00e7, d\u00f6rt, be\u015f, alt\u0131<span class=\"excerpt-hellip\"> [\u2026]<\/span><\/p>\n","protected":false},"featured_media":0,"template":"","meta":{"_monsterinsights_skip_tracking":false,"_monsterinsights_sitenote_active":false,"_monsterinsights_sitenote_note":"","_monsterinsights_sitenote_category":0},"product_brand":[],"product_cat":[12567,12566],"product_tag":[],"class_list":{"0":"post-714021","1":"product","2":"type-product","3":"status-publish","5":"product_cat-diger-egitim","6":"product_cat-egitim","7":"pa_cilt-ciltsiz","8":"pa_tur-kitap","9":"pa_yayinevi-beyaz-balina-yayinlari","10":"pa_yazar-julie-king-joanna-faber","12":"first","13":"instock","14":"sale","15":"shipping-taxable","16":"purchasable","17":"product-type-simple"},"_links":{"self":[{"href":"https:\/\/roveyayinevi.com.tr\/index.php\/wp-json\/wp\/v2\/product\/714021","targetHints":{"allow":["GET"]}}],"collection":[{"href":"https:\/\/roveyayinevi.com.tr\/index.php\/wp-json\/wp\/v2\/product"}],"about":[{"href":"https:\/\/roveyayinevi.com.tr\/index.php\/wp-json\/wp\/v2\/types\/product"}],"wp:attachment":[{"href":"https:\/\/roveyayinevi.com.tr\/index.php\/wp-json\/wp\/v2\/media?parent=714021"}],"wp:term":[{"taxonomy":"product_brand","embeddable":true,"href":"https:\/\/roveyayinevi.com.tr\/index.php\/wp-json\/wp\/v2\/product_brand?post=714021"},{"taxonomy":"product_cat","embeddable":true,"href":"https:\/\/roveyayinevi.com.tr\/index.php\/wp-json\/wp\/v2\/product_cat?post=714021"},{"taxonomy":"product_tag","embeddable":true,"href":"https:\/\/roveyayinevi.com.tr\/index.php\/wp-json\/wp\/v2\/product_tag?post=714021"}],"curies":[{"name":"wp","href":"https:\/\/api.w.org\/{rel}","templated":true}]}}