{"id":714020,"date":"2025-08-27T17:14:06","date_gmt":"2025-08-27T14:14:06","guid":{"rendered":"https:\/\/roveyayinevi.com.tr\/index.php\/urun\/benim-adim-aguero\/"},"modified":"2026-04-16T02:22:25","modified_gmt":"2026-04-15T23:22:25","slug":"benim-adim-aguero","status":"publish","type":"product","link":"https:\/\/roveyayinevi.com.tr\/index.php\/urun\/benim-adim-aguero\/","title":{"rendered":"Benim Ad\u0131m Ag\u00fcero"},"content":{"rendered":"<p>K\u00fc\u00e7\u00fck d\u00e2hiden g\u00f6zde forvete: Sergio Ag\u00fceroArjantinli yoksul bir ailenin \u00e7ocu\u011fu olarak d\u00fcnyaya gelen Sergio Ag\u00fcero, bug\u00fcn yaln\u0131zca Manchester City tak\u0131m\u0131n\u0131n de\u011fil, d\u00fcnyan\u0131n en \u00f6nemli forvetlerinden biri.Bu kitapta 15 ya\u015f\u0131nda Arjantin birinci liginde oynamaya ba\u015flayan Ag\u00fcero\u2019nun ba\u015far\u0131 basamaklar\u0131n\u0131 nas\u0131l ad\u0131m ad\u0131m \u00e7\u0131kt\u0131\u011f\u0131n\u0131 okuyacaks\u0131n\u0131z. <\/p>\n","protected":false},"excerpt":{"rendered":"<p>K\u00fc\u00e7\u00fck d\u00e2hiden g\u00f6zde forvete: Sergio Ag\u00fceroArjantinli yoksul bir ailenin \u00e7ocu\u011fu olarak d\u00fcnyaya gelen Sergio Ag\u00fcero, bug\u00fcn yaln\u0131zca Manchester City tak\u0131m\u0131n\u0131n de\u011fil, d\u00fcnyan\u0131n en \u00f6nemli forvetlerinden biri.Bu<span class=\"excerpt-hellip\"> [\u2026]<\/span><\/p>\n","protected":false},"featured_media":0,"template":"","meta":{"_monsterinsights_skip_tracking":false,"_monsterinsights_sitenote_active":false,"_monsterinsights_sitenote_note":"","_monsterinsights_sitenote_category":0},"product_brand":[],"product_cat":[15563,15564],"product_tag":[],"class_list":{"0":"post-714020","1":"product","2":"type-product","3":"status-publish","5":"product_cat-hobi","6":"product_cat-spor","7":"pa_cilt-ciltsiz","8":"pa_tur-kitap","9":"pa_yayinevi-beyaz-balina-yayinlari","10":"pa_yazar-matt-oldfield-tom-oldfield","12":"first","13":"instock","14":"sale","15":"shipping-taxable","16":"purchasable","17":"product-type-simple"},"_links":{"self":[{"href":"https:\/\/roveyayinevi.com.tr\/index.php\/wp-json\/wp\/v2\/product\/714020","targetHints":{"allow":["GET"]}}],"collection":[{"href":"https:\/\/roveyayinevi.com.tr\/index.php\/wp-json\/wp\/v2\/product"}],"about":[{"href":"https:\/\/roveyayinevi.com.tr\/index.php\/wp-json\/wp\/v2\/types\/product"}],"wp:attachment":[{"href":"https:\/\/roveyayinevi.com.tr\/index.php\/wp-json\/wp\/v2\/media?parent=714020"}],"wp:term":[{"taxonomy":"product_brand","embeddable":true,"href":"https:\/\/roveyayinevi.com.tr\/index.php\/wp-json\/wp\/v2\/product_brand?post=714020"},{"taxonomy":"product_cat","embeddable":true,"href":"https:\/\/roveyayinevi.com.tr\/index.php\/wp-json\/wp\/v2\/product_cat?post=714020"},{"taxonomy":"product_tag","embeddable":true,"href":"https:\/\/roveyayinevi.com.tr\/index.php\/wp-json\/wp\/v2\/product_tag?post=714020"}],"curies":[{"name":"wp","href":"https:\/\/api.w.org\/{rel}","templated":true}]}}