{"id":714018,"date":"2025-08-27T17:14:05","date_gmt":"2025-08-27T14:14:05","guid":{"rendered":"https:\/\/roveyayinevi.com.tr\/index.php\/urun\/beyaz-dis-ciltli-klasikleri-okuyorum\/"},"modified":"2026-04-16T02:22:25","modified_gmt":"2026-04-15T23:22:25","slug":"beyaz-dis-ciltli-klasikleri-okuyorum","status":"publish","type":"product","link":"https:\/\/roveyayinevi.com.tr\/index.php\/urun\/beyaz-dis-ciltli-klasikleri-okuyorum\/","title":{"rendered":"Beyaz Di\u015f (Ciltli) &#8211; Klasikleri Okuyorum"},"content":{"rendered":"<p>Ku\u015faklard\u0131r okunan klasik eserler, k\u0131salt\u0131larak gen\u00e7 okurlar i\u00e7in \u00f6zenle yeniden kaleme al\u0131nd\u0131.Yar\u0131 k\u00f6pek yar\u0131 kurt olan Beyaz Di\u015f daha minik bir yavruyken tan\u0131\u015f\u0131r yaban hayat\u0131yla. Yaban\u0131n kural\u0131 basittir: Avla ya da avlan. Sonra insanla tan\u0131\u015f\u0131r. Onu efendisi bilir. Sevgiden yoksun bir \u015fekilde b\u00fcy\u00fcy\u00fcp g\u00fcnden g\u00fcne h\u0131r\u00e7\u0131nla\u015f\u0131p yaln\u0131zla\u015f\u0131r. Zorluklarla ge\u00e7en y\u0131llar\u0131n ard\u0131ndan hi\u00e7 tatmad\u0131\u011f\u0131 dostlu\u011fu ve sevgiyi yine bir insanda bulur. Acaba Beyaz Di\u015f y\u0131llar sonra ilk kez tatt\u0131\u011f\u0131 bu dostluk ve sevgi i\u00e7in vah\u015fi tabiat\u0131na s\u0131rt \u00e7evirebilecek midir? <\/p>\n","protected":false},"excerpt":{"rendered":"<p>Ku\u015faklard\u0131r okunan klasik eserler, k\u0131salt\u0131larak gen\u00e7 okurlar i\u00e7in \u00f6zenle yeniden kaleme al\u0131nd\u0131.Yar\u0131 k\u00f6pek yar\u0131 kurt olan Beyaz Di\u015f daha minik bir yavruyken tan\u0131\u015f\u0131r yaban hayat\u0131yla. Yaban\u0131n<span class=\"excerpt-hellip\"> [\u2026]<\/span><\/p>\n","protected":false},"featured_media":0,"template":"","meta":{"_monsterinsights_skip_tracking":false,"_monsterinsights_sitenote_active":false,"_monsterinsights_sitenote_note":"","_monsterinsights_sitenote_category":0},"product_brand":[],"product_cat":[13835],"product_tag":[],"class_list":{"0":"post-714018","1":"product","2":"type-product","3":"status-publish","5":"product_cat-cok-satanlar","6":"pa_cilt-ciltli","7":"pa_tur-kitap","8":"pa_yayinevi-beyaz-balina-yayinlari","9":"pa_yazar-jack-london","11":"first","12":"instock","13":"sale","14":"shipping-taxable","15":"purchasable","16":"product-type-simple"},"_links":{"self":[{"href":"https:\/\/roveyayinevi.com.tr\/index.php\/wp-json\/wp\/v2\/product\/714018","targetHints":{"allow":["GET"]}}],"collection":[{"href":"https:\/\/roveyayinevi.com.tr\/index.php\/wp-json\/wp\/v2\/product"}],"about":[{"href":"https:\/\/roveyayinevi.com.tr\/index.php\/wp-json\/wp\/v2\/types\/product"}],"wp:attachment":[{"href":"https:\/\/roveyayinevi.com.tr\/index.php\/wp-json\/wp\/v2\/media?parent=714018"}],"wp:term":[{"taxonomy":"product_brand","embeddable":true,"href":"https:\/\/roveyayinevi.com.tr\/index.php\/wp-json\/wp\/v2\/product_brand?post=714018"},{"taxonomy":"product_cat","embeddable":true,"href":"https:\/\/roveyayinevi.com.tr\/index.php\/wp-json\/wp\/v2\/product_cat?post=714018"},{"taxonomy":"product_tag","embeddable":true,"href":"https:\/\/roveyayinevi.com.tr\/index.php\/wp-json\/wp\/v2\/product_tag?post=714018"}],"curies":[{"name":"wp","href":"https:\/\/api.w.org\/{rel}","templated":true}]}}