{"id":714017,"date":"2025-08-27T17:14:04","date_gmt":"2025-08-27T14:14:04","guid":{"rendered":"https:\/\/roveyayinevi.com.tr\/index.php\/urun\/deniz-kizi-maceralari-1-neptun-akademisinde-ders-basliyor\/"},"modified":"2026-04-16T02:22:25","modified_gmt":"2026-04-15T23:22:25","slug":"deniz-kizi-maceralari-1-neptun-akademisinde-ders-basliyor","status":"publish","type":"product","link":"https:\/\/roveyayinevi.com.tr\/index.php\/urun\/deniz-kizi-maceralari-1-neptun-akademisinde-ders-basliyor\/","title":{"rendered":"Deniz K\u0131z\u0131 Maceralar\u0131 1 &#8211; Nept\u00fcn Akademisi\u2019nde Ders Ba\u015fl\u0131yor"},"content":{"rendered":"<p>Denizin alt\u0131nda p\u0131r\u0131l p\u0131r\u0131l par\u0131ldayan maceralar!Sedef\u2019in Nept\u00fcn Akademisi\u2019ndeki ilk g\u00fcn\u00fcyd\u00fc ve \u00f6yle gergindi ki ba\u015f\u0131ndan kuyru\u011funa kadar titriyordu. Neyse ki yan\u0131nda en yak\u0131n arkada\u015f\u0131 Ada vard\u0131. Sedef ve Ada, \u00f6\u011flen yeme\u011fi s\u0131ras\u0131nda, as\u0131k suratl\u0131 Bay Bulut\u2019u  g\u00fcld\u00fcrebilmek i\u00e7in komiklikler yapt\u0131lar.Okuldan sonra da okul tak\u0131mlar\u0131n\u0131n se\u00e7melerine girmeye karar verdiler. Fakat ayn\u0131 s\u0131n\u0131ftaki kendini be\u011fenmi\u015f \u0130nci, iki arkada\u015f\u0131n aras\u0131na girdi ve  onlar\u0131n tart\u0131\u015f\u0131p birbirlerine k\u00fcsmelerine neden oldu. Sedef, bir daha Ada ile arkada\u015f olup olamayacaklar\u0131n\u0131 merak ediyordu\u2026 <\/p>\n","protected":false},"excerpt":{"rendered":"<p>Denizin alt\u0131nda p\u0131r\u0131l p\u0131r\u0131l par\u0131ldayan maceralar!Sedef\u2019in Nept\u00fcn Akademisi\u2019ndeki ilk g\u00fcn\u00fcyd\u00fc ve \u00f6yle gergindi ki ba\u015f\u0131ndan kuyru\u011funa kadar titriyordu. Neyse ki yan\u0131nda en yak\u0131n arkada\u015f\u0131 Ada vard\u0131.<span class=\"excerpt-hellip\"> [\u2026]<\/span><\/p>\n","protected":false},"featured_media":0,"template":"","meta":{"_monsterinsights_skip_tracking":false,"_monsterinsights_sitenote_active":false,"_monsterinsights_sitenote_note":"","_monsterinsights_sitenote_category":0},"product_brand":[],"product_cat":[12274,12284],"product_tag":[],"class_list":{"0":"post-714017","1":"product","2":"type-product","3":"status-publish","5":"product_cat-cocuk-ve-genclik-kitaplari","6":"product_cat-hikayeler","7":"pa_cilt-ciltsiz","8":"pa_tur-kitap","9":"pa_yayinevi-beyaz-balina-yayinlari","10":"pa_yazar-debbie-dadey","12":"first","13":"instock","14":"sale","15":"shipping-taxable","16":"purchasable","17":"product-type-simple"},"_links":{"self":[{"href":"https:\/\/roveyayinevi.com.tr\/index.php\/wp-json\/wp\/v2\/product\/714017","targetHints":{"allow":["GET"]}}],"collection":[{"href":"https:\/\/roveyayinevi.com.tr\/index.php\/wp-json\/wp\/v2\/product"}],"about":[{"href":"https:\/\/roveyayinevi.com.tr\/index.php\/wp-json\/wp\/v2\/types\/product"}],"wp:attachment":[{"href":"https:\/\/roveyayinevi.com.tr\/index.php\/wp-json\/wp\/v2\/media?parent=714017"}],"wp:term":[{"taxonomy":"product_brand","embeddable":true,"href":"https:\/\/roveyayinevi.com.tr\/index.php\/wp-json\/wp\/v2\/product_brand?post=714017"},{"taxonomy":"product_cat","embeddable":true,"href":"https:\/\/roveyayinevi.com.tr\/index.php\/wp-json\/wp\/v2\/product_cat?post=714017"},{"taxonomy":"product_tag","embeddable":true,"href":"https:\/\/roveyayinevi.com.tr\/index.php\/wp-json\/wp\/v2\/product_tag?post=714017"}],"curies":[{"name":"wp","href":"https:\/\/api.w.org\/{rel}","templated":true}]}}