{"id":714016,"date":"2025-08-27T17:14:04","date_gmt":"2025-08-27T14:14:04","guid":{"rendered":"https:\/\/roveyayinevi.com.tr\/index.php\/urun\/biz-kus-kalamayiz-deniz-kizi-maceralari-2-kitap\/"},"modified":"2026-04-03T02:28:13","modified_gmt":"2026-04-02T23:28:13","slug":"biz-kus-kalamayiz-deniz-kizi-maceralari-2-kitap","status":"publish","type":"product","link":"https:\/\/roveyayinevi.com.tr\/index.php\/urun\/biz-kus-kalamayiz-deniz-kizi-maceralari-2-kitap\/","title":{"rendered":"Biz K\u00fcs Kalamay\u0131z! &#8211; Deniz K\u0131z\u0131 Maceralar\u0131 2.Kitap"},"content":{"rendered":"<p>Denizin alt\u0131nda p\u0131r\u0131l p\u0131r\u0131l par\u0131ldayan maceralar!Ada en sevdi\u011fi m\u00fczik grubu Vatozlar\u2019\u0131 g\u00f6rece\u011fi i\u00e7in \u00e7ok heyecanl\u0131yd\u0131. Vatozlar, s\u0131n\u0131f arkada\u015f\u0131 \u0130nci\u2019nin do\u011fum g\u00fcn\u00fc partisinde \u015fark\u0131 s\u00f6yleyeceklerdi ve Nept\u00fcn Akademisi\u2019ndeki herkes partiye davetliydi. Ada\u2019n\u0131n en yak\u0131n arkada\u015f\u0131 Sedef d\u0131\u015f\u0131nda. Ada, Vatozlar grubunu g\u00f6rmeyi \u00e7ok istiyordu ama arkada\u015f\u0131 olmadan nas\u0131l gidebilirdi ki?Acaba \u0130nci\u2019yi, Sedef\u2019i \u00e7a\u011f\u0131rmas\u0131 konusunda ikna edebilir miydi? Ya da bir plan yaparak Sedef\u2019in partiye kat\u0131lmas\u0131n\u0131 sa\u011flayabilirdi\u2026 <\/p>\n","protected":false},"excerpt":{"rendered":"<p>Denizin alt\u0131nda p\u0131r\u0131l p\u0131r\u0131l par\u0131ldayan maceralar!Ada en sevdi\u011fi m\u00fczik grubu Vatozlar\u2019\u0131 g\u00f6rece\u011fi i\u00e7in \u00e7ok heyecanl\u0131yd\u0131. Vatozlar, s\u0131n\u0131f arkada\u015f\u0131 \u0130nci\u2019nin do\u011fum g\u00fcn\u00fc partisinde \u015fark\u0131 s\u00f6yleyeceklerdi ve Nept\u00fcn<span class=\"excerpt-hellip\"> [\u2026]<\/span><\/p>\n","protected":false},"featured_media":0,"template":"","meta":{"_monsterinsights_skip_tracking":false,"_monsterinsights_sitenote_active":false,"_monsterinsights_sitenote_note":"","_monsterinsights_sitenote_category":0},"product_brand":[],"product_cat":[12274,12284],"product_tag":[],"class_list":{"0":"post-714016","1":"product","2":"type-product","3":"status-publish","5":"product_cat-cocuk-ve-genclik-kitaplari","6":"product_cat-hikayeler","7":"pa_cilt-ciltsiz","8":"pa_tur-kitap","9":"pa_yayinevi-beyaz-balina-yayinlari","10":"pa_yazar-debbie-dadey","12":"first","13":"instock","14":"sale","15":"shipping-taxable","16":"purchasable","17":"product-type-simple"},"_links":{"self":[{"href":"https:\/\/roveyayinevi.com.tr\/index.php\/wp-json\/wp\/v2\/product\/714016","targetHints":{"allow":["GET"]}}],"collection":[{"href":"https:\/\/roveyayinevi.com.tr\/index.php\/wp-json\/wp\/v2\/product"}],"about":[{"href":"https:\/\/roveyayinevi.com.tr\/index.php\/wp-json\/wp\/v2\/types\/product"}],"wp:attachment":[{"href":"https:\/\/roveyayinevi.com.tr\/index.php\/wp-json\/wp\/v2\/media?parent=714016"}],"wp:term":[{"taxonomy":"product_brand","embeddable":true,"href":"https:\/\/roveyayinevi.com.tr\/index.php\/wp-json\/wp\/v2\/product_brand?post=714016"},{"taxonomy":"product_cat","embeddable":true,"href":"https:\/\/roveyayinevi.com.tr\/index.php\/wp-json\/wp\/v2\/product_cat?post=714016"},{"taxonomy":"product_tag","embeddable":true,"href":"https:\/\/roveyayinevi.com.tr\/index.php\/wp-json\/wp\/v2\/product_tag?post=714016"}],"curies":[{"name":"wp","href":"https:\/\/api.w.org\/{rel}","templated":true}]}}