{"id":714015,"date":"2025-08-27T17:14:03","date_gmt":"2025-08-27T14:14:03","guid":{"rendered":"https:\/\/roveyayinevi.com.tr\/index.php\/urun\/yunan-mitolojisinde-dogu-bati-butunlesmesi\/"},"modified":"2026-04-16T02:22:25","modified_gmt":"2026-04-15T23:22:25","slug":"yunan-mitolojisinde-dogu-bati-butunlesmesi","status":"publish","type":"product","link":"https:\/\/roveyayinevi.com.tr\/index.php\/urun\/yunan-mitolojisinde-dogu-bati-butunlesmesi\/","title":{"rendered":"Yunan Mitolojisinde Do\u011fu-Bat\u0131 B\u00fct\u00fcnle\u015fmesi"},"content":{"rendered":"<p>Tanr\u0131lar\u0131n do\u011frudan do\u011fruya ve dolayl\u0131 bir \u015fekilde eylemlerini incelemekte olan Yunan Mitolojisinde Do\u011fu-Bat\u0131 B\u00fct\u00fcnle\u015fmesi adl\u0131 kitap, ayn\u0131 zamanda M\u0131s\u0131r, Mezopotamya, Suriye, K\u0131br\u0131s ve Anadolu antik k\u00fclt\u00fcrlerinin yunan\u00eele\u015ftirilerek Bat\u0131\u2019ya nas\u0131l aktar\u0131lm\u0131\u015f oldu\u011funu inceleme konusu yapmaktad\u0131r. Kitab\u0131m\u0131z, tanr\u0131 ve tanr\u0131\u00e7alar\u0131n belli ba\u015fl\u0131 eylemlerini ele alman\u0131n yan\u0131nda, tanr\u0131lar\u0131n, tanr\u0131\u00e7alar\u0131n, \u00f6zellikle de ana-tanr\u0131\u00e7alar\u0131n bir g\u00f6revi olarak, bereketlilik \u00fczerinde a\u011f\u0131rl\u0131kl\u0131 olarak durmakta; Yunan Mitolojisinde A\u015fk adl\u0131 kitab\u0131m\u0131zda ele al\u0131nan konulara tanr\u0131 ve tanr\u0131\u00e7alar a\u00e7\u0131s\u0131ndan a\u00e7\u0131kl\u0131k getirmek gibi bir g\u00f6revi de \u00fcstlenmi\u015f bulunmaktad\u0131r. \u00dcnl\u00fc mitolojik kahramanlar\u0131n eylemlerinin anlat\u0131ld\u0131\u011f\u0131 Yunan Mitolojisinde A\u015fk adl\u0131 kitap ile tanr\u0131sal varl\u0131klar\u0131n eylemlerinin anlat\u0131ld\u0131\u011f\u0131 Yunan Mitolojisinde Do\u011fu-Bat\u0131 B\u00fct\u00fcnle\u015fmesi adl\u0131 kitab\u0131m\u0131z, birbirini tamamlayan; antik d\u00fcnyada meydana gelmi\u015f olan k\u00fclt\u00fcrel al\u0131\u015f veri\u015fin bug\u00fcn\u00fcn Bat\u0131 D\u00fcnyas\u0131\u2019na nas\u0131l aktar\u0131lm\u0131\u015f oldu\u011funun bir sunumunu yapmakta, ele al\u0131nm\u0131\u015f olan mitolojik \u00f6yk\u00fclerin R\u00f6nesans\u2019tan bu yana bug\u00fcn\u00fcn bilimini, felsefesini, edebiyat\u0131n\u0131, m\u00fczi\u011fini, pl\u00e2stik sanatlar\u0131n\u0131, hatt\u00e2 sinema d\u00fcnyas\u0131n\u0131 nas\u0131l etkilemi\u015f oldu\u011funu a\u00e7\u0131k bir \u015fekilde g\u00f6stermeye \u00e7al\u0131\u015fmaktad\u0131r. Elinizdeki kitaplar, size Antik \u00c7a\u011f pl\u00e2stik sanat\u00e7\u0131 ve edebiyat\u00e7\u0131lar\u0131ndan Paul C\u00e9zanne\u2019a ve Salvador Dali\u2019ye; Sophokles, Shakespeare, Goethe ve Jean Cocteau\u2019ya var\u0131ncaya kadar \u00fcnl\u00fc ki\u015filerin mitolojik ki\u015filerden nas\u0131l etkilenmi\u015f olduklar\u0131n\u0131 g\u00f6zler \u00f6n\u00fcne sermekte; ilginizi \u00e7ekebilece\u011fi \u00fcmidi ile size kar\u015f\u0131la\u015ft\u0131rmal\u0131 bir k\u00fclt\u00fcr tarihi verisi sunmaktad\u0131r. <\/p>\n","protected":false},"excerpt":{"rendered":"<p>Tanr\u0131lar\u0131n do\u011frudan do\u011fruya ve dolayl\u0131 bir \u015fekilde eylemlerini incelemekte olan Yunan Mitolojisinde Do\u011fu-Bat\u0131 B\u00fct\u00fcnle\u015fmesi adl\u0131 kitap, ayn\u0131 zamanda M\u0131s\u0131r, Mezopotamya, Suriye, K\u0131br\u0131s ve Anadolu antik k\u00fclt\u00fcrlerinin<span class=\"excerpt-hellip\"> [\u2026]<\/span><\/p>\n","protected":false},"featured_media":0,"template":"","meta":{"_monsterinsights_skip_tracking":false,"_monsterinsights_sitenote_active":false,"_monsterinsights_sitenote_note":"","_monsterinsights_sitenote_category":0},"product_brand":[],"product_cat":[12718,12858],"product_tag":[],"class_list":{"0":"post-714015","1":"product","2":"type-product","3":"status-publish","5":"product_cat-din","6":"product_cat-mitolojiler","7":"pa_cilt-ciltli","8":"pa_tur-kitap","9":"pa_yayinevi-dogu-bati-yayinlari","10":"pa_yazar-turhan-yorukan","12":"first","13":"instock","14":"sale","15":"shipping-taxable","16":"purchasable","17":"product-type-simple"},"_links":{"self":[{"href":"https:\/\/roveyayinevi.com.tr\/index.php\/wp-json\/wp\/v2\/product\/714015","targetHints":{"allow":["GET"]}}],"collection":[{"href":"https:\/\/roveyayinevi.com.tr\/index.php\/wp-json\/wp\/v2\/product"}],"about":[{"href":"https:\/\/roveyayinevi.com.tr\/index.php\/wp-json\/wp\/v2\/types\/product"}],"wp:attachment":[{"href":"https:\/\/roveyayinevi.com.tr\/index.php\/wp-json\/wp\/v2\/media?parent=714015"}],"wp:term":[{"taxonomy":"product_brand","embeddable":true,"href":"https:\/\/roveyayinevi.com.tr\/index.php\/wp-json\/wp\/v2\/product_brand?post=714015"},{"taxonomy":"product_cat","embeddable":true,"href":"https:\/\/roveyayinevi.com.tr\/index.php\/wp-json\/wp\/v2\/product_cat?post=714015"},{"taxonomy":"product_tag","embeddable":true,"href":"https:\/\/roveyayinevi.com.tr\/index.php\/wp-json\/wp\/v2\/product_tag?post=714015"}],"curies":[{"name":"wp","href":"https:\/\/api.w.org\/{rel}","templated":true}]}}