{"id":714013,"date":"2025-08-27T17:14:02","date_gmt":"2025-08-27T14:14:02","guid":{"rendered":"https:\/\/roveyayinevi.com.tr\/index.php\/urun\/deniz-kizi-maceralari-3-balinalarla-yuzme-keyfi\/"},"modified":"2026-04-16T02:22:25","modified_gmt":"2026-04-15T23:22:25","slug":"deniz-kizi-maceralari-3-balinalarla-yuzme-keyfi","status":"publish","type":"product","link":"https:\/\/roveyayinevi.com.tr\/index.php\/urun\/deniz-kizi-maceralari-3-balinalarla-yuzme-keyfi\/","title":{"rendered":"Deniz K\u0131z\u0131 Maceralar\u0131 3 &#8211; Balinalarla Y\u00fczme Keyfi"},"content":{"rendered":"<p>Denizin alt\u0131nda p\u0131r\u0131l p\u0131r\u0131l par\u0131ldayan maceralar!Nept\u00fcn Akademisi\u2019nde \u00e7ok heyecanl\u0131 bir g\u00fcnd\u00fc. \u00d6\u011frenciler ilk kez, okyanusun y\u00fczeyine \u00e7\u0131kacak ve kambur balinalarla tan\u0131\u015facaklard\u0131.Fakat Duru hi\u00e7 mutlu de\u011fildi \u00e7\u00fcnk\u00fc balinalardan \u00e7ok korkuyordu.Balinalara yakla\u015f\u0131rlarsa onlar\u0131n, kendisini ve s\u0131n\u0131ftaki b\u00fct\u00fcn \u00f6\u011frencileri bir lokmada yutabilece\u011fini d\u00fc\u015f\u00fcn\u00fcyordu. Arkada\u015flar\u0131 Sedef ve Ada, Duru\u2019ya, bu korkuyu a\u015fmas\u0131  konusunda yard\u0131m edebilecekler mi?Kim bilir belki de Duru hi\u00e7 unutamayaca\u011f\u0131 bir g\u00fcn ge\u00e7irir? <\/p>\n","protected":false},"excerpt":{"rendered":"<p>Denizin alt\u0131nda p\u0131r\u0131l p\u0131r\u0131l par\u0131ldayan maceralar!Nept\u00fcn Akademisi\u2019nde \u00e7ok heyecanl\u0131 bir g\u00fcnd\u00fc. \u00d6\u011frenciler ilk kez, okyanusun y\u00fczeyine \u00e7\u0131kacak ve kambur balinalarla tan\u0131\u015facaklard\u0131.Fakat Duru hi\u00e7 mutlu de\u011fildi \u00e7\u00fcnk\u00fc<span class=\"excerpt-hellip\"> [\u2026]<\/span><\/p>\n","protected":false},"featured_media":0,"template":"","meta":{"_monsterinsights_skip_tracking":false,"_monsterinsights_sitenote_active":false,"_monsterinsights_sitenote_note":"","_monsterinsights_sitenote_category":0},"product_brand":[],"product_cat":[12274,12284],"product_tag":[],"class_list":{"0":"post-714013","1":"product","2":"type-product","3":"status-publish","5":"product_cat-cocuk-ve-genclik-kitaplari","6":"product_cat-hikayeler","7":"pa_cilt-ciltsiz","8":"pa_tur-kitap","9":"pa_yayinevi-beyaz-balina-yayinlari","10":"pa_yazar-debbie-dadey","12":"first","13":"instock","14":"sale","15":"shipping-taxable","16":"purchasable","17":"product-type-simple"},"_links":{"self":[{"href":"https:\/\/roveyayinevi.com.tr\/index.php\/wp-json\/wp\/v2\/product\/714013","targetHints":{"allow":["GET"]}}],"collection":[{"href":"https:\/\/roveyayinevi.com.tr\/index.php\/wp-json\/wp\/v2\/product"}],"about":[{"href":"https:\/\/roveyayinevi.com.tr\/index.php\/wp-json\/wp\/v2\/types\/product"}],"wp:attachment":[{"href":"https:\/\/roveyayinevi.com.tr\/index.php\/wp-json\/wp\/v2\/media?parent=714013"}],"wp:term":[{"taxonomy":"product_brand","embeddable":true,"href":"https:\/\/roveyayinevi.com.tr\/index.php\/wp-json\/wp\/v2\/product_brand?post=714013"},{"taxonomy":"product_cat","embeddable":true,"href":"https:\/\/roveyayinevi.com.tr\/index.php\/wp-json\/wp\/v2\/product_cat?post=714013"},{"taxonomy":"product_tag","embeddable":true,"href":"https:\/\/roveyayinevi.com.tr\/index.php\/wp-json\/wp\/v2\/product_tag?post=714013"}],"curies":[{"name":"wp","href":"https:\/\/api.w.org\/{rel}","templated":true}]}}