{"id":714012,"date":"2025-08-27T17:14:02","date_gmt":"2025-08-27T14:14:02","guid":{"rendered":"https:\/\/roveyayinevi.com.tr\/index.php\/urun\/usta-ve-cirak-sohbetleri\/"},"modified":"2026-04-16T02:22:25","modified_gmt":"2026-04-15T23:22:25","slug":"usta-ve-cirak-sohbetleri","status":"publish","type":"product","link":"https:\/\/roveyayinevi.com.tr\/index.php\/urun\/usta-ve-cirak-sohbetleri\/","title":{"rendered":"Usta ve \u00c7\u0131rak Sohbetleri"},"content":{"rendered":"<p>Parapsikoloji bilimle, g\u00f6relilikle ve kuantum fizi\u011fiyle \u00e7at\u0131\u015fmal\u0131 m\u0131d\u0131r? Durug\u00f6r\u00fc nedir? Zaman ve mek\u00e2nla ili\u015fkisi nas\u0131ld\u0131r? S\u0131radan insanlar gelece\u011fi g\u00f6rebilir mi? Zihin kontrol\u00fc m\u00fcmk\u00fcn m\u00fc? Bir ba\u015fkas\u0131n\u0131n zihnine uzaktan girilebilir mi? \u00d6l\u00fcm nedir? \u00d6l\u00fcmden sonra hayat var m\u0131? Medyumlar ger\u00e7ekten s\u0131radan duyularla bilinmeyecek \u015feyleri bilirler mi? Duyu d\u0131\u015f\u0131 alg\u0131lar yoluyla \u00f6lm\u00fc\u015f birisinin an\u0131lar\u0131na ula\u015f\u0131labilir mi? R\u00fcyalar\u0131m\u0131z bize ne gibi mesajlar verir? R\u00fcyalar\u0131m\u0131z\u0131 kontrol edebilir miyiz? Beynin bilin\u00e7, zihin, bellek, karar verme s\u00fcre\u00e7lerine kuantum biyolojinin etkisi var m\u0131d\u0131r? Tasavvuf ile kuantum fizi\u011finin s\u00f6ylemleri aras\u0131ndaki benzerlikler nelerdir? CIA ve MOSSAD gibi istihbarat \u00f6rg\u00fctleri zihin kontrol\u00fc y\u00f6ntemini kullan\u0131yor mu? Tarihte hangi \u00f6rnekler var? Mkultra ve Pandora zihin kontrol projeleri nedir? Hipnozla zihin kontrol\u00fc m\u00fcmk\u00fcn m\u00fc? Zihin bozucu ya da alg\u0131y\u0131 bozucu etki nedir? G\u00fcnl\u00fck trans, uyku veya uyu\u015fukluk halinden, robot tutumundan kurtulabilmek i\u00e7in ne yapmal\u0131y\u0131z? Filmlerle verilen bilin\u00e7alt\u0131 gizli mesajlar neler? Ki\u015fi \u00f6lece\u011fini bir \u015fekilde hissedebilir mi? \u00d6l\u00fcmden sonraki ya\u015fam\u0131n nas\u0131l olaca\u011f\u0131 konusunda Kuran\u2019dan bilgi edinebiliyor muyuz? Beyin-beden \u00f6ld\u00fckten sonra varl\u0131\u011f\u0131n, bilin\u00e7-bellek-ki\u015fili\u011fin devam etti\u011fine dair metafiziksel kan\u0131tlar nelerdir? \u00d6l\u00fcme yak\u0131n deneyim nedir? Reenkarnasyon nedir? <\/p>\n","protected":false},"excerpt":{"rendered":"<p>Parapsikoloji bilimle, g\u00f6relilikle ve kuantum fizi\u011fiyle \u00e7at\u0131\u015fmal\u0131 m\u0131d\u0131r? Durug\u00f6r\u00fc nedir? Zaman ve mek\u00e2nla ili\u015fkisi nas\u0131ld\u0131r? S\u0131radan insanlar gelece\u011fi g\u00f6rebilir mi? Zihin kontrol\u00fc m\u00fcmk\u00fcn m\u00fc? Bir ba\u015fkas\u0131n\u0131n<span class=\"excerpt-hellip\"> [\u2026]<\/span><\/p>\n","protected":false},"featured_media":0,"template":"","meta":{"_monsterinsights_skip_tracking":false,"_monsterinsights_sitenote_active":false,"_monsterinsights_sitenote_note":"","_monsterinsights_sitenote_category":0},"product_brand":[],"product_cat":[12364,16154],"product_tag":[],"class_list":{"0":"post-714012","1":"product","2":"type-product","3":"status-publish","5":"product_cat-genel-konular","6":"product_cat-parapsikoloji","7":"pa_cilt-ciltsiz","8":"pa_tur-kitap","9":"pa_yayinevi-destek-yayinlari","10":"pa_yazar-sultan-tarlaci","12":"first","13":"instock","14":"sale","15":"shipping-taxable","16":"purchasable","17":"product-type-simple"},"_links":{"self":[{"href":"https:\/\/roveyayinevi.com.tr\/index.php\/wp-json\/wp\/v2\/product\/714012","targetHints":{"allow":["GET"]}}],"collection":[{"href":"https:\/\/roveyayinevi.com.tr\/index.php\/wp-json\/wp\/v2\/product"}],"about":[{"href":"https:\/\/roveyayinevi.com.tr\/index.php\/wp-json\/wp\/v2\/types\/product"}],"wp:attachment":[{"href":"https:\/\/roveyayinevi.com.tr\/index.php\/wp-json\/wp\/v2\/media?parent=714012"}],"wp:term":[{"taxonomy":"product_brand","embeddable":true,"href":"https:\/\/roveyayinevi.com.tr\/index.php\/wp-json\/wp\/v2\/product_brand?post=714012"},{"taxonomy":"product_cat","embeddable":true,"href":"https:\/\/roveyayinevi.com.tr\/index.php\/wp-json\/wp\/v2\/product_cat?post=714012"},{"taxonomy":"product_tag","embeddable":true,"href":"https:\/\/roveyayinevi.com.tr\/index.php\/wp-json\/wp\/v2\/product_tag?post=714012"}],"curies":[{"name":"wp","href":"https:\/\/api.w.org\/{rel}","templated":true}]}}