{"id":714009,"date":"2025-08-27T17:14:00","date_gmt":"2025-08-27T14:14:00","guid":{"rendered":"https:\/\/roveyayinevi.com.tr\/index.php\/urun\/donusum-19\/"},"modified":"2026-04-12T02:26:42","modified_gmt":"2026-04-11T23:26:42","slug":"donusum-19","status":"publish","type":"product","link":"https:\/\/roveyayinevi.com.tr\/index.php\/urun\/donusum-19\/","title":{"rendered":"D\u00f6n\u00fc\u015f\u00fcm"},"content":{"rendered":"<p>Kafka, okurun, Gregor\u2019un yeni v\u00fccut ve durumunu, t\u0131pk\u0131 Gregor\u2019un kendisi gibi ayn\u0131 bulan\u0131k odaktan g\u00f6rmesini istiyordu. \u0130\u015fte tam da bu y\u00fczden Gregor\u2019un resimlenmesine engel oldu ve yay\u0131nc\u0131s\u0131na bir mektup yazarak \u015fart ko\u015ftu: \u201cKitab\u0131n kapa\u011f\u0131na b\u00f6cek \u00e7izilmeyecek, hatta uzaktan g\u00f6r\u00fcnt\u00fcs\u00fc bile \u00e7izilmeyecek.\u201d Franz Kafka\u2019n\u0131n 1915 y\u0131l\u0131nda bas\u0131lan uzun \u00f6yk\u00fcs\u00fc D\u00d6N\u00dc\u015e\u00dcM alegorik anlat\u0131m\u0131yla, sadeli\u011findeki g\u00fcc\u00fcyle \u00f6ne \u00e7\u0131kan yap\u0131tlardan biridir. Bir sabah i\u015fe gitmek i\u00e7in uyand\u0131\u011f\u0131nda kendini yata\u011f\u0131nda b\u00f6ce\u011fe d\u00f6n\u00fc\u015fm\u00fc\u015f olarak bulan Gregor Samsa\u2019n\u0131n ya\u015fam i\u00e7inde \u00f6zg\u00fcr olmakla, \u00f6zg\u00fcr oldu\u011funu sanmak ikilemi aras\u0131ndaki sorgulay\u0131\u015f\u0131yla s\u00fcr\u00fcp giden bir \u00f6yk\u00fcd\u00fcr. Franz Kafka\u2019n\u0131n yozla\u015fm\u0131\u015f burjuva ili\u015fkilerini, kapitalizmin insan hayat\u0131n\u0131 i\u015fgal edi\u015fini, insanl\u0131\u011f\u0131n demir parmakl\u0131klar\u0131n\u0131 ve bireyin onu k\u0131s\u0131rla\u015ft\u0131ran korkular\u0131n\u0131, b\u00f6ce\u011fe d\u00f6n\u00fc\u015fen Samsa\u2019n\u0131n evinin i\u00e7inden, odas\u0131ndan, hatta yata\u011f\u0131n\u0131n alt\u0131ndan izleyerek yapt\u0131\u011f\u0131 d\u00e2hiyane g\u00f6zlem ve analiz g\u00fcc\u00fcyle kaleme ald\u0131\u011f\u0131 D\u00d6N\u00dc\u015e\u00dcM d\u00fcnya edebiyat\u0131n\u0131n \u00fczerinde \u00e7ok d\u00fc\u015f\u00fcn\u00fclen, \u00e7ok konu\u015fulan yap\u0131tlar\u0131ndan biri olmaya devam ediyor. <\/p>\n","protected":false},"excerpt":{"rendered":"<p>Kafka, okurun, Gregor\u2019un yeni v\u00fccut ve durumunu, t\u0131pk\u0131 Gregor\u2019un kendisi gibi ayn\u0131 bulan\u0131k odaktan g\u00f6rmesini istiyordu. \u0130\u015fte tam da bu y\u00fczden Gregor\u2019un resimlenmesine engel oldu ve<span class=\"excerpt-hellip\"> [\u2026]<\/span><\/p>\n","protected":false},"featured_media":0,"template":"","meta":{"_monsterinsights_skip_tracking":false,"_monsterinsights_sitenote_active":false,"_monsterinsights_sitenote_note":"","_monsterinsights_sitenote_category":0},"product_brand":[],"product_cat":[12291,12711],"product_tag":[],"class_list":{"0":"post-714009","1":"product","2":"type-product","3":"status-publish","5":"product_cat-edebiyat","6":"product_cat-roman-oyku","7":"pa_cilt-ciltsiz","8":"pa_tur-kitap","9":"pa_yayinevi-destek-yayinlari","10":"pa_yazar-franz-kafka","12":"first","13":"instock","14":"sale","15":"shipping-taxable","16":"purchasable","17":"product-type-simple"},"_links":{"self":[{"href":"https:\/\/roveyayinevi.com.tr\/index.php\/wp-json\/wp\/v2\/product\/714009","targetHints":{"allow":["GET"]}}],"collection":[{"href":"https:\/\/roveyayinevi.com.tr\/index.php\/wp-json\/wp\/v2\/product"}],"about":[{"href":"https:\/\/roveyayinevi.com.tr\/index.php\/wp-json\/wp\/v2\/types\/product"}],"wp:attachment":[{"href":"https:\/\/roveyayinevi.com.tr\/index.php\/wp-json\/wp\/v2\/media?parent=714009"}],"wp:term":[{"taxonomy":"product_brand","embeddable":true,"href":"https:\/\/roveyayinevi.com.tr\/index.php\/wp-json\/wp\/v2\/product_brand?post=714009"},{"taxonomy":"product_cat","embeddable":true,"href":"https:\/\/roveyayinevi.com.tr\/index.php\/wp-json\/wp\/v2\/product_cat?post=714009"},{"taxonomy":"product_tag","embeddable":true,"href":"https:\/\/roveyayinevi.com.tr\/index.php\/wp-json\/wp\/v2\/product_tag?post=714009"}],"curies":[{"name":"wp","href":"https:\/\/api.w.org\/{rel}","templated":true}]}}