{"id":714008,"date":"2025-08-27T17:13:59","date_gmt":"2025-08-27T14:13:59","guid":{"rendered":"https:\/\/roveyayinevi.com.tr\/index.php\/urun\/ben-sandalye-degilim\/"},"modified":"2026-04-16T02:22:25","modified_gmt":"2026-04-15T23:22:25","slug":"ben-sandalye-degilim","status":"publish","type":"product","link":"https:\/\/roveyayinevi.com.tr\/index.php\/urun\/ben-sandalye-degilim\/","title":{"rendered":"Ben Sandalye De\u011filim!"},"content":{"rendered":"<p>\u201cBen bir z\u00fcrafay\u0131m! G\u00f6rm\u00fcyorlar m\u0131? Beneklerim var. Kulaklar\u0131m var.  G\u00f6zlerim var.\u201dBug\u00fcn k\u00fc\u00e7\u00fck z\u00fcrafan\u0131n ormandaki ilk g\u00fcn\u00fc. Ama o da ne? Herkes onu sandalye zannedip \u00fcst\u00fcne oturuyor! K\u00fc\u00e7\u00fck z\u00fcrafa da onlara bir sandalye olmad\u0131\u011f\u0131n\u0131 g\u00f6stermek i\u00e7in i\u015fe koyuluyor. Sonra bak\u0131n ba\u015f\u0131na neler geliyor\u2026 <\/p>\n","protected":false},"excerpt":{"rendered":"<p>\u201cBen bir z\u00fcrafay\u0131m! G\u00f6rm\u00fcyorlar m\u0131? Beneklerim var. Kulaklar\u0131m var. G\u00f6zlerim var.\u201dBug\u00fcn k\u00fc\u00e7\u00fck z\u00fcrafan\u0131n ormandaki ilk g\u00fcn\u00fc. Ama o da ne? Herkes onu sandalye zannedip \u00fcst\u00fcne oturuyor!<span class=\"excerpt-hellip\"> [\u2026]<\/span><\/p>\n","protected":false},"featured_media":0,"template":"","meta":{"_monsterinsights_skip_tracking":false,"_monsterinsights_sitenote_active":false,"_monsterinsights_sitenote_note":"","_monsterinsights_sitenote_category":0},"product_brand":[],"product_cat":[12913,12274],"product_tag":[],"class_list":{"0":"post-714008","1":"product","2":"type-product","3":"status-publish","5":"product_cat-3-6-yas-kitaplari","6":"product_cat-cocuk-ve-genclik-kitaplari","7":"pa_cilt-ciltli","8":"pa_tur-kitap","9":"pa_yayinevi-beyaz-balina-yayinlari","10":"pa_yazar-ross-burach","12":"first","13":"instock","14":"sale","15":"shipping-taxable","16":"purchasable","17":"product-type-simple"},"_links":{"self":[{"href":"https:\/\/roveyayinevi.com.tr\/index.php\/wp-json\/wp\/v2\/product\/714008","targetHints":{"allow":["GET"]}}],"collection":[{"href":"https:\/\/roveyayinevi.com.tr\/index.php\/wp-json\/wp\/v2\/product"}],"about":[{"href":"https:\/\/roveyayinevi.com.tr\/index.php\/wp-json\/wp\/v2\/types\/product"}],"wp:attachment":[{"href":"https:\/\/roveyayinevi.com.tr\/index.php\/wp-json\/wp\/v2\/media?parent=714008"}],"wp:term":[{"taxonomy":"product_brand","embeddable":true,"href":"https:\/\/roveyayinevi.com.tr\/index.php\/wp-json\/wp\/v2\/product_brand?post=714008"},{"taxonomy":"product_cat","embeddable":true,"href":"https:\/\/roveyayinevi.com.tr\/index.php\/wp-json\/wp\/v2\/product_cat?post=714008"},{"taxonomy":"product_tag","embeddable":true,"href":"https:\/\/roveyayinevi.com.tr\/index.php\/wp-json\/wp\/v2\/product_tag?post=714008"}],"curies":[{"name":"wp","href":"https:\/\/api.w.org\/{rel}","templated":true}]}}