{"id":714006,"date":"2025-08-27T17:13:58","date_gmt":"2025-08-27T14:13:58","guid":{"rendered":"https:\/\/roveyayinevi.com.tr\/index.php\/urun\/kutu-degil\/"},"modified":"2026-04-16T02:22:25","modified_gmt":"2026-04-15T23:22:25","slug":"kutu-degil","status":"publish","type":"product","link":"https:\/\/roveyayinevi.com.tr\/index.php\/urun\/kutu-degil\/","title":{"rendered":"Kutu De\u011fil"},"content":{"rendered":"<p>Bir kutu sadece bir kutu mudur?Bir kutu sadece bir kutu mudur? Yoksa bir u\u00e7an balondan bir rokete kadar, hayal g\u00fcc\u00fcn\u00fcz\u00fcn el verdi\u011fi bamba\u015fka bir \u015fey olabilir mi? \u00d6d\u00fcll\u00fc yazar Antoinette Portis bu sorunun cevab\u0131n\u0131 ararken bizleri bir kutunun i\u00e7inde, her \u015feyin m\u00fcmk\u00fcn oldu\u011fu bir d\u00fcnyaya do\u011fru keyifli bir yolculu\u011fa \u00e7\u0131kart\u0131yor. <\/p>\n","protected":false},"excerpt":{"rendered":"<p>Bir kutu sadece bir kutu mudur?Bir kutu sadece bir kutu mudur? Yoksa bir u\u00e7an balondan bir rokete kadar, hayal g\u00fcc\u00fcn\u00fcz\u00fcn el verdi\u011fi bamba\u015fka bir \u015fey olabilir<span class=\"excerpt-hellip\"> [\u2026]<\/span><\/p>\n","protected":false},"featured_media":0,"template":"","meta":{"_monsterinsights_skip_tracking":false,"_monsterinsights_sitenote_active":false,"_monsterinsights_sitenote_note":"","_monsterinsights_sitenote_category":0},"product_brand":[],"product_cat":[12913,12274],"product_tag":[],"class_list":{"0":"post-714006","1":"product","2":"type-product","3":"status-publish","5":"product_cat-3-6-yas-kitaplari","6":"product_cat-cocuk-ve-genclik-kitaplari","7":"pa_cilt-ciltsiz","8":"pa_tur-kitap","9":"pa_yayinevi-beyaz-balina-yayinlari","10":"pa_yazar-antoinette-portis","12":"first","13":"instock","14":"sale","15":"shipping-taxable","16":"purchasable","17":"product-type-simple"},"_links":{"self":[{"href":"https:\/\/roveyayinevi.com.tr\/index.php\/wp-json\/wp\/v2\/product\/714006","targetHints":{"allow":["GET"]}}],"collection":[{"href":"https:\/\/roveyayinevi.com.tr\/index.php\/wp-json\/wp\/v2\/product"}],"about":[{"href":"https:\/\/roveyayinevi.com.tr\/index.php\/wp-json\/wp\/v2\/types\/product"}],"wp:attachment":[{"href":"https:\/\/roveyayinevi.com.tr\/index.php\/wp-json\/wp\/v2\/media?parent=714006"}],"wp:term":[{"taxonomy":"product_brand","embeddable":true,"href":"https:\/\/roveyayinevi.com.tr\/index.php\/wp-json\/wp\/v2\/product_brand?post=714006"},{"taxonomy":"product_cat","embeddable":true,"href":"https:\/\/roveyayinevi.com.tr\/index.php\/wp-json\/wp\/v2\/product_cat?post=714006"},{"taxonomy":"product_tag","embeddable":true,"href":"https:\/\/roveyayinevi.com.tr\/index.php\/wp-json\/wp\/v2\/product_tag?post=714006"}],"curies":[{"name":"wp","href":"https:\/\/api.w.org\/{rel}","templated":true}]}}