{"id":714005,"date":"2025-08-27T17:13:57","date_gmt":"2025-08-27T14:13:57","guid":{"rendered":"https:\/\/roveyayinevi.com.tr\/index.php\/urun\/kucuk-agac\/"},"modified":"2026-04-16T02:22:25","modified_gmt":"2026-04-15T23:22:25","slug":"kucuk-agac","status":"publish","type":"product","link":"https:\/\/roveyayinevi.com.tr\/index.php\/urun\/kucuk-agac\/","title":{"rendered":"K\u00fc\u00e7\u00fck A\u011fa\u00e7"},"content":{"rendered":"<p>Bir zamanlar yapraklar\u0131n\u0131 d\u00f6kmekten korkan k\u00fc\u00e7\u00fck bir a\u011fa\u00e7 vard\u0131!B\u00fcy\u00fcmekten korkan bir a\u011fac\u0131n ba\u015f\u0131na neler gelir?Korkusunu yenip nas\u0131l kocaman bir a\u011faca d\u00f6n\u00fc\u015febilir?B\u00fcy\u00fcmenin anlam\u0131na ve ya\u015fam\u0131n bitmeyen d\u00f6ng\u00fcs\u00fcne dair \u00e7ocu\u011funuza zevkle okuyaca\u011f\u0131n\u0131z cesaret verici bir \u00f6yk\u00fc\u2026 <\/p>\n","protected":false},"excerpt":{"rendered":"<p>Bir zamanlar yapraklar\u0131n\u0131 d\u00f6kmekten korkan k\u00fc\u00e7\u00fck bir a\u011fa\u00e7 vard\u0131!B\u00fcy\u00fcmekten korkan bir a\u011fac\u0131n ba\u015f\u0131na neler gelir?Korkusunu yenip nas\u0131l kocaman bir a\u011faca d\u00f6n\u00fc\u015febilir?B\u00fcy\u00fcmenin anlam\u0131na ve ya\u015fam\u0131n bitmeyen d\u00f6ng\u00fcs\u00fcne<span class=\"excerpt-hellip\"> [\u2026]<\/span><\/p>\n","protected":false},"featured_media":0,"template":"","meta":{"_monsterinsights_skip_tracking":false,"_monsterinsights_sitenote_active":false,"_monsterinsights_sitenote_note":"","_monsterinsights_sitenote_category":0},"product_brand":[],"product_cat":[12913,12274],"product_tag":[],"class_list":{"0":"post-714005","1":"product","2":"type-product","3":"status-publish","5":"product_cat-3-6-yas-kitaplari","6":"product_cat-cocuk-ve-genclik-kitaplari","7":"pa_cilt-ciltli","8":"pa_tur-kitap","9":"pa_yayinevi-beyaz-balina-yayinlari","10":"pa_yazar-loren-long","12":"first","13":"instock","14":"sale","15":"shipping-taxable","16":"purchasable","17":"product-type-simple"},"_links":{"self":[{"href":"https:\/\/roveyayinevi.com.tr\/index.php\/wp-json\/wp\/v2\/product\/714005","targetHints":{"allow":["GET"]}}],"collection":[{"href":"https:\/\/roveyayinevi.com.tr\/index.php\/wp-json\/wp\/v2\/product"}],"about":[{"href":"https:\/\/roveyayinevi.com.tr\/index.php\/wp-json\/wp\/v2\/types\/product"}],"wp:attachment":[{"href":"https:\/\/roveyayinevi.com.tr\/index.php\/wp-json\/wp\/v2\/media?parent=714005"}],"wp:term":[{"taxonomy":"product_brand","embeddable":true,"href":"https:\/\/roveyayinevi.com.tr\/index.php\/wp-json\/wp\/v2\/product_brand?post=714005"},{"taxonomy":"product_cat","embeddable":true,"href":"https:\/\/roveyayinevi.com.tr\/index.php\/wp-json\/wp\/v2\/product_cat?post=714005"},{"taxonomy":"product_tag","embeddable":true,"href":"https:\/\/roveyayinevi.com.tr\/index.php\/wp-json\/wp\/v2\/product_tag?post=714005"}],"curies":[{"name":"wp","href":"https:\/\/api.w.org\/{rel}","templated":true}]}}