{"id":714004,"date":"2025-08-27T17:13:57","date_gmt":"2025-08-27T14:13:57","guid":{"rendered":"https:\/\/roveyayinevi.com.tr\/index.php\/urun\/sevgili-ogretmenim-2\/"},"modified":"2026-04-16T02:22:25","modified_gmt":"2026-04-15T23:22:25","slug":"sevgili-ogretmenim-2","status":"publish","type":"product","link":"https:\/\/roveyayinevi.com.tr\/index.php\/urun\/sevgili-ogretmenim-2\/","title":{"rendered":"Sevgili \u00d6\u011fretmenim"},"content":{"rendered":"<p>Sevgili \u00d6\u011fretmenim, bir \u00f6\u011frenciden hi\u00e7bir zaman unutmad\u0131\u011f\u0131 \u00f6\u011fretmenine yaz\u0131lm\u0131\u015f, e\u011flenceli oldu\u011fu kadar dokunakl\u0131 bir te\u015fekk\u00fcr mektubu.Bug\u00fcn okulun ilk g\u00fcn\u00fc. Ele avuca s\u0131\u011fmaz bir ikinci s\u0131n\u0131f \u00f6\u011frencisi okula gitmeyi hi\u00e7 istemiyor. \u00c7\u00fcnk\u00fc o uslu uslu oturmay\u0131 de\u011fil ko\u015fup oynamay\u0131 seviyor. Sulara bata \u00e7\u0131ka s\u0131r\u0131ls\u0131klam olup okula gitti\u011finde \u00f6\u011fretmeninin onu azarlayaca\u011f\u0131ndan emin. Ama yeni \u00f6\u011fretmeni onu g\u00fcl\u00fcmseyerek kar\u015f\u0131l\u0131yor. Okuyacaklar\u0131 timsahl\u0131 kitaplardan, ekip bi\u00e7ecekleri sebze bah\u00e7elerinden bahseden bu yeni \u00f6\u011fretmen hi\u00e7 de korktu\u011fu gibi biri de\u011fil! <\/p>\n","protected":false},"excerpt":{"rendered":"<p>Sevgili \u00d6\u011fretmenim, bir \u00f6\u011frenciden hi\u00e7bir zaman unutmad\u0131\u011f\u0131 \u00f6\u011fretmenine yaz\u0131lm\u0131\u015f, e\u011flenceli oldu\u011fu kadar dokunakl\u0131 bir te\u015fekk\u00fcr mektubu.Bug\u00fcn okulun ilk g\u00fcn\u00fc. Ele avuca s\u0131\u011fmaz bir ikinci s\u0131n\u0131f \u00f6\u011frencisi<span class=\"excerpt-hellip\"> [\u2026]<\/span><\/p>\n","protected":false},"featured_media":0,"template":"","meta":{"_monsterinsights_skip_tracking":false,"_monsterinsights_sitenote_active":false,"_monsterinsights_sitenote_note":"","_monsterinsights_sitenote_category":0},"product_brand":[],"product_cat":[12913,12274],"product_tag":[],"class_list":{"0":"post-714004","1":"product","2":"type-product","3":"status-publish","5":"product_cat-3-6-yas-kitaplari","6":"product_cat-cocuk-ve-genclik-kitaplari","7":"pa_cilt-ciltli","8":"pa_tur-kitap","9":"pa_yayinevi-beyaz-balina-yayinlari","10":"pa_yazar-deborah-hopkinson","12":"first","13":"instock","14":"sale","15":"shipping-taxable","16":"purchasable","17":"product-type-simple"},"_links":{"self":[{"href":"https:\/\/roveyayinevi.com.tr\/index.php\/wp-json\/wp\/v2\/product\/714004","targetHints":{"allow":["GET"]}}],"collection":[{"href":"https:\/\/roveyayinevi.com.tr\/index.php\/wp-json\/wp\/v2\/product"}],"about":[{"href":"https:\/\/roveyayinevi.com.tr\/index.php\/wp-json\/wp\/v2\/types\/product"}],"wp:attachment":[{"href":"https:\/\/roveyayinevi.com.tr\/index.php\/wp-json\/wp\/v2\/media?parent=714004"}],"wp:term":[{"taxonomy":"product_brand","embeddable":true,"href":"https:\/\/roveyayinevi.com.tr\/index.php\/wp-json\/wp\/v2\/product_brand?post=714004"},{"taxonomy":"product_cat","embeddable":true,"href":"https:\/\/roveyayinevi.com.tr\/index.php\/wp-json\/wp\/v2\/product_cat?post=714004"},{"taxonomy":"product_tag","embeddable":true,"href":"https:\/\/roveyayinevi.com.tr\/index.php\/wp-json\/wp\/v2\/product_tag?post=714004"}],"curies":[{"name":"wp","href":"https:\/\/api.w.org\/{rel}","templated":true}]}}