{"id":714003,"date":"2025-08-27T17:13:56","date_gmt":"2025-08-27T14:13:56","guid":{"rendered":"https:\/\/roveyayinevi.com.tr\/index.php\/urun\/yazi-yazan-inekler\/"},"modified":"2026-04-16T02:22:25","modified_gmt":"2026-04-15T23:22:25","slug":"yazi-yazan-inekler","status":"publish","type":"product","link":"https:\/\/roveyayinevi.com.tr\/index.php\/urun\/yazi-yazan-inekler\/","title":{"rendered":"Yaz\u0131 Yazan \u0130nekler"},"content":{"rendered":"<p>Ali Baba\u2019n\u0131n bir \u00e7iftli\u011fi var. \u00c7iftli\u011finde inekleri var.Ama bu inekler \u00f6yle s\u0131radan inekler de\u011fil, yaz\u0131 yazan inekler! Ah\u0131rda bulduklar\u0131 eski bir daktiloyla sabahtan ak\u015fama kadar t\u0131k\u0131r t\u0131k\u0131r yaz\u0131 yaz\u0131yorlar. Ama as\u0131l e\u011flence ineklerin Ali Baba\u2019ya kendi yazd\u0131klar\u0131 notlar\u0131 b\u0131rakmalar\u0131yla ba\u015fl\u0131yor. Geceleri ah\u0131r \u00e7ok so\u011fuk oldu\u011fu i\u00e7in Ali Baba\u2019dan elektrikli battaniye talep eden inekler istekleri yerine getirilmeyince bak\u0131n neler yap\u0131yor\u2026 <\/p>\n","protected":false},"excerpt":{"rendered":"<p>Ali Baba\u2019n\u0131n bir \u00e7iftli\u011fi var. \u00c7iftli\u011finde inekleri var.Ama bu inekler \u00f6yle s\u0131radan inekler de\u011fil, yaz\u0131 yazan inekler! Ah\u0131rda bulduklar\u0131 eski bir daktiloyla sabahtan ak\u015fama kadar t\u0131k\u0131r<span class=\"excerpt-hellip\"> [\u2026]<\/span><\/p>\n","protected":false},"featured_media":0,"template":"","meta":{"_monsterinsights_skip_tracking":false,"_monsterinsights_sitenote_active":false,"_monsterinsights_sitenote_note":"","_monsterinsights_sitenote_category":0},"product_brand":[],"product_cat":[12913,12274],"product_tag":[],"class_list":{"0":"post-714003","1":"product","2":"type-product","3":"status-publish","5":"product_cat-3-6-yas-kitaplari","6":"product_cat-cocuk-ve-genclik-kitaplari","7":"pa_cilt-ciltli","8":"pa_tur-kitap","9":"pa_yayinevi-beyaz-balina-yayinlari","10":"pa_yazar-doreen-cronin","12":"first","13":"instock","14":"sale","15":"shipping-taxable","16":"purchasable","17":"product-type-simple"},"_links":{"self":[{"href":"https:\/\/roveyayinevi.com.tr\/index.php\/wp-json\/wp\/v2\/product\/714003","targetHints":{"allow":["GET"]}}],"collection":[{"href":"https:\/\/roveyayinevi.com.tr\/index.php\/wp-json\/wp\/v2\/product"}],"about":[{"href":"https:\/\/roveyayinevi.com.tr\/index.php\/wp-json\/wp\/v2\/types\/product"}],"wp:attachment":[{"href":"https:\/\/roveyayinevi.com.tr\/index.php\/wp-json\/wp\/v2\/media?parent=714003"}],"wp:term":[{"taxonomy":"product_brand","embeddable":true,"href":"https:\/\/roveyayinevi.com.tr\/index.php\/wp-json\/wp\/v2\/product_brand?post=714003"},{"taxonomy":"product_cat","embeddable":true,"href":"https:\/\/roveyayinevi.com.tr\/index.php\/wp-json\/wp\/v2\/product_cat?post=714003"},{"taxonomy":"product_tag","embeddable":true,"href":"https:\/\/roveyayinevi.com.tr\/index.php\/wp-json\/wp\/v2\/product_tag?post=714003"}],"curies":[{"name":"wp","href":"https:\/\/api.w.org\/{rel}","templated":true}]}}