{"id":714002,"date":"2025-08-27T17:13:55","date_gmt":"2025-08-27T14:13:55","guid":{"rendered":"https:\/\/roveyayinevi.com.tr\/index.php\/urun\/kusatma-turkiyenin-beka-mucadelesi-2013-2017\/"},"modified":"2026-04-16T02:22:25","modified_gmt":"2026-04-15T23:22:25","slug":"kusatma-turkiyenin-beka-mucadelesi-2013-2017","status":"publish","type":"product","link":"https:\/\/roveyayinevi.com.tr\/index.php\/urun\/kusatma-turkiyenin-beka-mucadelesi-2013-2017\/","title":{"rendered":"Ku\u015fatma T\u00fcrkiye&#8217;nin Beka M\u00fccadelesi 2013-2017"},"content":{"rendered":"<p>\u2018\u015eark Meselesi\u2019 esasen bir T\u00fcrk meselesiydi. Vaktiyle \u0130ngiliz ba\u015fbakan\u0131n\u0131n ifade etti\u011fi gibi T\u00fcrk\u2019\u00fcn Avrupa k\u0131y\u0131lar\u0131ndan s\u00f6k\u00fcl\u00fcp at\u0131lmas\u0131, geldi\u011fi yere g\u00f6nderilmesi, m\u00fcmk\u00fcnse tarih sahnesinden silinmesi meselesiydi. O sava\u015ftan yenik \u00e7\u0131kan b\u00fct\u00fcn devletlere teslimiyet anla\u015fmalar\u0131 imzalat\u0131lm\u0131\u015f, biri hari\u00e7, hepsi uygulanm\u0131\u015ft\u0131. Hayata ge\u00e7iremedikleri anla\u015fma T\u00fcrkler i\u00e7in \u00f6ng\u00f6rd\u00fckleri Sevr Anla\u015fmas\u0131\u2019yd\u0131. 2000\u2019li y\u0131llarda Bat\u0131\u2019n\u0131n ba\u015f\u0131nda yine bir \u2018T\u00fcrk meselesi\u2019 var. Kuvveti, kudreti yetti\u011fince Bat\u0131\u2019n\u0131n b\u00f6lgedeki hesaplar\u0131n\u0131n kar\u015f\u0131s\u0131na dikilen T\u00fcrkler ve \u2018tarihteki rol\u00fc\u2019 ile yine bir T\u00fcrkiye var. Bat\u0131l\u0131 zihinlerin b\u00f6lgeye dair tasavvuru T\u00fcrkiye i\u00e7in pek hayra alamet g\u00f6r\u00fcnm\u00fcyor. Amerikan kartal\u0131n\u0131n bir kanad\u0131n\u0131n alt\u0131na binlerce t\u0131r dolusu silah verdi\u011fi P*KK\u2019y\u0131, \u00f6teki kanad\u0131n\u0131n alt\u0131na Fet*hullah G\u00fclen \u00f6rg\u00fct\u00fcn\u00fc almas\u0131 bunu g\u00f6steriyor. Fet*hullah G\u00fclen \u00f6rg\u00fct\u00fc eliyle ger\u00e7ekle\u015ftirilen 15 Temmuz darbe giri\u015fimi Amerika\u2019n\u0131n T\u00fcrkiye\u2019ye dair niyetlerini bir kez daha teyit etmi\u015ftir. 15 Temmuz\u2019da ya\u015fananlar milletin devletine nas\u0131l sahip \u00e7\u0131kt\u0131\u011f\u0131n\u0131 g\u00f6stermesi a\u00e7\u0131s\u0131dan y\u00fcrek ferahlat\u0131c\u0131yd\u0131 ancak devletin i\u00e7ine d\u00fc\u015ft\u00fc\u011f\u00fc aczi g\u00f6stermesi bak\u0131m\u0131ndan da o kadar y\u00fcrek burkucuydu. Ku\u015fatma, y\u00fcz y\u0131l sonra bir kez daha ate\u015fi ve ihaneti g\u00f6ren T\u00fcrk\u2019\u00fcn bu ate\u015f ve ihanetle imtihan\u0131n\u0131 anlatmaktad\u0131r. <\/p>\n","protected":false},"excerpt":{"rendered":"<p>\u2018\u015eark Meselesi\u2019 esasen bir T\u00fcrk meselesiydi. Vaktiyle \u0130ngiliz ba\u015fbakan\u0131n\u0131n ifade etti\u011fi gibi T\u00fcrk\u2019\u00fcn Avrupa k\u0131y\u0131lar\u0131ndan s\u00f6k\u00fcl\u00fcp at\u0131lmas\u0131, geldi\u011fi yere g\u00f6nderilmesi, m\u00fcmk\u00fcnse tarih sahnesinden silinmesi meselesiydi. O<span class=\"excerpt-hellip\"> [\u2026]<\/span><\/p>\n","protected":false},"featured_media":0,"template":"","meta":{"_monsterinsights_skip_tracking":false,"_monsterinsights_sitenote_active":false,"_monsterinsights_sitenote_note":"","_monsterinsights_sitenote_category":0},"product_brand":[],"product_cat":[31194,12337],"product_tag":[],"class_list":{"0":"post-714002","1":"product","2":"type-product","3":"status-publish","5":"product_cat-guncel-siyaset","6":"product_cat-politika-siyaset","7":"pa_cilt-ciltsiz","8":"pa_tur-kitap","9":"pa_yayinevi-inkilap-kitabevi","10":"pa_yazar-gurkan-zengin","12":"first","13":"instock","14":"sale","15":"shipping-taxable","16":"purchasable","17":"product-type-simple"},"_links":{"self":[{"href":"https:\/\/roveyayinevi.com.tr\/index.php\/wp-json\/wp\/v2\/product\/714002","targetHints":{"allow":["GET"]}}],"collection":[{"href":"https:\/\/roveyayinevi.com.tr\/index.php\/wp-json\/wp\/v2\/product"}],"about":[{"href":"https:\/\/roveyayinevi.com.tr\/index.php\/wp-json\/wp\/v2\/types\/product"}],"wp:attachment":[{"href":"https:\/\/roveyayinevi.com.tr\/index.php\/wp-json\/wp\/v2\/media?parent=714002"}],"wp:term":[{"taxonomy":"product_brand","embeddable":true,"href":"https:\/\/roveyayinevi.com.tr\/index.php\/wp-json\/wp\/v2\/product_brand?post=714002"},{"taxonomy":"product_cat","embeddable":true,"href":"https:\/\/roveyayinevi.com.tr\/index.php\/wp-json\/wp\/v2\/product_cat?post=714002"},{"taxonomy":"product_tag","embeddable":true,"href":"https:\/\/roveyayinevi.com.tr\/index.php\/wp-json\/wp\/v2\/product_tag?post=714002"}],"curies":[{"name":"wp","href":"https:\/\/api.w.org\/{rel}","templated":true}]}}