{"id":714001,"date":"2025-08-27T17:13:55","date_gmt":"2025-08-27T14:13:55","guid":{"rendered":"https:\/\/roveyayinevi.com.tr\/index.php\/urun\/pig-adinda-bir-pug\/"},"modified":"2026-04-16T02:22:25","modified_gmt":"2026-04-15T23:22:25","slug":"pig-adinda-bir-pug","status":"publish","type":"product","link":"https:\/\/roveyayinevi.com.tr\/index.php\/urun\/pig-adinda-bir-pug\/","title":{"rendered":"Pig Ad\u0131nda Bir Pug"},"content":{"rendered":"<p>\u201cBir varm\u0131\u015f bir yokmu\u015f, Pig ad\u0131nda bir Pug varm\u0131\u015f. Kendisi hemen her bak\u0131mdan, hem bencil hem pisbo\u011fazm\u0131\u015f.\u201d\u00c7ok sevilen \u00f6d\u00fcll\u00fc yazar ve \u00e7izer Aaron Blabey\u2019den payla\u015fmay\u0131 \u00f6\u011frenmeye dair komik mi komik bir kitap. <\/p>\n","protected":false},"excerpt":{"rendered":"<p>\u201cBir varm\u0131\u015f bir yokmu\u015f, Pig ad\u0131nda bir Pug varm\u0131\u015f. Kendisi hemen her bak\u0131mdan, hem bencil hem pisbo\u011fazm\u0131\u015f.\u201d\u00c7ok sevilen \u00f6d\u00fcll\u00fc yazar ve \u00e7izer Aaron Blabey\u2019den payla\u015fmay\u0131 \u00f6\u011frenmeye<span class=\"excerpt-hellip\"> [\u2026]<\/span><\/p>\n","protected":false},"featured_media":0,"template":"","meta":{"_monsterinsights_skip_tracking":false,"_monsterinsights_sitenote_active":false,"_monsterinsights_sitenote_note":"","_monsterinsights_sitenote_category":0},"product_brand":[],"product_cat":[12913,12274],"product_tag":[],"class_list":{"0":"post-714001","1":"product","2":"type-product","3":"status-publish","5":"product_cat-3-6-yas-kitaplari","6":"product_cat-cocuk-ve-genclik-kitaplari","7":"pa_cilt-ciltli","8":"pa_tur-kitap","9":"pa_yayinevi-beyaz-balina-yayinlari","10":"pa_yazar-aaron-blabey","12":"first","13":"instock","14":"sale","15":"shipping-taxable","16":"purchasable","17":"product-type-simple"},"_links":{"self":[{"href":"https:\/\/roveyayinevi.com.tr\/index.php\/wp-json\/wp\/v2\/product\/714001","targetHints":{"allow":["GET"]}}],"collection":[{"href":"https:\/\/roveyayinevi.com.tr\/index.php\/wp-json\/wp\/v2\/product"}],"about":[{"href":"https:\/\/roveyayinevi.com.tr\/index.php\/wp-json\/wp\/v2\/types\/product"}],"wp:attachment":[{"href":"https:\/\/roveyayinevi.com.tr\/index.php\/wp-json\/wp\/v2\/media?parent=714001"}],"wp:term":[{"taxonomy":"product_brand","embeddable":true,"href":"https:\/\/roveyayinevi.com.tr\/index.php\/wp-json\/wp\/v2\/product_brand?post=714001"},{"taxonomy":"product_cat","embeddable":true,"href":"https:\/\/roveyayinevi.com.tr\/index.php\/wp-json\/wp\/v2\/product_cat?post=714001"},{"taxonomy":"product_tag","embeddable":true,"href":"https:\/\/roveyayinevi.com.tr\/index.php\/wp-json\/wp\/v2\/product_tag?post=714001"}],"curies":[{"name":"wp","href":"https:\/\/api.w.org\/{rel}","templated":true}]}}