{"id":713999,"date":"2025-08-27T17:13:54","date_gmt":"2025-08-27T14:13:54","guid":{"rendered":"https:\/\/roveyayinevi.com.tr\/index.php\/urun\/iyi-geceler-bay-tom\/"},"modified":"2026-04-16T02:22:25","modified_gmt":"2026-04-15T23:22:25","slug":"iyi-geceler-bay-tom","status":"publish","type":"product","link":"https:\/\/roveyayinevi.com.tr\/index.php\/urun\/iyi-geceler-bay-tom\/","title":{"rendered":"\u0130yi Geceler Bay Tom"},"content":{"rendered":"<p>Sava\u015f\u0131n e\u015fi\u011findeki bir d\u00fcnyada ye\u015feren s\u0131ms\u0131cak bir sevgi ve dostluk hik\u00e2yesi\u20262. D\u00fcnya Sava\u015f\u0131 patlak vermek \u00fczereyken \u0130ngiltere\u2019de \u015fehirli k\u00fc\u00e7\u00fck \u00e7ocuklar sava\u015ftan zarar g\u00f6rmemeleri i\u00e7in ta\u015frada ya\u015fayan ailelerin yan\u0131na yerle\u015ftirilir. \u00dcrkek ve \u00e7elimsiz bir o\u011flan \u00e7ocu\u011fu olan Willie Beech de Londra\u2019daki annesinin yan\u0131ndan al\u0131n\u0131p \u0130ngiltere\u2019nin k\u00fc\u00e7\u00fck bir k\u00f6y\u00fcne getirilir. Burada Thomas Oakley ad\u0131ndaki ihtiyar bir adam\u0131n himayesine verilen Willie hayat\u0131 boyunca hi\u00e7 sevilmemi\u015f ve annesinden s\u00fcrekli \u015fiddet g\u00f6rm\u00fc\u015ft\u00fcr. K\u00f6ye ilk geldi\u011finde etraf\u0131ndaki her \u015feyden korkan Willie, Bay Tom\u2019un sevgisi ve anlay\u0131\u015f\u0131 sayesinde \u015fiddet ve nefret dolu ge\u00e7mi\u015fini zamanla unutmaya; sevgi, ho\u015fg\u00f6r\u00fc ve \u015fefkat dolu bu yepyeni d\u00fcnyada kendini ilk kez g\u00fcvende hissetmeye ba\u015flar. Derken bir g\u00fcn annesinden gelen bir telgrafla her \u015fey de\u011fi\u015fir. <\/p>\n","protected":false},"excerpt":{"rendered":"<p>Sava\u015f\u0131n e\u015fi\u011findeki bir d\u00fcnyada ye\u015feren s\u0131ms\u0131cak bir sevgi ve dostluk hik\u00e2yesi\u20262. D\u00fcnya Sava\u015f\u0131 patlak vermek \u00fczereyken \u0130ngiltere\u2019de \u015fehirli k\u00fc\u00e7\u00fck \u00e7ocuklar sava\u015ftan zarar g\u00f6rmemeleri i\u00e7in ta\u015frada ya\u015fayan<span class=\"excerpt-hellip\"> [\u2026]<\/span><\/p>\n","protected":false},"featured_media":0,"template":"","meta":{"_monsterinsights_skip_tracking":false,"_monsterinsights_sitenote_active":false,"_monsterinsights_sitenote_note":"","_monsterinsights_sitenote_category":0},"product_brand":[],"product_cat":[12291,12711],"product_tag":[],"class_list":{"0":"post-713999","1":"product","2":"type-product","3":"status-publish","5":"product_cat-edebiyat","6":"product_cat-roman-oyku","7":"pa_cilt-ciltsiz","8":"pa_tur-kitap","9":"pa_yayinevi-beyaz-balina-yayinlari","10":"pa_yazar-michelle-magorian","12":"first","13":"instock","14":"sale","15":"shipping-taxable","16":"purchasable","17":"product-type-simple"},"_links":{"self":[{"href":"https:\/\/roveyayinevi.com.tr\/index.php\/wp-json\/wp\/v2\/product\/713999","targetHints":{"allow":["GET"]}}],"collection":[{"href":"https:\/\/roveyayinevi.com.tr\/index.php\/wp-json\/wp\/v2\/product"}],"about":[{"href":"https:\/\/roveyayinevi.com.tr\/index.php\/wp-json\/wp\/v2\/types\/product"}],"wp:attachment":[{"href":"https:\/\/roveyayinevi.com.tr\/index.php\/wp-json\/wp\/v2\/media?parent=713999"}],"wp:term":[{"taxonomy":"product_brand","embeddable":true,"href":"https:\/\/roveyayinevi.com.tr\/index.php\/wp-json\/wp\/v2\/product_brand?post=713999"},{"taxonomy":"product_cat","embeddable":true,"href":"https:\/\/roveyayinevi.com.tr\/index.php\/wp-json\/wp\/v2\/product_cat?post=713999"},{"taxonomy":"product_tag","embeddable":true,"href":"https:\/\/roveyayinevi.com.tr\/index.php\/wp-json\/wp\/v2\/product_tag?post=713999"}],"curies":[{"name":"wp","href":"https:\/\/api.w.org\/{rel}","templated":true}]}}