{"id":713998,"date":"2025-08-27T17:13:53","date_gmt":"2025-08-27T14:13:53","guid":{"rendered":"https:\/\/roveyayinevi.com.tr\/index.php\/urun\/benim-adim-iniesta\/"},"modified":"2026-04-16T02:22:25","modified_gmt":"2026-04-15T23:22:25","slug":"benim-adim-iniesta","status":"publish","type":"product","link":"https:\/\/roveyayinevi.com.tr\/index.php\/urun\/benim-adim-iniesta\/","title":{"rendered":"Benim Ad\u0131m Iniesta"},"content":{"rendered":"<p>Rakip tak\u0131m taraftar\u0131n\u0131n bile sevdi\u011fi oyuncu: Andr\u00e9s Iniesta Andr\u00e9s Iniesta, Barcelona tak\u0131m\u0131n\u0131n akademisi La Masia\u2019n\u0131n kap\u0131s\u0131ndan i\u00e7eri girdi\u011finde, k\u00fc\u00e7\u00fck bir \u00e7ocuktu. Ailesinden ayr\u0131lm\u0131\u015ft\u0131, yaln\u0131zd\u0131 ve korkuyordu. Fakat futboldaki m\u00fcthi\u015f yetene\u011fiyle tak\u0131m\u0131n\u0131n orta sahadaki en g\u00fcvenilir ismi oldu. Ve sonunda, Barcelona\u2019n\u0131n kaptanl\u0131\u011f\u0131na kadar y\u00fckseldi. Bu kitapta Iniesta\u2019n\u0131n, nas\u0131l d\u00fcnyan\u0131n en iyi oyuncular\u0131ndan birine d\u00f6n\u00fc\u015ft\u00fc\u011f\u00fcn\u00fc okuyacaks\u0131n\u0131z. <\/p>\n","protected":false},"excerpt":{"rendered":"<p>Rakip tak\u0131m taraftar\u0131n\u0131n bile sevdi\u011fi oyuncu: Andr\u00e9s Iniesta Andr\u00e9s Iniesta, Barcelona tak\u0131m\u0131n\u0131n akademisi La Masia\u2019n\u0131n kap\u0131s\u0131ndan i\u00e7eri girdi\u011finde, k\u00fc\u00e7\u00fck bir \u00e7ocuktu. Ailesinden ayr\u0131lm\u0131\u015ft\u0131, yaln\u0131zd\u0131 ve korkuyordu.<span class=\"excerpt-hellip\"> [\u2026]<\/span><\/p>\n","protected":false},"featured_media":0,"template":"","meta":{"_monsterinsights_skip_tracking":false,"_monsterinsights_sitenote_active":false,"_monsterinsights_sitenote_note":"","_monsterinsights_sitenote_category":0},"product_brand":[],"product_cat":[15563,15564],"product_tag":[],"class_list":{"0":"post-713998","1":"product","2":"type-product","3":"status-publish","5":"product_cat-hobi","6":"product_cat-spor","7":"pa_cilt-ciltsiz","8":"pa_tur-kitap","9":"pa_yayinevi-beyaz-balina-yayinlari","10":"pa_yazar-matt-oldfield-tom-oldfield","12":"first","13":"instock","14":"sale","15":"shipping-taxable","16":"purchasable","17":"product-type-simple"},"_links":{"self":[{"href":"https:\/\/roveyayinevi.com.tr\/index.php\/wp-json\/wp\/v2\/product\/713998","targetHints":{"allow":["GET"]}}],"collection":[{"href":"https:\/\/roveyayinevi.com.tr\/index.php\/wp-json\/wp\/v2\/product"}],"about":[{"href":"https:\/\/roveyayinevi.com.tr\/index.php\/wp-json\/wp\/v2\/types\/product"}],"wp:attachment":[{"href":"https:\/\/roveyayinevi.com.tr\/index.php\/wp-json\/wp\/v2\/media?parent=713998"}],"wp:term":[{"taxonomy":"product_brand","embeddable":true,"href":"https:\/\/roveyayinevi.com.tr\/index.php\/wp-json\/wp\/v2\/product_brand?post=713998"},{"taxonomy":"product_cat","embeddable":true,"href":"https:\/\/roveyayinevi.com.tr\/index.php\/wp-json\/wp\/v2\/product_cat?post=713998"},{"taxonomy":"product_tag","embeddable":true,"href":"https:\/\/roveyayinevi.com.tr\/index.php\/wp-json\/wp\/v2\/product_tag?post=713998"}],"curies":[{"name":"wp","href":"https:\/\/api.w.org\/{rel}","templated":true}]}}