{"id":713995,"date":"2025-08-27T17:13:51","date_gmt":"2025-08-27T14:13:51","guid":{"rendered":"https:\/\/roveyayinevi.com.tr\/index.php\/urun\/aldatma-ve-sadakatsizlik\/"},"modified":"2026-04-16T02:22:25","modified_gmt":"2026-04-15T23:22:25","slug":"aldatma-ve-sadakatsizlik","status":"publish","type":"product","link":"https:\/\/roveyayinevi.com.tr\/index.php\/urun\/aldatma-ve-sadakatsizlik\/","title":{"rendered":"Aldatma ve Sadakatsizlik"},"content":{"rendered":"<p>Uzmanlar\u0131n Kaleminden Benzersiz Bir Ba\u015fvuru Kitab\u0131\u2026 D\u00fcnyaca \u00fcnl\u00fc Amerikal\u0131 Evlilik ve \u00c7ift Terapisti Prof. Dr. GERALD R. WEEKS ve T\u00fcrkiye&#8217;de alan\u0131nda tart\u0131\u015fmas\u0131z bir otorite olan Psikoterapist CEM KE\u00c7E, dan\u0131\u015fanlar\u0131 olan y\u00fczlerce \u00e7iftin ya\u015fad\u0131klar\u0131ndan s\u00fczd\u00fckleri evlilik ve \u00e7ift terapisi deneyimlerini bu kitapta bir araya getirdiler. Kad\u0131n-erkek ili\u015fkilerini kas\u0131rga gibi yerle bir eden aldatman\u0131n nedenlerini, etkilerini ve sonu\u00e7lar\u0131n\u0131 t\u00fcm a\u00e7\u0131kl\u0131\u011f\u0131yla g\u00f6zler \u00f6n\u00fcne seren bu benzersiz ba\u015fvuru kitab\u0131 sayesinde, \u00e7iftler aldatmadan sonraki zorlu s\u00fcreci en az hasarla atlat\u0131p tamamen iyile\u015ferek yeni bir ba\u015flang\u0131\u00e7 yapmak i\u00e7in kendi ya\u015famlar\u0131na uygulayabilecekleri, evlilik ve \u00e7ift terapistleri ise aldatman\u0131n tedavisi i\u00e7in ba\u015fvuran dan\u0131\u015fanlar\u0131yla \u00e7al\u0131\u015fmalar\u0131nda kullanabilecekleri pratik bilgilere ve y\u00f6ntemlere ula\u015fabilecekler.  Aldatma ve Sadakatsizli\u011fe Dair T\u00fcm Ger\u00e7ekler\u2026 Aldatma ve sadakatsizlik hakk\u0131nda bug\u00fcne kadar s\u00f6ylenmeyen, yaz\u0131lmayan \u015fey ve konu\u015fmayan ki\u015fi kalmad\u0131: Uzmanlar, uzman olmayanlar, aldatanlar, aldatmayanlar, aldat\u0131lanlar, aldat\u0131lmayanlar ve aldatman\u0131n gizli taraf\u0131ndaki \u00fc\u00e7\u00fcnc\u00fc ki\u015filer\u2026 Aldatmay\u0131 konu alan kitaplar yaz\u0131l\u0131yor, filmler \u00e7ekiliyor, anketler ve ara\u015ft\u0131rmalar yap\u0131l\u0131yor. Bu kadar hayat\u0131n i\u00e7inde ve karma\u015f\u0131k olan aldatma hakk\u0131nda her kafadan bir ses \u00e7\u0131k\u0131yor ve say\u0131s\u0131z hurafe kulaktan kula\u011fa dola\u015f\u0131yor. Yanl\u0131\u015f bilgiler, insanlar\u0131n alg\u0131lar\u0131n\u0131, kararlar\u0131n\u0131 ve ya\u015famlar\u0131n\u0131 etkiliyor. Ama art\u0131k bu konuda g\u00fcvenilir bir ba\u015fvuru kayna\u011f\u0131 var. Evlilik ve \u00c7ift Terapisti Prof. Dr. GERALD R. WEEKS ve Psikoterapist CEM KE\u00c7E uzman g\u00f6r\u00fc\u015fleri ve de\u011ferli deneyimleriyle aldatma ve sadakatsizli\u011fe dair t\u00fcm ger\u00e7ekleri a\u00e7\u0131kl\u0131yorlar\u2026 -Psikoterapi ve Psikoterapistler Derne\u011fi- Yasak Meyvenin Dayan\u0131lmaz A\u011f\u0131rl\u0131\u011f\u0131\u2026 Aldatma temas\u0131n\u0131n t\u00fcm ayr\u0131nt\u0131lar\u0131 ve ger\u00e7ek ya\u015famdan \u00f6rneklerle i\u015flendi\u011fi ve &#8220;yasak a\u015fk&#8221;\u0131n okuyucuyu korkun\u00e7 bir dramla bitebilecek olaylar\u0131n i\u00e7ine \u00e7ekti\u011fi &#8220;Aldatma ve Sadakatsizlik&#8221;; gizem, ula\u015f\u0131lmazl\u0131k ve yasak ile bezenmi\u015f \u015fehvetin derinliklerini, haz, duygusal \u015fiddet ve ihanetle lezzetlenen &#8220;yasak meyve&#8221;yi, yeni bir bedende g\u00fcnl\u00fck s\u0131radan ili\u015fkilerin girdab\u0131ndan ka\u00e7\u0131\u015f\u0131, insan nefsinin bitip t\u00fckenmeyen isteklerini, bireyin kendini aray\u0131\u015f s\u00fcrecini, \u00e7iftlerin birbirlerini aldatmas\u0131n\u0131n arkas\u0131nda yatanlar\u0131 ve Jung&#8217;un deyimiyle &#8220;karanl\u0131k odada neler oldu\u011funu&#8221; sorguluyor. Her \u015feyin bir hakm\u0131\u015f gibi ya\u015fand\u0131\u011f\u0131 yalan bir d\u00fcnyada, aldatman\u0131n ve aldat\u0131lman\u0131n dayan\u0131lmaz a\u011f\u0131rl\u0131\u011f\u0131n\u0131 anlat\u0131yor.  -Cinsel Sa\u011fl\u0131k Enstit\u00fcs\u00fc Derne\u011fi (Cised)- <\/p>\n","protected":false},"excerpt":{"rendered":"<p>Uzmanlar\u0131n Kaleminden Benzersiz Bir Ba\u015fvuru Kitab\u0131\u2026 D\u00fcnyaca \u00fcnl\u00fc Amerikal\u0131 Evlilik ve \u00c7ift Terapisti Prof. Dr. GERALD R. WEEKS ve T\u00fcrkiye&#8217;de alan\u0131nda tart\u0131\u015fmas\u0131z bir otorite olan Psikoterapist<span class=\"excerpt-hellip\"> [\u2026]<\/span><\/p>\n","protected":false},"featured_media":0,"template":"","meta":{"_monsterinsights_skip_tracking":false,"_monsterinsights_sitenote_active":false,"_monsterinsights_sitenote_note":"","_monsterinsights_sitenote_category":0},"product_brand":[],"product_cat":[26396,13488],"product_tag":[],"class_list":{"0":"post-713995","1":"product","2":"type-product","3":"status-publish","5":"product_cat-kadin-erkek-iliskileri","6":"product_cat-toplum-ve-insan","7":"pa_cilt-ciltsiz","8":"pa_tur-kitap","9":"pa_yayinevi-pusula-yayinevi-ankara","10":"pa_yazar-gerald-r-weeks","12":"first","13":"instock","14":"sale","15":"shipping-taxable","16":"purchasable","17":"product-type-simple"},"_links":{"self":[{"href":"https:\/\/roveyayinevi.com.tr\/index.php\/wp-json\/wp\/v2\/product\/713995","targetHints":{"allow":["GET"]}}],"collection":[{"href":"https:\/\/roveyayinevi.com.tr\/index.php\/wp-json\/wp\/v2\/product"}],"about":[{"href":"https:\/\/roveyayinevi.com.tr\/index.php\/wp-json\/wp\/v2\/types\/product"}],"wp:attachment":[{"href":"https:\/\/roveyayinevi.com.tr\/index.php\/wp-json\/wp\/v2\/media?parent=713995"}],"wp:term":[{"taxonomy":"product_brand","embeddable":true,"href":"https:\/\/roveyayinevi.com.tr\/index.php\/wp-json\/wp\/v2\/product_brand?post=713995"},{"taxonomy":"product_cat","embeddable":true,"href":"https:\/\/roveyayinevi.com.tr\/index.php\/wp-json\/wp\/v2\/product_cat?post=713995"},{"taxonomy":"product_tag","embeddable":true,"href":"https:\/\/roveyayinevi.com.tr\/index.php\/wp-json\/wp\/v2\/product_tag?post=713995"}],"curies":[{"name":"wp","href":"https:\/\/api.w.org\/{rel}","templated":true}]}}