{"id":713991,"date":"2025-08-27T17:13:49","date_gmt":"2025-08-27T14:13:49","guid":{"rendered":"https:\/\/roveyayinevi.com.tr\/index.php\/urun\/dinozorlar-yemeklerini-nasil-yer-ciltli\/"},"modified":"2026-04-16T02:22:24","modified_gmt":"2026-04-15T23:22:24","slug":"dinozorlar-yemeklerini-nasil-yer-ciltli","status":"publish","type":"product","link":"https:\/\/roveyayinevi.com.tr\/index.php\/urun\/dinozorlar-yemeklerini-nasil-yer-ciltli\/","title":{"rendered":"Dinozorlar Yemeklerini Nas\u0131l Yer? (Ciltli)"},"content":{"rendered":"<p>\u00d6d\u00fcll\u00fc yazar Jane Yolen, reng\u00e2renk dinozor resimleriyle s\u00fcsl\u00fc bu kitapta yemek masas\u0131nda uyulmas\u0131 gereken kurallar\u0131 son derece e\u011flenceli bir dille anlat\u0131yor. <\/p>\n","protected":false},"excerpt":{"rendered":"<p>\u00d6d\u00fcll\u00fc yazar Jane Yolen, reng\u00e2renk dinozor resimleriyle s\u00fcsl\u00fc bu kitapta yemek masas\u0131nda uyulmas\u0131 gereken kurallar\u0131 son derece e\u011flenceli bir dille anlat\u0131yor.<\/p>\n","protected":false},"featured_media":0,"template":"","meta":{"_monsterinsights_skip_tracking":false,"_monsterinsights_sitenote_active":false,"_monsterinsights_sitenote_note":"","_monsterinsights_sitenote_category":0},"product_brand":[],"product_cat":[12913,12274],"product_tag":[],"class_list":{"0":"post-713991","1":"product","2":"type-product","3":"status-publish","5":"product_cat-3-6-yas-kitaplari","6":"product_cat-cocuk-ve-genclik-kitaplari","7":"pa_cilt-ciltli","8":"pa_tur-kitap","9":"pa_yayinevi-beyaz-balina-yayinlari","10":"pa_yazar-jane-yolen","12":"first","13":"instock","14":"sale","15":"shipping-taxable","16":"purchasable","17":"product-type-simple"},"_links":{"self":[{"href":"https:\/\/roveyayinevi.com.tr\/index.php\/wp-json\/wp\/v2\/product\/713991","targetHints":{"allow":["GET"]}}],"collection":[{"href":"https:\/\/roveyayinevi.com.tr\/index.php\/wp-json\/wp\/v2\/product"}],"about":[{"href":"https:\/\/roveyayinevi.com.tr\/index.php\/wp-json\/wp\/v2\/types\/product"}],"wp:attachment":[{"href":"https:\/\/roveyayinevi.com.tr\/index.php\/wp-json\/wp\/v2\/media?parent=713991"}],"wp:term":[{"taxonomy":"product_brand","embeddable":true,"href":"https:\/\/roveyayinevi.com.tr\/index.php\/wp-json\/wp\/v2\/product_brand?post=713991"},{"taxonomy":"product_cat","embeddable":true,"href":"https:\/\/roveyayinevi.com.tr\/index.php\/wp-json\/wp\/v2\/product_cat?post=713991"},{"taxonomy":"product_tag","embeddable":true,"href":"https:\/\/roveyayinevi.com.tr\/index.php\/wp-json\/wp\/v2\/product_tag?post=713991"}],"curies":[{"name":"wp","href":"https:\/\/api.w.org\/{rel}","templated":true}]}}