{"id":713990,"date":"2025-08-27T17:13:48","date_gmt":"2025-08-27T14:13:48","guid":{"rendered":"https:\/\/roveyayinevi.com.tr\/index.php\/urun\/anne-tuvaletim-geldi\/"},"modified":"2026-04-16T02:22:24","modified_gmt":"2026-04-15T23:22:24","slug":"anne-tuvaletim-geldi","status":"publish","type":"product","link":"https:\/\/roveyayinevi.com.tr\/index.php\/urun\/anne-tuvaletim-geldi\/","title":{"rendered":"Anne! Tuvaletim Geldi!"},"content":{"rendered":"<p>\u00c7ocu\u011fun tuvalet e\u011fitimine haz\u0131r olmas\u0131 ne demek?\u00c7ocu\u011funuz i\u00e7in en uygun y\u00f6ntem hangisi?E\u011fitim s\u00fcreci hem ebeveyn hem de \u00e7ocuk i\u00e7in nas\u0131l daha e\u011flenceli h\u00e2le gelebilir?\u00d6zel ihtiya\u00e7lar\u0131 olan ve \u00f6zel e\u011fitim g\u00f6ren \u00e7ocuklarda tuvalet e\u011fitimi nas\u0131l olmal\u0131d\u0131r?T\u00fcm zamanlar\u0131n en \u00e7ok okunan ve tavsiye edilen tuvalet e\u011fitimi kitab\u0131 Anne! Tuvaletim Geldi! tecr\u00fcbeli pediatri hem\u015firesi ve ebeveyn ko\u00e7u Helen F. Neville taraf\u0131ndan yenilenmi\u015f ve geni\u015fletilmi\u015f bask\u0131s\u0131yla \u00e7ocuk e\u011fitiminin en \u00f6nemli evrelerinden birinde, anne babalar i\u00e7in e\u015fsiz bir rehber olmaya aday. Gece e\u011fitiminden, s\u00fcrekli alt \u0131slatmaya ve d\u00fczelmeyen kab\u0131zl\u0131\u011fa kadar bir\u00e7ok sorunun cevab\u0131n\u0131 ve farkl\u0131 k\u00fclt\u00fcrlerdeki erken tuvalet e\u011fitimi y\u00f6ntemlerini bulabilece\u011finiz Anne! Tuvaletim Geldi! ya\u015fanm\u0131\u015f hik\u00e2yelerden \u00f6rneklerle de ebeveynlerin yoluna \u0131\u015f\u0131k tutuyor. <\/p>\n","protected":false},"excerpt":{"rendered":"<p>\u00c7ocu\u011fun tuvalet e\u011fitimine haz\u0131r olmas\u0131 ne demek?\u00c7ocu\u011funuz i\u00e7in en uygun y\u00f6ntem hangisi?E\u011fitim s\u00fcreci hem ebeveyn hem de \u00e7ocuk i\u00e7in nas\u0131l daha e\u011flenceli h\u00e2le gelebilir?\u00d6zel ihtiya\u00e7lar\u0131 olan<span class=\"excerpt-hellip\"> [\u2026]<\/span><\/p>\n","protected":false},"featured_media":0,"template":"","meta":{"_monsterinsights_skip_tracking":false,"_monsterinsights_sitenote_active":false,"_monsterinsights_sitenote_note":"","_monsterinsights_sitenote_category":0},"product_brand":[],"product_cat":[14902,13365],"product_tag":[],"class_list":{"0":"post-713990","1":"product","2":"type-product","3":"status-publish","5":"product_cat-annelik-ve-cocuk-bakimi","6":"product_cat-saglik","7":"pa_cilt-ciltsiz","8":"pa_tur-kitap","9":"pa_yayinevi-beyaz-balina-yayinlari","10":"pa_yazar-jan-faull","12":"first","13":"instock","14":"sale","15":"shipping-taxable","16":"purchasable","17":"product-type-simple"},"_links":{"self":[{"href":"https:\/\/roveyayinevi.com.tr\/index.php\/wp-json\/wp\/v2\/product\/713990","targetHints":{"allow":["GET"]}}],"collection":[{"href":"https:\/\/roveyayinevi.com.tr\/index.php\/wp-json\/wp\/v2\/product"}],"about":[{"href":"https:\/\/roveyayinevi.com.tr\/index.php\/wp-json\/wp\/v2\/types\/product"}],"wp:attachment":[{"href":"https:\/\/roveyayinevi.com.tr\/index.php\/wp-json\/wp\/v2\/media?parent=713990"}],"wp:term":[{"taxonomy":"product_brand","embeddable":true,"href":"https:\/\/roveyayinevi.com.tr\/index.php\/wp-json\/wp\/v2\/product_brand?post=713990"},{"taxonomy":"product_cat","embeddable":true,"href":"https:\/\/roveyayinevi.com.tr\/index.php\/wp-json\/wp\/v2\/product_cat?post=713990"},{"taxonomy":"product_tag","embeddable":true,"href":"https:\/\/roveyayinevi.com.tr\/index.php\/wp-json\/wp\/v2\/product_tag?post=713990"}],"curies":[{"name":"wp","href":"https:\/\/api.w.org\/{rel}","templated":true}]}}