{"id":713989,"date":"2025-08-27T17:13:48","date_gmt":"2025-08-27T14:13:48","guid":{"rendered":"https:\/\/roveyayinevi.com.tr\/index.php\/urun\/vatan-ana-samiha-ayverdi-misyonu-ve-tasavvuf-anlayisi\/"},"modified":"2026-04-16T02:22:24","modified_gmt":"2026-04-15T23:22:24","slug":"vatan-ana-samiha-ayverdi-misyonu-ve-tasavvuf-anlayisi","status":"publish","type":"product","link":"https:\/\/roveyayinevi.com.tr\/index.php\/urun\/vatan-ana-samiha-ayverdi-misyonu-ve-tasavvuf-anlayisi\/","title":{"rendered":"Vatan Ana Samiha Ayverdi Misyonu ve Tasavvuf Anlay\u0131\u015f\u0131"},"content":{"rendered":"<p>S\u00e2miha Ayverdi \u00f6mr\u00fcn\u00fc T\u00fcrk-\u0130sl\u00e2m k\u00fclt\u00fcr\u00fcn\u00fcn yeniden canlanmas\u0131na adam\u0131\u015f bir m\u00fctefekkir yazar\u0131m\u0131zd\u0131r. O, her t\u00fcrden eserinde tasavvuf inan\u0131\u015f ve d\u00fc\u015f\u00fcn\u00fc\u015f\u00fcn\u00fc ba\u015far\u0131yla anlatm\u0131\u015f, bu alandaki zengin bir k\u00fclt\u00fcr ve inan\u00e7 malzemesinin g\u00fcn\u00fcm\u00fcz insan\u0131na aktar\u0131l\u0131p tan\u0131t\u0131lmas\u0131nda bir k\u00f6pr\u00fc vazifesi g\u00f6rm\u00fc\u015ft\u00fcr. O, derg\u00e2hlar\u0131n kapal\u0131 oldu\u011fu devirlerde, tasavvufu eserlerinde ya\u015fatm\u0131\u015ft\u0131r. Ona g\u00f6re \u00fcst\u00fcne gaflet ve ceh\u00e2let tozlar\u0131 y\u0131\u011f\u0131lm\u0131\u015f tasavvuf m\u00fcessesesinin g\u00fcn \u0131\u015f\u0131\u011f\u0131na \u00e7\u0131kaca\u011f\u0131 g\u00fcnler gelecek, tasavvuf inan\u0131\u015f\u0131 yeniden sosyal hayat\u0131m\u0131za m\u00e2lolacakt\u0131r. \u0130\u015fte o zaman g\u00fcn\u00fcn \u015fartlar\u0131 i\u00e7inde, insan\u0131m\u0131z\u0131n zihin ve ruh yap\u0131s\u0131n\u0131 ar\u0131nd\u0131rmada kullanmak \u00fczere onu tekrar toplum hayat\u0131na m\u00e2letmek gerekir. Elinizdeki eserde Ayverdi\u2019nin misyonuna, sosyal alandaki hizmetlerine, din ve tasavvuf anlay\u0131\u015f\u0131na, ir\u015fat tarz\u0131na, tekkelere bak\u0131\u015f\u0131na dair yaz\u0131lar ve de\u011ferlendirmeler yer almaktad\u0131r. <\/p>\n","protected":false},"excerpt":{"rendered":"<p>S\u00e2miha Ayverdi \u00f6mr\u00fcn\u00fc T\u00fcrk-\u0130sl\u00e2m k\u00fclt\u00fcr\u00fcn\u00fcn yeniden canlanmas\u0131na adam\u0131\u015f bir m\u00fctefekkir yazar\u0131m\u0131zd\u0131r. O, her t\u00fcrden eserinde tasavvuf inan\u0131\u015f ve d\u00fc\u015f\u00fcn\u00fc\u015f\u00fcn\u00fc ba\u015far\u0131yla anlatm\u0131\u015f, bu alandaki zengin bir k\u00fclt\u00fcr<span class=\"excerpt-hellip\"> [\u2026]<\/span><\/p>\n","protected":false},"featured_media":0,"template":"","meta":{"_monsterinsights_skip_tracking":false,"_monsterinsights_sitenote_active":false,"_monsterinsights_sitenote_note":"","_monsterinsights_sitenote_category":0},"product_brand":[],"product_cat":[12718,12719],"product_tag":[],"class_list":{"0":"post-713989","1":"product","2":"type-product","3":"status-publish","5":"product_cat-din","6":"product_cat-islam","7":"pa_cilt-ciltsiz","8":"pa_tur-kitap","9":"pa_yayinevi-nefes-yayincilik","10":"pa_yazar-mehmet-demirci","12":"first","13":"instock","14":"sale","15":"shipping-taxable","16":"purchasable","17":"product-type-simple"},"_links":{"self":[{"href":"https:\/\/roveyayinevi.com.tr\/index.php\/wp-json\/wp\/v2\/product\/713989","targetHints":{"allow":["GET"]}}],"collection":[{"href":"https:\/\/roveyayinevi.com.tr\/index.php\/wp-json\/wp\/v2\/product"}],"about":[{"href":"https:\/\/roveyayinevi.com.tr\/index.php\/wp-json\/wp\/v2\/types\/product"}],"wp:attachment":[{"href":"https:\/\/roveyayinevi.com.tr\/index.php\/wp-json\/wp\/v2\/media?parent=713989"}],"wp:term":[{"taxonomy":"product_brand","embeddable":true,"href":"https:\/\/roveyayinevi.com.tr\/index.php\/wp-json\/wp\/v2\/product_brand?post=713989"},{"taxonomy":"product_cat","embeddable":true,"href":"https:\/\/roveyayinevi.com.tr\/index.php\/wp-json\/wp\/v2\/product_cat?post=713989"},{"taxonomy":"product_tag","embeddable":true,"href":"https:\/\/roveyayinevi.com.tr\/index.php\/wp-json\/wp\/v2\/product_tag?post=713989"}],"curies":[{"name":"wp","href":"https:\/\/api.w.org\/{rel}","templated":true}]}}