{"id":713988,"date":"2025-08-27T17:13:47","date_gmt":"2025-08-27T14:13:47","guid":{"rendered":"https:\/\/roveyayinevi.com.tr\/index.php\/urun\/itham-ediyorum\/"},"modified":"2026-04-16T02:22:24","modified_gmt":"2026-04-15T23:22:24","slug":"itham-ediyorum","status":"publish","type":"product","link":"https:\/\/roveyayinevi.com.tr\/index.php\/urun\/itham-ediyorum\/","title":{"rendered":"\u0130tham Ediyorum"},"content":{"rendered":"<p>Kimsenin ku\u015fkusu olmas\u0131n, t\u00fcm ki\u015fi ve kurumlar\u0131yla organize k\u00f6t\u00fcl\u00fck \u00f6rg\u00fct\u00fcn\u00fcn bu ablukas\u0131 da da\u011f\u0131t\u0131lacak. \u00c7\u00fcnk\u00fc bu \u00fclkede; &#8211; Demokrasi d\u00fc\u015fmanlar\u0131na inat, kal\u0131c\u0131 ve yayg\u0131n bir demokrasi i\u00e7in m\u00fccadele edenler var. &#8211; Hukuku katledenlere inat, hukukun \u00fcst\u00fcnl\u00fc\u011f\u00fcn\u00fc savunmaya devam edenler var. &#8211; Menfaat d\u00fczenlerini s\u00fcrd\u00fcrmek i\u00e7in sava\u015f\u0131 ve \u00f6l\u00fcm\u00fc kutsayanlara inat, bar\u0131\u015f\u0131 ve ya\u015fam\u0131 esas k\u0131lmaya \u00e7al\u0131\u015fanlar var. &#8211; \u00c7ocuklar\u0131 katledenlere, pedofilleri koruyanlara inat, \u00e7ocuklar\u0131n d\u00fc\u015flerini ger\u00e7ek k\u0131lmak i\u00e7in \u00e7abalayanlar var. &#8211; Ve hakikati bo\u011fmak isteyenlere inat, gazetecilik yapmaya devam edenler var. Gazetecilik faaliyetlerimin su\u00e7 olarak g\u00f6sterilmeye \u00e7al\u0131\u015f\u0131ld\u0131\u011f\u0131 bir operasyona kar\u015f\u0131 s\u00f6yleyeceklerim bundan ibarettir. Ve hi\u00e7bir \u015fekilde savunma de\u011fildir. \u00c7\u00fcnk\u00fc gazetecilik su\u00e7 de\u011fildir! Kahrolsun istibdat, ya\u015fas\u0131n h\u00fcrriyet! <\/p>\n","protected":false},"excerpt":{"rendered":"<p>Kimsenin ku\u015fkusu olmas\u0131n, t\u00fcm ki\u015fi ve kurumlar\u0131yla organize k\u00f6t\u00fcl\u00fck \u00f6rg\u00fct\u00fcn\u00fcn bu ablukas\u0131 da da\u011f\u0131t\u0131lacak. \u00c7\u00fcnk\u00fc bu \u00fclkede; &#8211; Demokrasi d\u00fc\u015fmanlar\u0131na inat, kal\u0131c\u0131 ve yayg\u0131n bir demokrasi<span class=\"excerpt-hellip\"> [\u2026]<\/span><\/p>\n","protected":false},"featured_media":0,"template":"","meta":{"_monsterinsights_skip_tracking":false,"_monsterinsights_sitenote_active":false,"_monsterinsights_sitenote_note":"","_monsterinsights_sitenote_category":0},"product_brand":[],"product_cat":[31194,12337],"product_tag":[],"class_list":{"0":"post-713988","1":"product","2":"type-product","3":"status-publish","5":"product_cat-guncel-siyaset","6":"product_cat-politika-siyaset","7":"pa_cilt-ciltsiz","8":"pa_tur-kitap","9":"pa_yayinevi-kirmizi-kedi-yayinevi","10":"pa_yazar-ahmet-sik","12":"first","13":"instock","14":"sale","15":"shipping-taxable","16":"purchasable","17":"product-type-simple"},"_links":{"self":[{"href":"https:\/\/roveyayinevi.com.tr\/index.php\/wp-json\/wp\/v2\/product\/713988","targetHints":{"allow":["GET"]}}],"collection":[{"href":"https:\/\/roveyayinevi.com.tr\/index.php\/wp-json\/wp\/v2\/product"}],"about":[{"href":"https:\/\/roveyayinevi.com.tr\/index.php\/wp-json\/wp\/v2\/types\/product"}],"wp:attachment":[{"href":"https:\/\/roveyayinevi.com.tr\/index.php\/wp-json\/wp\/v2\/media?parent=713988"}],"wp:term":[{"taxonomy":"product_brand","embeddable":true,"href":"https:\/\/roveyayinevi.com.tr\/index.php\/wp-json\/wp\/v2\/product_brand?post=713988"},{"taxonomy":"product_cat","embeddable":true,"href":"https:\/\/roveyayinevi.com.tr\/index.php\/wp-json\/wp\/v2\/product_cat?post=713988"},{"taxonomy":"product_tag","embeddable":true,"href":"https:\/\/roveyayinevi.com.tr\/index.php\/wp-json\/wp\/v2\/product_tag?post=713988"}],"curies":[{"name":"wp","href":"https:\/\/api.w.org\/{rel}","templated":true}]}}