{"id":713987,"date":"2025-08-27T17:13:47","date_gmt":"2025-08-27T14:13:47","guid":{"rendered":"https:\/\/roveyayinevi.com.tr\/index.php\/urun\/sarki-bitti\/"},"modified":"2026-04-16T02:22:24","modified_gmt":"2026-04-15T23:22:24","slug":"sarki-bitti","status":"publish","type":"product","link":"https:\/\/roveyayinevi.com.tr\/index.php\/urun\/sarki-bitti\/","title":{"rendered":"\u015eark\u0131 Bitti"},"content":{"rendered":"<p>Sessizlik soka\u011f\u0131 sarar  Konu\u015fmalar\u0131n bo\u015f kovanlar\u0131 yere da\u011f\u0131lm\u0131\u015ft\u0131r \u00e7oktan \u0130lk kim s\u00f6ylerse s\u00f6ylesin ayr\u0131l\u0131\u011f\u0131  Katil maktul yer de\u011fi\u015ftirir en fazla  Lakin farketmez netice hep ayn\u0131 Bir asma yapra\u011f\u0131 sallan\u0131r r\u00fczgarda  Y\u00fcz\u00fcne yap\u0131\u015f\u0131r g\u00fcne\u015f \u0131\u015f\u0131\u011f\u0131n\u0131n  Lo\u015f \u0131\u015f\u0131kl\u0131 odada Y\u0131kar bir gassal t\u00fcm a\u015fklar\u0131 sabunla <\/p>\n","protected":false},"excerpt":{"rendered":"<p>Sessizlik soka\u011f\u0131 sarar Konu\u015fmalar\u0131n bo\u015f kovanlar\u0131 yere da\u011f\u0131lm\u0131\u015ft\u0131r \u00e7oktan \u0130lk kim s\u00f6ylerse s\u00f6ylesin ayr\u0131l\u0131\u011f\u0131 Katil maktul yer de\u011fi\u015ftirir en fazla Lakin farketmez netice hep ayn\u0131 Bir<span class=\"excerpt-hellip\"> [\u2026]<\/span><\/p>\n","protected":false},"featured_media":0,"template":"","meta":{"_monsterinsights_skip_tracking":false,"_monsterinsights_sitenote_active":false,"_monsterinsights_sitenote_note":"","_monsterinsights_sitenote_category":0},"product_brand":[],"product_cat":[12291,12509],"product_tag":[],"class_list":{"0":"post-713987","1":"product","2":"type-product","3":"status-publish","5":"product_cat-edebiyat","6":"product_cat-siir","7":"pa_cilt-ciltsiz","8":"pa_tur-kitap","9":"pa_yayinevi-altinordu-yayinlari","10":"pa_yazar-umit-rona","12":"first","13":"instock","14":"sale","15":"shipping-taxable","16":"purchasable","17":"product-type-simple"},"_links":{"self":[{"href":"https:\/\/roveyayinevi.com.tr\/index.php\/wp-json\/wp\/v2\/product\/713987","targetHints":{"allow":["GET"]}}],"collection":[{"href":"https:\/\/roveyayinevi.com.tr\/index.php\/wp-json\/wp\/v2\/product"}],"about":[{"href":"https:\/\/roveyayinevi.com.tr\/index.php\/wp-json\/wp\/v2\/types\/product"}],"wp:attachment":[{"href":"https:\/\/roveyayinevi.com.tr\/index.php\/wp-json\/wp\/v2\/media?parent=713987"}],"wp:term":[{"taxonomy":"product_brand","embeddable":true,"href":"https:\/\/roveyayinevi.com.tr\/index.php\/wp-json\/wp\/v2\/product_brand?post=713987"},{"taxonomy":"product_cat","embeddable":true,"href":"https:\/\/roveyayinevi.com.tr\/index.php\/wp-json\/wp\/v2\/product_cat?post=713987"},{"taxonomy":"product_tag","embeddable":true,"href":"https:\/\/roveyayinevi.com.tr\/index.php\/wp-json\/wp\/v2\/product_tag?post=713987"}],"curies":[{"name":"wp","href":"https:\/\/api.w.org\/{rel}","templated":true}]}}