{"id":713985,"date":"2025-08-27T17:13:46","date_gmt":"2025-08-27T14:13:46","guid":{"rendered":"https:\/\/roveyayinevi.com.tr\/index.php\/urun\/kuzey-azerbaycan-istiklalden-ikinci-isgale-1918-1920\/"},"modified":"2026-04-16T02:22:24","modified_gmt":"2026-04-15T23:22:24","slug":"kuzey-azerbaycan-istiklalden-ikinci-isgale-1918-1920","status":"publish","type":"product","link":"https:\/\/roveyayinevi.com.tr\/index.php\/urun\/kuzey-azerbaycan-istiklalden-ikinci-isgale-1918-1920\/","title":{"rendered":"Kuzey Azerbaycan \u0130stiklalden \u0130kinci \u0130\u015fgale 1918-1920"},"content":{"rendered":"<p>Kafkas \u0130slam Ordusu, T\u00fcrkl\u00fck tarihinin en hassas, gurur verici safhalar\u0131ndan birini olu\u015fturdu. Kumandan Nuri Pa\u015fa ve Siyasi M\u00fc\u015favir Ahmet A\u011fao\u011flu devletin kurulmas\u0131nda \u00f6nemli rol \u00fcstlendiler. Temelde anlay\u0131\u015f ve kar\u015f\u0131l\u0131ks\u0131z yard\u0131m \u015fartlar\u0131nda geli\u015fen bu ili\u015fkiler, tart\u0131\u015fmal\u0131 halleri de i\u00e7inde bar\u0131nd\u0131rd\u0131. Azerbaycan\u2019da ba\u011f\u0131ms\u0131z, demokratik, laik cumhuriyetin kurucular\u0131, isimleri genel T\u00fcrk tarihine alt\u0131n harflerle yaz\u0131lan b\u00fcy\u00fck devlet adamlar\u0131d\u0131r. Azerbaycan istiklalini beyan eden Milli \u015eura Ba\u015fkan\u0131 M. Emin Resulzade, Parlamento ve Paris Bar\u0131\u015f Heyeti Ba\u015fkan\u0131 Ali Merdan Top\u00e7uba\u015f\u0131, Ba\u015fbakanlar Feteli Han Hoyski ve Nesib Bey Yusufbeyli, Parlamento Ba\u015fkan Yard\u0131mc\u0131s\u0131 Dr. Hasan A\u011fayev gibi g\u00f6rkemli \u015fahsiyetler yaln\u0131z Azerbaycan\u2019\u0131n de\u011fil, ayn\u0131 zamanda T\u00fcrk d\u00fcnyas\u0131n\u0131n gururlar\u0131d\u0131r. Bu kitap, onlar\u0131n hizmetlerine na\u00e7iz bir \u015f\u00fckran borcumuzun ifadesidir. \ufffcTan\u0131t\u0131m Metni<\/p>\n","protected":false},"excerpt":{"rendered":"<p>Kafkas \u0130slam Ordusu, T\u00fcrkl\u00fck tarihinin en hassas, gurur verici safhalar\u0131ndan birini olu\u015fturdu. Kumandan Nuri Pa\u015fa ve Siyasi M\u00fc\u015favir Ahmet A\u011fao\u011flu devletin kurulmas\u0131nda \u00f6nemli rol \u00fcstlendiler. Temelde<span class=\"excerpt-hellip\"> [\u2026]<\/span><\/p>\n","protected":false},"featured_media":0,"template":"","meta":{"_monsterinsights_skip_tracking":false,"_monsterinsights_sitenote_active":false,"_monsterinsights_sitenote_note":"","_monsterinsights_sitenote_category":0},"product_brand":[],"product_cat":[12370,12304],"product_tag":[],"class_list":{"0":"post-713985","1":"product","2":"type-product","3":"status-publish","5":"product_cat-arastirma-inceleme","6":"product_cat-tarih","7":"pa_cilt-ciltsiz","8":"pa_tur-kitap","9":"pa_yayinevi-altinordu-yayinlari","10":"pa_yazar-nesib-l-nesibli","12":"first","13":"instock","14":"sale","15":"shipping-taxable","16":"purchasable","17":"product-type-simple"},"_links":{"self":[{"href":"https:\/\/roveyayinevi.com.tr\/index.php\/wp-json\/wp\/v2\/product\/713985","targetHints":{"allow":["GET"]}}],"collection":[{"href":"https:\/\/roveyayinevi.com.tr\/index.php\/wp-json\/wp\/v2\/product"}],"about":[{"href":"https:\/\/roveyayinevi.com.tr\/index.php\/wp-json\/wp\/v2\/types\/product"}],"wp:attachment":[{"href":"https:\/\/roveyayinevi.com.tr\/index.php\/wp-json\/wp\/v2\/media?parent=713985"}],"wp:term":[{"taxonomy":"product_brand","embeddable":true,"href":"https:\/\/roveyayinevi.com.tr\/index.php\/wp-json\/wp\/v2\/product_brand?post=713985"},{"taxonomy":"product_cat","embeddable":true,"href":"https:\/\/roveyayinevi.com.tr\/index.php\/wp-json\/wp\/v2\/product_cat?post=713985"},{"taxonomy":"product_tag","embeddable":true,"href":"https:\/\/roveyayinevi.com.tr\/index.php\/wp-json\/wp\/v2\/product_tag?post=713985"}],"curies":[{"name":"wp","href":"https:\/\/api.w.org\/{rel}","templated":true}]}}