{"id":713983,"date":"2025-08-27T17:13:45","date_gmt":"2025-08-27T14:13:45","guid":{"rendered":"https:\/\/roveyayinevi.com.tr\/index.php\/urun\/akademik-yazma\/"},"modified":"2026-04-16T02:22:24","modified_gmt":"2026-04-15T23:22:24","slug":"akademik-yazma","status":"publish","type":"product","link":"https:\/\/roveyayinevi.com.tr\/index.php\/urun\/akademik-yazma\/","title":{"rendered":"Akademik Yazma"},"content":{"rendered":"<p>\u0130leri d\u00fczeyde yazma becerisi gerektiren, bilimsel dilin kullan\u0131ld\u0131g\u0131, kendine \u00f6zg\u00fc kurallar\u0131 olan dizgesel bir metin olusturma s\u00fcreci olarak tan\u0131mlanan akademik yazma, bilimsel metin olusturanlar a\u00e7\u0131s\u0131ndan olduk\u00e7a \u00f6nemli bir kavramd\u0131r. Akademik yazma ve akademik yazmaya dair metindilbilimsel konular\u0131 ele alan \u00e7al\u0131smalar\u0131n egitsel i\u015flev boyutuyla metin olusturucular\u0131n daha nitelikli bilimsel metinler ortaya koymalar\u0131na olanak saglanabilir. Bu kitap da akademik yazma eyleminde bulunanlar\u0131n olu\u015fturmaya \u00e7al\u0131st\u0131klar\u0131 bilimsel metinlerin tan\u0131t\u0131c\u0131 birimleri ve s\u00f6zbilimsel yap\u0131s\u0131 ile akademik yazman\u0131n temel unsurlar\u0131ndan olan \u00fcsts\u00f6ylem ve at\u0131f tipleri hakk\u0131nda bilgi vermeyi ama\u00e7lamaktad\u0131r. <\/p>\n","protected":false},"excerpt":{"rendered":"<p>\u0130leri d\u00fczeyde yazma becerisi gerektiren, bilimsel dilin kullan\u0131ld\u0131g\u0131, kendine \u00f6zg\u00fc kurallar\u0131 olan dizgesel bir metin olusturma s\u00fcreci olarak tan\u0131mlanan akademik yazma, bilimsel metin olusturanlar a\u00e7\u0131s\u0131ndan olduk\u00e7a<span class=\"excerpt-hellip\"> [\u2026]<\/span><\/p>\n","protected":false},"featured_media":0,"template":"","meta":{"_monsterinsights_skip_tracking":false,"_monsterinsights_sitenote_active":false,"_monsterinsights_sitenote_note":"","_monsterinsights_sitenote_category":0},"product_brand":[],"product_cat":[12573,12566],"product_tag":[],"class_list":{"0":"post-713983","1":"product","2":"type-product","3":"status-publish","5":"product_cat-akademik-kitaplar","6":"product_cat-egitim","7":"pa_cilt-ciltsiz","8":"pa_tur-kitap","9":"pa_yayinevi-egiten-kitap","10":"pa_yazar-mustafa-onur-kan","12":"first","13":"instock","14":"sale","15":"shipping-taxable","16":"purchasable","17":"product-type-simple"},"_links":{"self":[{"href":"https:\/\/roveyayinevi.com.tr\/index.php\/wp-json\/wp\/v2\/product\/713983","targetHints":{"allow":["GET"]}}],"collection":[{"href":"https:\/\/roveyayinevi.com.tr\/index.php\/wp-json\/wp\/v2\/product"}],"about":[{"href":"https:\/\/roveyayinevi.com.tr\/index.php\/wp-json\/wp\/v2\/types\/product"}],"wp:attachment":[{"href":"https:\/\/roveyayinevi.com.tr\/index.php\/wp-json\/wp\/v2\/media?parent=713983"}],"wp:term":[{"taxonomy":"product_brand","embeddable":true,"href":"https:\/\/roveyayinevi.com.tr\/index.php\/wp-json\/wp\/v2\/product_brand?post=713983"},{"taxonomy":"product_cat","embeddable":true,"href":"https:\/\/roveyayinevi.com.tr\/index.php\/wp-json\/wp\/v2\/product_cat?post=713983"},{"taxonomy":"product_tag","embeddable":true,"href":"https:\/\/roveyayinevi.com.tr\/index.php\/wp-json\/wp\/v2\/product_tag?post=713983"}],"curies":[{"name":"wp","href":"https:\/\/api.w.org\/{rel}","templated":true}]}}