{"id":713982,"date":"2025-08-27T17:13:44","date_gmt":"2025-08-27T14:13:44","guid":{"rendered":"https:\/\/roveyayinevi.com.tr\/index.php\/urun\/ders-calisma-motivasyonu\/"},"modified":"2026-04-16T02:22:24","modified_gmt":"2026-04-15T23:22:24","slug":"ders-calisma-motivasyonu","status":"publish","type":"product","link":"https:\/\/roveyayinevi.com.tr\/index.php\/urun\/ders-calisma-motivasyonu\/","title":{"rendered":"Ders \u00c7al\u0131\u015fma Motivasyonu"},"content":{"rendered":"<p>Bu kitab\u0131n temel amac\u0131; \u00e7ocuklar\u0131n\u0131n ve \u00f6\u011frencilerinin ders ba\u015far\u0131lar\u0131n\u0131 art\u0131rmalar\u0131na katk\u0131da bulunmak isteyen anne baba ve \u00f6\u011fretmenlere etkili bir yakla\u015f\u0131m kazand\u0131rarak; \u00e7ocuklar\u0131n\u0131z\u0131 kendine g\u00fcvenen, denemekten ve hata yapmaktan korkmayan, geriye d\u00f6n\u00fcp d\u00fczeltmeler yapabilen, kendisiyle ve sizlerle bar\u0131\u015f\u0131k mutlu bireyler olabilmelerine katk\u0131da bulunmakt\u0131r.\u00d6\u011fretmenlerimizin ve velilerimizin, \u00e7ocuklar\u0131m\u0131z\u0131n ya\u015fad\u0131klar\u0131 sorunlara, sonu\u00e7 al\u0131c\u0131 yakla\u015f\u0131mlar geli\u015ftirmekte g\u00fc\u00e7l\u00fck ya\u015fad\u0131klar\u0131na dair, yayg\u0131n ve somut g\u00f6zlemlerim oldu. \u00d6\u011f\u00fct verici, insana dokunmayan s\u00f6z ve \u00fcsluplar\u0131n hem \u00f6\u011fretmen hem ebeveyn hem de \u00f6\u011frencileri \u00e7aresiz b\u0131rakt\u0131\u011f\u0131n\u0131 her defas\u0131nda g\u00f6rerek duydu\u011fum \u00fcz\u00fcnt\u00fc nedeniyle, ileti\u015fimsel a\u00e7\u0131dan baz\u0131 alternatifler sunabilirim diye d\u00fc\u015f\u00fcnd\u00fcm. <\/p>\n","protected":false},"excerpt":{"rendered":"<p>Bu kitab\u0131n temel amac\u0131; \u00e7ocuklar\u0131n\u0131n ve \u00f6\u011frencilerinin ders ba\u015far\u0131lar\u0131n\u0131 art\u0131rmalar\u0131na katk\u0131da bulunmak isteyen anne baba ve \u00f6\u011fretmenlere etkili bir yakla\u015f\u0131m kazand\u0131rarak; \u00e7ocuklar\u0131n\u0131z\u0131 kendine g\u00fcvenen, denemekten ve<span class=\"excerpt-hellip\"> [\u2026]<\/span><\/p>\n","protected":false},"featured_media":0,"template":"","meta":{"_monsterinsights_skip_tracking":false,"_monsterinsights_sitenote_active":false,"_monsterinsights_sitenote_note":"","_monsterinsights_sitenote_category":0},"product_brand":[],"product_cat":[17996,12364],"product_tag":[],"class_list":{"0":"post-713982","1":"product","2":"type-product","3":"status-publish","5":"product_cat-ebeveyn-kitaplari","6":"product_cat-genel-konular","7":"pa_cilt-ciltsiz","8":"pa_tur-kitap","9":"pa_yayinevi-egiten-kitap","10":"pa_yazar-tahsin-ciftci","12":"first","13":"instock","14":"sale","15":"shipping-taxable","16":"purchasable","17":"product-type-simple"},"_links":{"self":[{"href":"https:\/\/roveyayinevi.com.tr\/index.php\/wp-json\/wp\/v2\/product\/713982","targetHints":{"allow":["GET"]}}],"collection":[{"href":"https:\/\/roveyayinevi.com.tr\/index.php\/wp-json\/wp\/v2\/product"}],"about":[{"href":"https:\/\/roveyayinevi.com.tr\/index.php\/wp-json\/wp\/v2\/types\/product"}],"wp:attachment":[{"href":"https:\/\/roveyayinevi.com.tr\/index.php\/wp-json\/wp\/v2\/media?parent=713982"}],"wp:term":[{"taxonomy":"product_brand","embeddable":true,"href":"https:\/\/roveyayinevi.com.tr\/index.php\/wp-json\/wp\/v2\/product_brand?post=713982"},{"taxonomy":"product_cat","embeddable":true,"href":"https:\/\/roveyayinevi.com.tr\/index.php\/wp-json\/wp\/v2\/product_cat?post=713982"},{"taxonomy":"product_tag","embeddable":true,"href":"https:\/\/roveyayinevi.com.tr\/index.php\/wp-json\/wp\/v2\/product_tag?post=713982"}],"curies":[{"name":"wp","href":"https:\/\/api.w.org\/{rel}","templated":true}]}}