{"id":713980,"date":"2025-08-27T17:13:43","date_gmt":"2025-08-27T14:13:43","guid":{"rendered":"https:\/\/roveyayinevi.com.tr\/index.php\/urun\/okul-oncesi-donemde-akran-iliskileri\/"},"modified":"2026-04-16T02:22:24","modified_gmt":"2026-04-15T23:22:24","slug":"okul-oncesi-donemde-akran-iliskileri","status":"publish","type":"product","link":"https:\/\/roveyayinevi.com.tr\/index.php\/urun\/okul-oncesi-donemde-akran-iliskileri\/","title":{"rendered":"Okul \u00d6ncesi D\u00f6nemde Akran \u0130li\u015fkileri"},"content":{"rendered":"<p>Okul \u00f6ncesi d\u00f6nem, geli\u015fim ve \u00f6\u011frenme a\u00e7\u0131s\u0131ndan ya\u015fam\u0131n en h\u0131zl\u0131 d\u00f6nemidir. Ya\u015fam\u0131n ilk y\u0131llar\u0131ndaki deneyimler \u00e7ocu\u011fun hayat\u0131nda k\u0131sa ve uzun s\u00fcreli etkilere yol a\u00e7maktad\u0131r. Bu deneyimlerde akranIar\u0131n da pay\u0131 b\u00fcy\u00fckt\u00fcr. Akranlar, aileden sonra \u00e7ocu\u011fun d\u00fczenli ve uzun olarak sosyal etkile\u015fime girdi\u011fi ilk ki\u015filerdir. Bununla birlikte akranlar, \u00f6\u011fretmen, rehber, model olman\u0131n yan\u0131 s\u0131ra duygusal, psikolojik hatta fiziksel geli\u015fim \u00fczerinde \u00f6nemli etkiler meydana getirmektedirler. Ya\u015fla birlikte akranlar\u0131n i\u015flevleri farkl\u0131l\u0131kla\u015fsa da \u00f6nemi de\u011fi\u015fmemektedir. Ya\u015famdaki ilk akran ili\u015fkilerinin niteli\u011fi \u00e7ocu\u011fun ileriki y\u0131llardaki psikolojik sa\u011fl\u0131\u011f\u0131na, duygusal ve sosya geli\u015fimine y\u00f6n verebilmektedir. Bu ba\u011flamda kitap, okul \u00f6nce: d\u00f6nemdeki akran ili\u015fkilerinin geli\u015fimini, \u00f6nemini, bu ili\u015fkileri etkile yen fakt\u00f6rleri ve akran ili\u015fkilerini geli\u015ftirmek i\u00e7in yap\u0131lmas\u0131 gereker leri ortaya koymak amac\u0131yla haz\u0131rlanm\u0131\u015ft\u0131r. \ufffcTan\u0131t\u0131m Metni<\/p>\n","protected":false},"excerpt":{"rendered":"<p>Okul \u00f6ncesi d\u00f6nem, geli\u015fim ve \u00f6\u011frenme a\u00e7\u0131s\u0131ndan ya\u015fam\u0131n en h\u0131zl\u0131 d\u00f6nemidir. Ya\u015fam\u0131n ilk y\u0131llar\u0131ndaki deneyimler \u00e7ocu\u011fun hayat\u0131nda k\u0131sa ve uzun s\u00fcreli etkilere yol a\u00e7maktad\u0131r. Bu deneyimlerde<span class=\"excerpt-hellip\"> [\u2026]<\/span><\/p>\n","protected":false},"featured_media":0,"template":"","meta":{"_monsterinsights_skip_tracking":false,"_monsterinsights_sitenote_active":false,"_monsterinsights_sitenote_note":"","_monsterinsights_sitenote_category":0},"product_brand":[],"product_cat":[13772,12364],"product_tag":[],"class_list":{"0":"post-713980","1":"product","2":"type-product","3":"status-publish","5":"product_cat-basvuru-kitaplari","6":"product_cat-genel-konular","7":"pa_cilt-ciltsiz","8":"pa_tur-kitap","9":"pa_yayinevi-egiten-kitap","10":"pa_yazar-hulya-gulay-ogelman","12":"first","13":"instock","14":"sale","15":"shipping-taxable","16":"purchasable","17":"product-type-simple"},"_links":{"self":[{"href":"https:\/\/roveyayinevi.com.tr\/index.php\/wp-json\/wp\/v2\/product\/713980","targetHints":{"allow":["GET"]}}],"collection":[{"href":"https:\/\/roveyayinevi.com.tr\/index.php\/wp-json\/wp\/v2\/product"}],"about":[{"href":"https:\/\/roveyayinevi.com.tr\/index.php\/wp-json\/wp\/v2\/types\/product"}],"wp:attachment":[{"href":"https:\/\/roveyayinevi.com.tr\/index.php\/wp-json\/wp\/v2\/media?parent=713980"}],"wp:term":[{"taxonomy":"product_brand","embeddable":true,"href":"https:\/\/roveyayinevi.com.tr\/index.php\/wp-json\/wp\/v2\/product_brand?post=713980"},{"taxonomy":"product_cat","embeddable":true,"href":"https:\/\/roveyayinevi.com.tr\/index.php\/wp-json\/wp\/v2\/product_cat?post=713980"},{"taxonomy":"product_tag","embeddable":true,"href":"https:\/\/roveyayinevi.com.tr\/index.php\/wp-json\/wp\/v2\/product_tag?post=713980"}],"curies":[{"name":"wp","href":"https:\/\/api.w.org\/{rel}","templated":true}]}}