{"id":713979,"date":"2025-08-27T17:13:43","date_gmt":"2025-08-27T14:13:43","guid":{"rendered":"https:\/\/roveyayinevi.com.tr\/index.php\/urun\/kitapsiz-ask\/"},"modified":"2026-04-16T02:22:24","modified_gmt":"2026-04-15T23:22:24","slug":"kitapsiz-ask","status":"publish","type":"product","link":"https:\/\/roveyayinevi.com.tr\/index.php\/urun\/kitapsiz-ask\/","title":{"rendered":"Kitaps\u0131z A\u015fk"},"content":{"rendered":"<p>&#8221;leyla&#8217;y\u0131 leyla yapan mecnun&#8217;dur&#8221; dedi.yanl\u0131\u015f duydu\u011fumu san\u0131p &#8221;efendim?&#8221; diye sordum.&#8221;leyla&#8217;y\u0131 leyla yapan mecnun&#8217;dur&#8221;diye tekrarlad\u0131. benim salak salak bakt\u0131\u011f\u0131m\u0131 g\u00f6r\u00fcnce &#8221;seni sevendir seni g\u00fczelle\u015ftiren, yoksa \u00e7ok \u00e7irkin bir herifsin sen.&#8221; diye devam etti.&#8221;eyvallah&#8230;&#8221; diye tebess\u00fcm ettim.&#8221;bak, ben de seni sevince nas\u0131l da g\u00fczelle\u015ftin&#8221; diyerek cebinden bir izmarit \u00e7\u0131kard\u0131. tam \u00e7akma\u011f\u0131m\u0131 al\u0131p yakacakken garsonun bak\u0131\u015flar\u0131n\u0131 g\u00f6r\u00fcp vazge\u00e7ti.&#8221;sen g\u00fczel misin peki?&#8221; diye sordum.&#8221;\u015fimdi evet&#8221; dedi. &#8221;soka\u011fa \u00e7\u0131kana kadar evet&#8230;&#8221;sustuk&#8230;ellerimi y\u0131kamak i\u00e7in lavobaya gittim. ellerimi y\u0131karken ona para vermeyi, \u00fcst\u00fcne ba\u015f\u0131na bir\u015feyler almay\u0131 d\u00fc\u015f\u00fcnd\u00fcm. fakat geri d\u00f6nd\u00fc\u011f\u00fcmde masada yoktu. etrafa bak\u0131nd\u0131\u011f\u0131m\u0131 g\u00f6ren garson &#8221;gitti abi&#8221; dedi.ge\u00e7ip yerime oturdum. taba\u011f\u0131mda ad\u0131n\u0131 bile bilmedi\u011fim kad\u0131n\u0131n teneke y\u00fcz\u00fc\u011f\u00fc ve pe\u00e7eteye yaz\u0131lm\u0131\u015f bir not duruyordu. heyecanla notu okumaya ba\u015flad\u0131m.&#8221;her erkek cebinde mendil ta\u015f\u0131r ama i\u00e7lerinden sadece adam olanlar sevdiklerinin burunlar\u0131n\u0131 siler.&#8221; <\/p>\n","protected":false},"excerpt":{"rendered":"<p>&#8221;leyla&#8217;y\u0131 leyla yapan mecnun&#8217;dur&#8221; dedi.yanl\u0131\u015f duydu\u011fumu san\u0131p &#8221;efendim?&#8221; diye sordum.&#8221;leyla&#8217;y\u0131 leyla yapan mecnun&#8217;dur&#8221;diye tekrarlad\u0131. benim salak salak bakt\u0131\u011f\u0131m\u0131 g\u00f6r\u00fcnce &#8221;seni sevendir seni g\u00fczelle\u015ftiren, yoksa \u00e7ok \u00e7irkin<span class=\"excerpt-hellip\"> [\u2026]<\/span><\/p>\n","protected":false},"featured_media":0,"template":"","meta":{"_monsterinsights_skip_tracking":false,"_monsterinsights_sitenote_active":false,"_monsterinsights_sitenote_note":"","_monsterinsights_sitenote_category":0},"product_brand":[],"product_cat":[12777,12291],"product_tag":[],"class_list":{"0":"post-713979","1":"product","2":"type-product","3":"status-publish","5":"product_cat-deneme","6":"product_cat-edebiyat","7":"pa_cilt-ciltsiz","8":"pa_tur-kitap","9":"pa_yayinevi-herdem-kitap","10":"pa_yazar-tamer-dursun","12":"first","13":"instock","14":"sale","15":"shipping-taxable","16":"purchasable","17":"product-type-simple"},"_links":{"self":[{"href":"https:\/\/roveyayinevi.com.tr\/index.php\/wp-json\/wp\/v2\/product\/713979","targetHints":{"allow":["GET"]}}],"collection":[{"href":"https:\/\/roveyayinevi.com.tr\/index.php\/wp-json\/wp\/v2\/product"}],"about":[{"href":"https:\/\/roveyayinevi.com.tr\/index.php\/wp-json\/wp\/v2\/types\/product"}],"wp:attachment":[{"href":"https:\/\/roveyayinevi.com.tr\/index.php\/wp-json\/wp\/v2\/media?parent=713979"}],"wp:term":[{"taxonomy":"product_brand","embeddable":true,"href":"https:\/\/roveyayinevi.com.tr\/index.php\/wp-json\/wp\/v2\/product_brand?post=713979"},{"taxonomy":"product_cat","embeddable":true,"href":"https:\/\/roveyayinevi.com.tr\/index.php\/wp-json\/wp\/v2\/product_cat?post=713979"},{"taxonomy":"product_tag","embeddable":true,"href":"https:\/\/roveyayinevi.com.tr\/index.php\/wp-json\/wp\/v2\/product_tag?post=713979"}],"curies":[{"name":"wp","href":"https:\/\/api.w.org\/{rel}","templated":true}]}}