{"id":713977,"date":"2025-08-27T17:13:41","date_gmt":"2025-08-27T14:13:41","guid":{"rendered":"https:\/\/roveyayinevi.com.tr\/index.php\/urun\/gencler-icin-gizemli-oykuler\/"},"modified":"2026-04-16T02:22:24","modified_gmt":"2026-04-15T23:22:24","slug":"gencler-icin-gizemli-oykuler","status":"publish","type":"product","link":"https:\/\/roveyayinevi.com.tr\/index.php\/urun\/gencler-icin-gizemli-oykuler\/","title":{"rendered":"Gen\u00e7ler \u0130\u00e7in Gizemli \u00d6yk\u00fcler"},"content":{"rendered":"<p>Sherlock Holmes\u2019in yarat\u0131c\u0131s\u0131 Sir Arthur Conan Doyle, Poe\u2019yi dedektiflik \u00f6yk\u00fclerinin babas\u0131 olarak g\u00f6rd\u00fc\u011f\u00fcn\u00fc ve kendi kalemi \u00fczerindeki etkisine \u015f\u00f6yle de\u011finir:\u201cDikkatsizce bol bol etrafa sa\u00e7t\u0131\u011f\u0131 tohumlardan bug\u00fcnk\u00fc edebiyat formlar\u0131m\u0131z\u0131n \u00e7o\u011funun \u00e7\u0131kt\u0131\u011f\u0131 Edgar Allan Poe dedektif \u00f6yk\u00fclerinin babas\u0131yd\u0131 ve dedektif \u00f6yk\u00fclerinin s\u0131n\u0131rlar\u0131n\u0131 \u00f6ylesine kapsam\u0131\u015ft\u0131 ki takip\u00e7ilerinin nas\u0131l olup da kendilerine ait oldu\u011funu iddia ettikleri yeni alanlar buldu\u011funu anlamakta zorluk \u00e7ekiyorum. Dedektif \u00f6yk\u00fcs\u00fcn\u00fcn k\u0131sal\u0131\u011f\u0131na kar\u015f\u0131n yo\u011funlu\u011fu bir tek niteli\u011fe, yazar\u0131n kahraman\u0131na verdi\u011fi zek\u00e2 keskinli\u011fine ba\u011fl\u0131d\u0131r. Bunun d\u0131\u015f\u0131ndaki her \u015fey etkiyi azalt\u0131r. Sorun ve \u00e7\u00f6z\u00fcm\u00fc, izle\u011fi olu\u015fturmal\u0131, yarat\u0131lan karakterler buna ba\u011fl\u0131 olmal\u0131d\u0131r. Bu dar yolda ilerlemesi gereken yazar her zaman \u00f6n\u00fcnde Poe\u2019nun ayak izlerini bulur. Bu yolun d\u0131\u015f\u0131na \u00e7\u0131kabilir ve kendisine ait bir yan yol bulabilirse yazar kendini mutlu saymal\u0131d\u0131r.\u201dPoe, \u00e7a\u011f\u0131n\u0131n en b\u00fcy\u00fck yazarlar\u0131ndan birisidir. Dedektiflik ve korku yaz\u0131n\u0131 kadar bilimkurgu yaz\u0131n\u0131 i\u00e7in de Poe bir ilham kayna\u011f\u0131d\u0131r. Poe ola\u011fan\u00fcst\u00fc hayal g\u00fcc\u00fcyle, sivri zek\u00e2s\u0131 ve kurgu g\u00fcc\u00fcyle ad\u0131n\u0131 edebiyat tarihine \u00e7ivilemi\u015ftir. \u015eiirsel ve ak\u0131c\u0131 \u00fcslubu okur i\u00e7in ayr\u0131ca b\u00fcy\u00fck zevkler sunmaktad\u0131r. Herdem Kitap olarak Poe\u2019den derledi\u011fimiz \u201cGen\u00e7ler \u0130\u00e7in Gizemli \u00d6yk\u00fcler\u201d gen\u00e7 okurlar\u0131m\u0131za ve elbette Poe hayran\u0131 yeti\u015fkinlere sunuyoruz. <\/p>\n","protected":false},"excerpt":{"rendered":"<p>Sherlock Holmes\u2019in yarat\u0131c\u0131s\u0131 Sir Arthur Conan Doyle, Poe\u2019yi dedektiflik \u00f6yk\u00fclerinin babas\u0131 olarak g\u00f6rd\u00fc\u011f\u00fcn\u00fc ve kendi kalemi \u00fczerindeki etkisine \u015f\u00f6yle de\u011finir:\u201cDikkatsizce bol bol etrafa sa\u00e7t\u0131\u011f\u0131 tohumlardan bug\u00fcnk\u00fc<span class=\"excerpt-hellip\"> [\u2026]<\/span><\/p>\n","protected":false},"featured_media":0,"template":"","meta":{"_monsterinsights_skip_tracking":false,"_monsterinsights_sitenote_active":false,"_monsterinsights_sitenote_note":"","_monsterinsights_sitenote_category":0},"product_brand":[],"product_cat":[12291,12711],"product_tag":[],"class_list":{"0":"post-713977","1":"product","2":"type-product","3":"status-publish","5":"product_cat-edebiyat","6":"product_cat-roman-oyku","7":"pa_cilt-ciltsiz","8":"pa_tur-kitap","9":"pa_yayinevi-herdem-kitap","10":"pa_yazar-edgar-allan-poe","12":"first","13":"instock","14":"sale","15":"shipping-taxable","16":"purchasable","17":"product-type-simple"},"_links":{"self":[{"href":"https:\/\/roveyayinevi.com.tr\/index.php\/wp-json\/wp\/v2\/product\/713977","targetHints":{"allow":["GET"]}}],"collection":[{"href":"https:\/\/roveyayinevi.com.tr\/index.php\/wp-json\/wp\/v2\/product"}],"about":[{"href":"https:\/\/roveyayinevi.com.tr\/index.php\/wp-json\/wp\/v2\/types\/product"}],"wp:attachment":[{"href":"https:\/\/roveyayinevi.com.tr\/index.php\/wp-json\/wp\/v2\/media?parent=713977"}],"wp:term":[{"taxonomy":"product_brand","embeddable":true,"href":"https:\/\/roveyayinevi.com.tr\/index.php\/wp-json\/wp\/v2\/product_brand?post=713977"},{"taxonomy":"product_cat","embeddable":true,"href":"https:\/\/roveyayinevi.com.tr\/index.php\/wp-json\/wp\/v2\/product_cat?post=713977"},{"taxonomy":"product_tag","embeddable":true,"href":"https:\/\/roveyayinevi.com.tr\/index.php\/wp-json\/wp\/v2\/product_tag?post=713977"}],"curies":[{"name":"wp","href":"https:\/\/api.w.org\/{rel}","templated":true}]}}