{"id":713975,"date":"2025-08-27T17:13:40","date_gmt":"2025-08-27T14:13:40","guid":{"rendered":"https:\/\/roveyayinevi.com.tr\/index.php\/urun\/hayata-iz-birakanlar\/"},"modified":"2026-04-16T02:22:24","modified_gmt":"2026-04-15T23:22:24","slug":"hayata-iz-birakanlar","status":"publish","type":"product","link":"https:\/\/roveyayinevi.com.tr\/index.php\/urun\/hayata-iz-birakanlar\/","title":{"rendered":"Hayata \u0130z B\u0131rakanlar"},"content":{"rendered":"<p>Hayata \u0130z B\u0131rakanlarMahsun K\u0131rm\u0131z\u0131g\u00fcl &#8211; Ahmet Kaya &#8211; Musa Ero\u011flu &#8211; S\u00fcmer Ezg\u00fc &#8211; Latif Do\u011fan Edip Akbayram &#8211; Selami Bozkurt &#8211; Metin Ko\u00e7er &#8211; Kaz\u0131m Birlik &#8211; Y\u0131lmaz Erdo\u011fanKenan \u0130mirzal\u0131o\u011flu &#8211; Ahmet Yenilmez &#8211; Mevl\u00fct Asar &#8211; Mehmet Altan Ezeli Do\u011fanay &#8211; H\u00fcseyin Kenan Ayd\u0131n &#8211; Sevim Da\u011fdelen &#8211; Hasan Korkmaz Figen Y\u00fcksekda\u011f &#8211; Kemal K\u0131l\u0131\u00e7daro\u011flu &#8211; Turgut \u00d6ker &#8211; Ali Ayd\u0131n &#8211; \u0130smet G\u00fcnt\u00fcrk M\u00fc\u015ferref Sava\u015f &#8211; Ay\u015fe Bayram &#8211; Ercan Sat\u0131c\u0131     Bize fark ettirmeden hem Almanya&#8217;da hem T\u00fcrkiye&#8217;de hayat\u0131m\u0131za olumlu izler b\u0131rakan, kimi art\u0131k aram\u0131zda olmayan insanlar\u0131, onlarla yapt\u0131\u011f\u0131 r\u00f6portajlar arac\u0131l\u0131\u011f\u0131yla yeniden tan\u0131mam\u0131za ve anmam\u0131za olanak sa\u011flad\u0131\u011f\u0131 i\u00e7in bir okur olarak Fatih \u00c7imen&#8217;e te\u015fekk\u00fcr ederim. Kitab\u0131 okuyan herkesin de ona, emekleri i\u00e7in te\u015fekk\u00fcr edeceklerine inan\u0131yorum. Yazar\u0131 kutluyor, kitab\u0131 olan &#8220;Hayata \u0130z B\u0131rakanlar&#8221;\u0131n yolunun a\u00e7\u0131k, okurunun \u00e7ok olmas\u0131n\u0131 diliyorum. &#8211; Duisburg, 20 \u015eubat 2017\/Mevl\u00fct Asar <\/p>\n","protected":false},"excerpt":{"rendered":"<p>Hayata \u0130z B\u0131rakanlarMahsun K\u0131rm\u0131z\u0131g\u00fcl &#8211; Ahmet Kaya &#8211; Musa Ero\u011flu &#8211; S\u00fcmer Ezg\u00fc &#8211; Latif Do\u011fan Edip Akbayram &#8211; Selami Bozkurt &#8211; Metin Ko\u00e7er &#8211; Kaz\u0131m<span class=\"excerpt-hellip\"> [\u2026]<\/span><\/p>\n","protected":false},"featured_media":0,"template":"","meta":{"_monsterinsights_skip_tracking":false,"_monsterinsights_sitenote_active":false,"_monsterinsights_sitenote_note":"","_monsterinsights_sitenote_category":0},"product_brand":[],"product_cat":[12370,12304],"product_tag":[],"class_list":{"0":"post-713975","1":"product","2":"type-product","3":"status-publish","5":"product_cat-arastirma-inceleme","6":"product_cat-tarih","7":"pa_cilt-ciltsiz","8":"pa_tur-kitap","9":"pa_yayinevi-herdem-kitap","10":"pa_yazar-fatih-cimen","12":"first","13":"instock","14":"sale","15":"shipping-taxable","16":"purchasable","17":"product-type-simple"},"_links":{"self":[{"href":"https:\/\/roveyayinevi.com.tr\/index.php\/wp-json\/wp\/v2\/product\/713975","targetHints":{"allow":["GET"]}}],"collection":[{"href":"https:\/\/roveyayinevi.com.tr\/index.php\/wp-json\/wp\/v2\/product"}],"about":[{"href":"https:\/\/roveyayinevi.com.tr\/index.php\/wp-json\/wp\/v2\/types\/product"}],"wp:attachment":[{"href":"https:\/\/roveyayinevi.com.tr\/index.php\/wp-json\/wp\/v2\/media?parent=713975"}],"wp:term":[{"taxonomy":"product_brand","embeddable":true,"href":"https:\/\/roveyayinevi.com.tr\/index.php\/wp-json\/wp\/v2\/product_brand?post=713975"},{"taxonomy":"product_cat","embeddable":true,"href":"https:\/\/roveyayinevi.com.tr\/index.php\/wp-json\/wp\/v2\/product_cat?post=713975"},{"taxonomy":"product_tag","embeddable":true,"href":"https:\/\/roveyayinevi.com.tr\/index.php\/wp-json\/wp\/v2\/product_tag?post=713975"}],"curies":[{"name":"wp","href":"https:\/\/api.w.org\/{rel}","templated":true}]}}