{"id":713974,"date":"2025-08-27T17:13:39","date_gmt":"2025-08-27T14:13:39","guid":{"rendered":"https:\/\/roveyayinevi.com.tr\/index.php\/urun\/ifsa\/"},"modified":"2026-04-16T02:22:24","modified_gmt":"2026-04-15T23:22:24","slug":"ifsa","status":"publish","type":"product","link":"https:\/\/roveyayinevi.com.tr\/index.php\/urun\/ifsa\/","title":{"rendered":"\u0130f\u015fa"},"content":{"rendered":"<p>Ger\u00e7ek a\u015fk\u0131 internette arayanlardan m\u0131s\u0131n?Peki ya a\u015f\u0131k oldu\u011funu sand\u0131\u011f\u0131n adam, a\u015f\u0131k oldu\u011fun adam\u0131n foto\u011fraf ve videolar\u0131n\u0131 \u00e7alan bir sap\u0131ksa?Sen a\u015fka soyundum san\u0131rken senin de videolar\u0131n\u0131 \u00e7ekip ba\u015fkalar\u0131yla konu\u015fmu\u015fsa?Bedenin seninken ruhun \u00f6r\u00fcmcek a\u011flar\u0131na tak\u0131lm\u0131\u015f, internet cafelerin tozlu masalar\u0131nda sat\u0131lm\u0131\u015fsa?\u00d6l\u00fcr m\u00fcs\u00fcn, \u00f6ld\u00fcr\u00fcr m\u00fcs\u00fcn?Yoksa \u00f6lmeden \u00f6nce \u00e7amurun kirli rahatl\u0131\u011f\u0131na dal\u0131p; ruhundan silemedi\u011fin a\u015fk ac\u0131s\u0131ndan ar\u0131nmak i\u00e7in o pislikle i\u015f birli\u011fi yapar, foto\u011fraflar aras\u0131nda sakl\u0131 kalan ger\u00e7ek a\u015fk\u0131 arar m\u0131s\u0131n? <\/p>\n","protected":false},"excerpt":{"rendered":"<p>Ger\u00e7ek a\u015fk\u0131 internette arayanlardan m\u0131s\u0131n?Peki ya a\u015f\u0131k oldu\u011funu sand\u0131\u011f\u0131n adam, a\u015f\u0131k oldu\u011fun adam\u0131n foto\u011fraf ve videolar\u0131n\u0131 \u00e7alan bir sap\u0131ksa?Sen a\u015fka soyundum san\u0131rken senin de videolar\u0131n\u0131 \u00e7ekip<span class=\"excerpt-hellip\"> [\u2026]<\/span><\/p>\n","protected":false},"featured_media":0,"template":"","meta":{"_monsterinsights_skip_tracking":false,"_monsterinsights_sitenote_active":false,"_monsterinsights_sitenote_note":"","_monsterinsights_sitenote_category":0},"product_brand":[],"product_cat":[12291,12711],"product_tag":[],"class_list":{"0":"post-713974","1":"product","2":"type-product","3":"status-publish","5":"product_cat-edebiyat","6":"product_cat-roman-oyku","7":"pa_cilt-ciltsiz","8":"pa_tur-kitap","9":"pa_yayinevi-herdem-kitap","10":"pa_yazar-sin-eren","12":"first","13":"instock","14":"sale","15":"shipping-taxable","16":"purchasable","17":"product-type-simple"},"_links":{"self":[{"href":"https:\/\/roveyayinevi.com.tr\/index.php\/wp-json\/wp\/v2\/product\/713974","targetHints":{"allow":["GET"]}}],"collection":[{"href":"https:\/\/roveyayinevi.com.tr\/index.php\/wp-json\/wp\/v2\/product"}],"about":[{"href":"https:\/\/roveyayinevi.com.tr\/index.php\/wp-json\/wp\/v2\/types\/product"}],"wp:attachment":[{"href":"https:\/\/roveyayinevi.com.tr\/index.php\/wp-json\/wp\/v2\/media?parent=713974"}],"wp:term":[{"taxonomy":"product_brand","embeddable":true,"href":"https:\/\/roveyayinevi.com.tr\/index.php\/wp-json\/wp\/v2\/product_brand?post=713974"},{"taxonomy":"product_cat","embeddable":true,"href":"https:\/\/roveyayinevi.com.tr\/index.php\/wp-json\/wp\/v2\/product_cat?post=713974"},{"taxonomy":"product_tag","embeddable":true,"href":"https:\/\/roveyayinevi.com.tr\/index.php\/wp-json\/wp\/v2\/product_tag?post=713974"}],"curies":[{"name":"wp","href":"https:\/\/api.w.org\/{rel}","templated":true}]}}