{"id":713973,"date":"2025-08-27T17:13:39","date_gmt":"2025-08-27T14:13:39","guid":{"rendered":"https:\/\/roveyayinevi.com.tr\/index.php\/urun\/sol-animsin\/"},"modified":"2026-04-16T02:22:24","modified_gmt":"2026-04-15T23:22:24","slug":"sol-animsin","status":"publish","type":"product","link":"https:\/\/roveyayinevi.com.tr\/index.php\/urun\/sol-animsin\/","title":{"rendered":"Sol An\u0131ms\u0131n"},"content":{"rendered":"<p>\u00c7ok zor g\u00fcnler ge\u00e7irdim vakti ile&#8230; D\u00fc\u015f\u00fcp de kalkamayaca\u011f\u0131m\u0131 d\u00fc\u015f\u00fcnd\u00fc\u011f\u00fcm amans\u0131z hikayelerim oldu. Kabuk tutmaz dedi\u011fim yaralar ald\u0131m. Umudumu yitirdi\u011fim zamanlar\u0131m, \u00e7aresiz kald\u0131\u011f\u0131m anlar\u0131m oldu. Hayalini kuramad\u0131\u011f\u0131m sonlarla bitti baz\u0131 mutluluklar\u0131m ve t\u00fcm sevin\u00e7lerim kursa\u011f\u0131mda kald\u0131&#8230; Bir n\u00f6bet hastal\u0131\u011f\u0131 gibi uykusuz ge\u00e7irdim bir \u00e7ok gecemi. G\u00f6zya\u015flar\u0131mla s\u00fcsledim ac\u0131lar\u0131m\u0131. Ve ne vakit g\u00f6nl\u00fcm\u00fc s\u00fckuta terk ettim, i\u015fte o zaman bildim ac\u0131lar\u0131m\u0131 gizlemeyi&#8230; <\/p>\n","protected":false},"excerpt":{"rendered":"<p>\u00c7ok zor g\u00fcnler ge\u00e7irdim vakti ile&#8230; D\u00fc\u015f\u00fcp de kalkamayaca\u011f\u0131m\u0131 d\u00fc\u015f\u00fcnd\u00fc\u011f\u00fcm amans\u0131z hikayelerim oldu. Kabuk tutmaz dedi\u011fim yaralar ald\u0131m. Umudumu yitirdi\u011fim zamanlar\u0131m, \u00e7aresiz kald\u0131\u011f\u0131m anlar\u0131m oldu. Hayalini<span class=\"excerpt-hellip\"> [\u2026]<\/span><\/p>\n","protected":false},"featured_media":0,"template":"","meta":{"_monsterinsights_skip_tracking":false,"_monsterinsights_sitenote_active":false,"_monsterinsights_sitenote_note":"","_monsterinsights_sitenote_category":0},"product_brand":[],"product_cat":[12777,12291],"product_tag":[],"class_list":{"0":"post-713973","1":"product","2":"type-product","3":"status-publish","5":"product_cat-deneme","6":"product_cat-edebiyat","7":"pa_cilt-ciltsiz","8":"pa_tur-kitap","9":"pa_yayinevi-herdem-kitap","10":"pa_yazar-muhammet-dolas","12":"first","13":"instock","14":"sale","15":"shipping-taxable","16":"purchasable","17":"product-type-simple"},"_links":{"self":[{"href":"https:\/\/roveyayinevi.com.tr\/index.php\/wp-json\/wp\/v2\/product\/713973","targetHints":{"allow":["GET"]}}],"collection":[{"href":"https:\/\/roveyayinevi.com.tr\/index.php\/wp-json\/wp\/v2\/product"}],"about":[{"href":"https:\/\/roveyayinevi.com.tr\/index.php\/wp-json\/wp\/v2\/types\/product"}],"wp:attachment":[{"href":"https:\/\/roveyayinevi.com.tr\/index.php\/wp-json\/wp\/v2\/media?parent=713973"}],"wp:term":[{"taxonomy":"product_brand","embeddable":true,"href":"https:\/\/roveyayinevi.com.tr\/index.php\/wp-json\/wp\/v2\/product_brand?post=713973"},{"taxonomy":"product_cat","embeddable":true,"href":"https:\/\/roveyayinevi.com.tr\/index.php\/wp-json\/wp\/v2\/product_cat?post=713973"},{"taxonomy":"product_tag","embeddable":true,"href":"https:\/\/roveyayinevi.com.tr\/index.php\/wp-json\/wp\/v2\/product_tag?post=713973"}],"curies":[{"name":"wp","href":"https:\/\/api.w.org\/{rel}","templated":true}]}}