{"id":713972,"date":"2025-08-27T17:13:38","date_gmt":"2025-08-27T14:13:38","guid":{"rendered":"https:\/\/roveyayinevi.com.tr\/index.php\/urun\/seytan-tuyu-var-bende\/"},"modified":"2026-04-16T02:22:24","modified_gmt":"2026-04-15T23:22:24","slug":"seytan-tuyu-var-bende","status":"publish","type":"product","link":"https:\/\/roveyayinevi.com.tr\/index.php\/urun\/seytan-tuyu-var-bende\/","title":{"rendered":"\u015eeytan T\u00fcy\u00fc Var Bende"},"content":{"rendered":"<p>Bir milyon y\u0131l s\u00fcreyle resim yapsan\u0131z bile, ba\u015fyap\u0131t\u0131n\u0131z hep bir sonraki resminiz olacakt\u0131r. Her defas\u0131nda resminizde geli\u015ftirmek istedi\u011finiz bir \u015feyler g\u00f6receksiniz. Ald\u0131\u011f\u0131m mektuplardan baz\u0131lar\u0131nda \u015f\u00f6yle \u015feyler yaz\u0131l\u0131d\u0131r: \u201cBir resim yapt\u0131m ama sonu\u00e7tan hi\u00e7 memnun kalmad\u0131m\u2026\u201dBu harika bir \u015feydir. \u00c7\u00fcnk\u00fc insanda bir sonraki resme ba\u015flama arzusu uyand\u0131r\u0131r. Yolunda gitmeyen \u015feyin ne oldu\u011funu anlars\u0131n\u0131z\u2026 Umar\u0131m ya\u015fam boyu ara ara b\u00f6yle duygulara kap\u0131l\u0131r ve sonu\u00e7a giderek en iyiye ula\u015fmaya \u00e7al\u0131\u015f\u0131r, kendinizi geli\u015ftirirsiniz. Sak\u0131n unutmay\u0131n; Y\u00fcz\u00fcn\u00fcze kapat\u0131lan kap\u0131lar ile kararl\u0131l\u0131\u011f\u0131n\u0131z, arkan\u0131zdan kapat\u0131lan kap\u0131lar ile de cesaretiniz test edilir. <\/p>\n","protected":false},"excerpt":{"rendered":"<p>Bir milyon y\u0131l s\u00fcreyle resim yapsan\u0131z bile, ba\u015fyap\u0131t\u0131n\u0131z hep bir sonraki resminiz olacakt\u0131r. Her defas\u0131nda resminizde geli\u015ftirmek istedi\u011finiz bir \u015feyler g\u00f6receksiniz. Ald\u0131\u011f\u0131m mektuplardan baz\u0131lar\u0131nda \u015f\u00f6yle \u015feyler<span class=\"excerpt-hellip\"> [\u2026]<\/span><\/p>\n","protected":false},"featured_media":0,"template":"","meta":{"_monsterinsights_skip_tracking":false,"_monsterinsights_sitenote_active":false,"_monsterinsights_sitenote_note":"","_monsterinsights_sitenote_category":0},"product_brand":[],"product_cat":[12777,12291],"product_tag":[],"class_list":{"0":"post-713972","1":"product","2":"type-product","3":"status-publish","5":"product_cat-deneme","6":"product_cat-edebiyat","7":"pa_cilt-ciltsiz","8":"pa_tur-kitap","9":"pa_yayinevi-herdem-kitap","10":"pa_yazar-metin-baytok","12":"first","13":"instock","14":"sale","15":"shipping-taxable","16":"purchasable","17":"product-type-simple"},"_links":{"self":[{"href":"https:\/\/roveyayinevi.com.tr\/index.php\/wp-json\/wp\/v2\/product\/713972","targetHints":{"allow":["GET"]}}],"collection":[{"href":"https:\/\/roveyayinevi.com.tr\/index.php\/wp-json\/wp\/v2\/product"}],"about":[{"href":"https:\/\/roveyayinevi.com.tr\/index.php\/wp-json\/wp\/v2\/types\/product"}],"wp:attachment":[{"href":"https:\/\/roveyayinevi.com.tr\/index.php\/wp-json\/wp\/v2\/media?parent=713972"}],"wp:term":[{"taxonomy":"product_brand","embeddable":true,"href":"https:\/\/roveyayinevi.com.tr\/index.php\/wp-json\/wp\/v2\/product_brand?post=713972"},{"taxonomy":"product_cat","embeddable":true,"href":"https:\/\/roveyayinevi.com.tr\/index.php\/wp-json\/wp\/v2\/product_cat?post=713972"},{"taxonomy":"product_tag","embeddable":true,"href":"https:\/\/roveyayinevi.com.tr\/index.php\/wp-json\/wp\/v2\/product_tag?post=713972"}],"curies":[{"name":"wp","href":"https:\/\/api.w.org\/{rel}","templated":true}]}}