{"id":713971,"date":"2025-08-27T17:13:37","date_gmt":"2025-08-27T14:13:37","guid":{"rendered":"https:\/\/roveyayinevi.com.tr\/index.php\/urun\/esmer-guzeli\/"},"modified":"2026-04-16T02:22:24","modified_gmt":"2026-04-15T23:22:24","slug":"esmer-guzeli","status":"publish","type":"product","link":"https:\/\/roveyayinevi.com.tr\/index.php\/urun\/esmer-guzeli\/","title":{"rendered":"Esmer G\u00fczeli"},"content":{"rendered":"<p>Bu adam\u0131 sevmek \u00f6l\u00fcmle e\u015f de\u011ferdi. Kad\u0131n intihar etti.Hik\u00e2yeler ve ac\u0131lar ayn\u0131, isimler farkl\u0131yd\u0131. Gen\u00e7 adam hayat\u0131n\u0131 saklad\u0131. Kad\u0131n bu y\u00fczden yaraland\u0131. Yine de&#8230; A\u015fk b\u00fct\u00fcn dengeyi bozmak i\u00e7in enselerinde bekliyordu! A\u011fz\u0131mda tatl\u0131 bir zehir dolan\u0131yor, dilimi dama\u011f\u0131ma vurup konu\u015ftuk\u00e7a yutuyorum, kan\u0131ma kar\u0131\u015f\u0131yor. Zehri de\u011fil, k\u0131rm\u0131z\u0131 bir \u015fafa\u011f\u0131 kusuyorum. Bir gemiye biniyor benli\u011fim, usulca uzakla\u015f\u0131yor benden. Bedenim k\u00f6rd\u00fc\u011f\u00fcm oldu illet bir a\u015fk sanc\u0131s\u0131na. Zehir, kan oldu ve akt\u0131 g\u00f6zlerimden ya\u015flar gibi. Zihnim ac\u0131ya gebe kal\u0131p do\u011furdu.O ac\u0131y\u0131 elleri ile b\u00fcy\u00fctt\u00fc. Ac\u0131n\u0131n koynunda sakl\u0131 b\u0131\u00e7ak, beni tam s\u0131rt\u0131mdan vurdu. Kalbim, abanoz kesildi. Siyah bir ekrana, g\u00f6z\u00fcm\u00fcn \u00f6n\u00fcne \u00e7ekilen perdede y\u00fcz\u00fcm belirdi. Yakt\u0131m y\u00fcz\u00fcm\u00fc kendi kan\u0131m bulanm\u0131\u015f parmaklar\u0131mla. \u00c7aresizce az \u00f6nce Yi\u011fit&#8217;in, a\u015fk\u0131n \u00e7\u0131kt\u0131\u011f\u0131 kap\u0131ya bakt\u0131m. \u00c7\u0131kmak i\u00e7in kalbimin kap\u0131s\u0131n\u0131 da zorluyordu, elimi g\u00f6\u011fs\u00fcme bast\u0131rarak uzakla\u015ft\u0131rmad\u0131m onun ruhunu ruhumdan.A\u015fk terk etti, a\u015fk katilim oldu. Adam d\u00f6nece\u011fine yemin etti. Kad\u0131n kabul etmeyece\u011fine s\u00f6z verdi. Kader yollar\u0131n\u0131 yine birle\u015ftirince, ne olaca\u011f\u0131n\u0131 kim bilebilirdi? <\/p>\n","protected":false},"excerpt":{"rendered":"<p>Bu adam\u0131 sevmek \u00f6l\u00fcmle e\u015f de\u011ferdi. Kad\u0131n intihar etti.Hik\u00e2yeler ve ac\u0131lar ayn\u0131, isimler farkl\u0131yd\u0131. Gen\u00e7 adam hayat\u0131n\u0131 saklad\u0131. Kad\u0131n bu y\u00fczden yaraland\u0131. Yine de&#8230; A\u015fk b\u00fct\u00fcn<span class=\"excerpt-hellip\"> [\u2026]<\/span><\/p>\n","protected":false},"featured_media":0,"template":"","meta":{"_monsterinsights_skip_tracking":false,"_monsterinsights_sitenote_active":false,"_monsterinsights_sitenote_note":"","_monsterinsights_sitenote_category":0},"product_brand":[],"product_cat":[12291,12711],"product_tag":[],"class_list":{"0":"post-713971","1":"product","2":"type-product","3":"status-publish","5":"product_cat-edebiyat","6":"product_cat-roman-oyku","7":"pa_cilt-ciltsiz","8":"pa_tur-kitap","9":"pa_yayinevi-herdem-kitap","10":"pa_yazar-melek-elmas-tan","12":"first","13":"instock","14":"sale","15":"shipping-taxable","16":"purchasable","17":"product-type-simple"},"_links":{"self":[{"href":"https:\/\/roveyayinevi.com.tr\/index.php\/wp-json\/wp\/v2\/product\/713971","targetHints":{"allow":["GET"]}}],"collection":[{"href":"https:\/\/roveyayinevi.com.tr\/index.php\/wp-json\/wp\/v2\/product"}],"about":[{"href":"https:\/\/roveyayinevi.com.tr\/index.php\/wp-json\/wp\/v2\/types\/product"}],"wp:attachment":[{"href":"https:\/\/roveyayinevi.com.tr\/index.php\/wp-json\/wp\/v2\/media?parent=713971"}],"wp:term":[{"taxonomy":"product_brand","embeddable":true,"href":"https:\/\/roveyayinevi.com.tr\/index.php\/wp-json\/wp\/v2\/product_brand?post=713971"},{"taxonomy":"product_cat","embeddable":true,"href":"https:\/\/roveyayinevi.com.tr\/index.php\/wp-json\/wp\/v2\/product_cat?post=713971"},{"taxonomy":"product_tag","embeddable":true,"href":"https:\/\/roveyayinevi.com.tr\/index.php\/wp-json\/wp\/v2\/product_tag?post=713971"}],"curies":[{"name":"wp","href":"https:\/\/api.w.org\/{rel}","templated":true}]}}