{"id":713970,"date":"2025-08-27T17:13:37","date_gmt":"2025-08-27T14:13:37","guid":{"rendered":"https:\/\/roveyayinevi.com.tr\/index.php\/urun\/naber-ihtiyar\/"},"modified":"2026-04-16T02:22:24","modified_gmt":"2026-04-15T23:22:24","slug":"naber-ihtiyar","status":"publish","type":"product","link":"https:\/\/roveyayinevi.com.tr\/index.php\/urun\/naber-ihtiyar\/","title":{"rendered":"Naber \u0130htiyar?"},"content":{"rendered":"<p>\u201dTam bir y\u0131l sonra \u00f6l\u00fcyorsunuz. \u201cOysa ba\u011f\u0131ml\u0131lar \u00f6lmek de\u011fil, g\u00fclerek ya\u015famak ister. \u00d6lmenin kolay yollar\u0131 vard\u0131r \u00e7\u00fcnk\u00fc. Silah\u0131 \u00e7ene alt\u0131na, k\u0131rk be\u015f derecelik a\u00e7\u0131yla yerle\u015ftirip, beyninizle duvar\u0131 boyamak gibi. Ya da bilek damarlar\u0131ndan birini, tam ortas\u0131na denk getirip dikine kesmek gibi. \u00d6lmek isteyenlerin bahanelere de\u011fil, Azrail&#8217;in geli\u015fine ihtiyac\u0131 vard\u0131r. Mesela ben, t\u00dcm Azrail \u00e7a\u011f\u0131rma metotlar\u0131n\u0131 denedim, h\u00e2l\u00e2 buraday\u0131m. Ruhu \u00f6l\u00fc olan insanlar, bedenlerinin zaman a\u015f\u0131m\u0131na u\u011fray\u0131p, yok olmas\u0131n\u0131 beklerler.\u201d <\/p>\n","protected":false},"excerpt":{"rendered":"<p>\u201dTam bir y\u0131l sonra \u00f6l\u00fcyorsunuz. \u201cOysa ba\u011f\u0131ml\u0131lar \u00f6lmek de\u011fil, g\u00fclerek ya\u015famak ister. \u00d6lmenin kolay yollar\u0131 vard\u0131r \u00e7\u00fcnk\u00fc. Silah\u0131 \u00e7ene alt\u0131na, k\u0131rk be\u015f derecelik a\u00e7\u0131yla yerle\u015ftirip, beyninizle<span class=\"excerpt-hellip\"> [\u2026]<\/span><\/p>\n","protected":false},"featured_media":0,"template":"","meta":{"_monsterinsights_skip_tracking":false,"_monsterinsights_sitenote_active":false,"_monsterinsights_sitenote_note":"","_monsterinsights_sitenote_category":0},"product_brand":[],"product_cat":[12291,12711],"product_tag":[],"class_list":{"0":"post-713970","1":"product","2":"type-product","3":"status-publish","5":"product_cat-edebiyat","6":"product_cat-roman-oyku","7":"pa_cilt-ciltsiz","8":"pa_tur-kitap","9":"pa_yayinevi-herdem-kitap","10":"pa_yazar-omer-faruk-yilmaz","12":"first","13":"instock","14":"sale","15":"shipping-taxable","16":"purchasable","17":"product-type-simple"},"_links":{"self":[{"href":"https:\/\/roveyayinevi.com.tr\/index.php\/wp-json\/wp\/v2\/product\/713970","targetHints":{"allow":["GET"]}}],"collection":[{"href":"https:\/\/roveyayinevi.com.tr\/index.php\/wp-json\/wp\/v2\/product"}],"about":[{"href":"https:\/\/roveyayinevi.com.tr\/index.php\/wp-json\/wp\/v2\/types\/product"}],"wp:attachment":[{"href":"https:\/\/roveyayinevi.com.tr\/index.php\/wp-json\/wp\/v2\/media?parent=713970"}],"wp:term":[{"taxonomy":"product_brand","embeddable":true,"href":"https:\/\/roveyayinevi.com.tr\/index.php\/wp-json\/wp\/v2\/product_brand?post=713970"},{"taxonomy":"product_cat","embeddable":true,"href":"https:\/\/roveyayinevi.com.tr\/index.php\/wp-json\/wp\/v2\/product_cat?post=713970"},{"taxonomy":"product_tag","embeddable":true,"href":"https:\/\/roveyayinevi.com.tr\/index.php\/wp-json\/wp\/v2\/product_tag?post=713970"}],"curies":[{"name":"wp","href":"https:\/\/api.w.org\/{rel}","templated":true}]}}