{"id":713969,"date":"2025-08-27T17:13:36","date_gmt":"2025-08-27T14:13:36","guid":{"rendered":"https:\/\/roveyayinevi.com.tr\/index.php\/urun\/velilerden-inciler\/"},"modified":"2026-04-16T02:22:24","modified_gmt":"2026-04-15T23:22:24","slug":"velilerden-inciler","status":"publish","type":"product","link":"https:\/\/roveyayinevi.com.tr\/index.php\/urun\/velilerden-inciler\/","title":{"rendered":"Velilerden \u0130nciler"},"content":{"rendered":"<p>Yar\u0131n\u0131 d\u00fc\u015f\u00fcnmek umuttur. Umutlar\u0131n\u0131 g\u00f6rme arzusu hayaldir. Elinizdeki bu kitap, d\u00fc\u015flerimizi yar\u0131nlara ta\u015f\u0131ma ad\u0131na umuttu. Biz birlikte kitap okuyan, \u00f6\u011fretmen ve velilerden olu\u015fan dostlard\u0131k. Biriktirdi\u011fimiz hik\u00e2yeleri siz de\u011ferli okuyuculara ula\u015ft\u0131rmak istedik. Elinizdeki bu kitab\u0131 okuyaca\u011f\u0131n\u0131z\u0131 hayal ettik.Hedefimiz e\u011fitim ve \u00f6\u011fretim hayat\u0131nda bir \u00e7\u0131\u011f\u0131r a\u00e7makt\u0131. \u00c7a\u011fr\u0131m\u0131z bu \u00e7\u0131\u011f\u0131rad\u0131r. Beklentimiz, \u00f6\u011fretmenler velileri ile an\u0131lar\u0131n\u0131, hayallerini, hik\u00e2yelerini kitap haline getirmeleri. \u00d6rnek olmas\u0131 i\u00e7in \u00f6\u011fretmen ve veliler bu kitab\u0131 yazd\u0131k. \u00d6\u011fretmenlerle velilerin bir araya gelerek daha g\u00fczel kitaplar yazaca\u011f\u0131na inan\u0131yor ve bekliyoruz.Hedefimize y\u00fcr\u00fcrken yorulmak mutluluk vericiydi. Zorluklara teslim olmamak vicdan\u0131m\u0131z\u0131 \u00f6zg\u00fcrle\u015ftirdi. Kitab\u0131n yolcu\u011funda, g\u00fczel insanlarla tan\u0131\u015ft\u0131k, yeni dostluklar edindik. En b\u00fcy\u00fck zenginli\u011fimiz buydu. O kadar yol g\u00f6sterenimiz oldu ki\u2026Her birine ayr\u0131 ayr\u0131 te\u015fekk\u00fcrler ediyoruz.Dostlar\u0131m yolumuzu a\u00e7t\u0131n\u0131z, yolunuz ve baht\u0131n\u0131z a\u00e7\u0131k olsun.Kitab\u0131 keyifle okuyaca\u011f\u0131n\u0131z\u0131 umuyorum.On sekiz kelebe\u011fin ad\u0131na sayg\u0131 ve selamlar sunuyorum.Burhanettin Sayg\u0131l\u0131 <\/p>\n","protected":false},"excerpt":{"rendered":"<p>Yar\u0131n\u0131 d\u00fc\u015f\u00fcnmek umuttur. Umutlar\u0131n\u0131 g\u00f6rme arzusu hayaldir. Elinizdeki bu kitap, d\u00fc\u015flerimizi yar\u0131nlara ta\u015f\u0131ma ad\u0131na umuttu. Biz birlikte kitap okuyan, \u00f6\u011fretmen ve velilerden olu\u015fan dostlard\u0131k. Biriktirdi\u011fimiz hik\u00e2yeleri<span class=\"excerpt-hellip\"> [\u2026]<\/span><\/p>\n","protected":false},"featured_media":0,"template":"","meta":{"_monsterinsights_skip_tracking":false,"_monsterinsights_sitenote_active":false,"_monsterinsights_sitenote_note":"","_monsterinsights_sitenote_category":0},"product_brand":[],"product_cat":[27157,12291],"product_tag":[],"class_list":{"0":"post-713969","1":"product","2":"type-product","3":"status-publish","5":"product_cat-derleme","6":"product_cat-edebiyat","7":"pa_cilt-ciltsiz","8":"pa_tur-kitap","9":"pa_yayinevi-herdem-kitap","10":"pa_yazar-burhanettin-saygili","12":"first","13":"instock","14":"sale","15":"shipping-taxable","16":"purchasable","17":"product-type-simple"},"_links":{"self":[{"href":"https:\/\/roveyayinevi.com.tr\/index.php\/wp-json\/wp\/v2\/product\/713969","targetHints":{"allow":["GET"]}}],"collection":[{"href":"https:\/\/roveyayinevi.com.tr\/index.php\/wp-json\/wp\/v2\/product"}],"about":[{"href":"https:\/\/roveyayinevi.com.tr\/index.php\/wp-json\/wp\/v2\/types\/product"}],"wp:attachment":[{"href":"https:\/\/roveyayinevi.com.tr\/index.php\/wp-json\/wp\/v2\/media?parent=713969"}],"wp:term":[{"taxonomy":"product_brand","embeddable":true,"href":"https:\/\/roveyayinevi.com.tr\/index.php\/wp-json\/wp\/v2\/product_brand?post=713969"},{"taxonomy":"product_cat","embeddable":true,"href":"https:\/\/roveyayinevi.com.tr\/index.php\/wp-json\/wp\/v2\/product_cat?post=713969"},{"taxonomy":"product_tag","embeddable":true,"href":"https:\/\/roveyayinevi.com.tr\/index.php\/wp-json\/wp\/v2\/product_tag?post=713969"}],"curies":[{"name":"wp","href":"https:\/\/api.w.org\/{rel}","templated":true}]}}