{"id":713968,"date":"2025-08-27T17:13:35","date_gmt":"2025-08-27T14:13:35","guid":{"rendered":"https:\/\/roveyayinevi.com.tr\/index.php\/urun\/guzel-mese-agaci\/"},"modified":"2026-04-16T02:22:24","modified_gmt":"2026-04-15T23:22:24","slug":"guzel-mese-agaci","status":"publish","type":"product","link":"https:\/\/roveyayinevi.com.tr\/index.php\/urun\/guzel-mese-agaci\/","title":{"rendered":"G\u00fczel Me\u015fe A\u011fac\u0131"},"content":{"rendered":"<p>Johann Christoph von Schmid (1768-1854) eserleri 24 dile \u00e7evrilmi\u015f \u00e7ocuk hikayeleri yazar\u0131 ve e\u011fitmendir. En \u00e7ok bilinen eseri The Basket of Flowers\u2019d\u0131r. B\u00fcy\u00fck bir okulun m\u00fcd\u00fcrl\u00fc\u011f\u00fcn\u00fc yapm\u0131\u015ft\u0131r.  \u00c7ocuk hikayeleri yazmaya Thannhausen okulunda e\u011fitmenli\u011fe g\u00f6revinden sonra ba\u015flam\u0131\u015ft\u0131r. Die Ostereier adl\u0131 kitab\u0131 o kadar \u00e7ok \u00fcn kazand\u0131 ki, Schmid eserlerini Die Oster ier (Paskalya Yumurtalar\u0131)\u2019n\u0131n yazar\u0131 olarak imzalam\u0131\u015ft\u0131r. Hikayelerinde genellikle iyilik, d\u00fcr\u00fcstl\u00fck ve iyili\u011fin erdemleri ve kazand\u0131rd\u0131klar\u0131 \u00e7er\u00e7evesinde ilerlemektedir. Johann Christoph von Schmid\u2019in eserleri hala bilinmekte, yay\u0131mlanmakta ve okunmaktad\u0131r. \u00d6nemli bir ayr\u0131nt\u0131y\u0131 daha belirtmek isteriz ki; Ke\u00e7ecizade Macit Pa\u015fa, Johann Christoph von Schmid\u2019in 190 hikayesini 1890 y\u0131l\u0131nda \u00e7evirmi\u015f ve \u201c\u0130beristan-\u0131 Almani Nam\u0131di\u011fer Almancadan M\u00fctercem Y\u00fcz Doksan Hikaye\u201d ad\u0131yla yay\u0131nlam\u0131\u015ft\u0131r. \u00c7ocuk edebiyat\u0131 tarihimiz a\u00e7\u0131s\u0131ndan bu eser olduk\u00e7a k\u0131ymetlidir. <\/p>\n","protected":false},"excerpt":{"rendered":"<p>Johann Christoph von Schmid (1768-1854) eserleri 24 dile \u00e7evrilmi\u015f \u00e7ocuk hikayeleri yazar\u0131 ve e\u011fitmendir. En \u00e7ok bilinen eseri The Basket of Flowers\u2019d\u0131r. B\u00fcy\u00fck bir okulun m\u00fcd\u00fcrl\u00fc\u011f\u00fcn\u00fc<span class=\"excerpt-hellip\"> [\u2026]<\/span><\/p>\n","protected":false},"featured_media":0,"template":"","meta":{"_monsterinsights_skip_tracking":false,"_monsterinsights_sitenote_active":false,"_monsterinsights_sitenote_note":"","_monsterinsights_sitenote_category":0},"product_brand":[],"product_cat":[12291,12711],"product_tag":[],"class_list":{"0":"post-713968","1":"product","2":"type-product","3":"status-publish","5":"product_cat-edebiyat","6":"product_cat-roman-oyku","7":"pa_cilt-ciltsiz","8":"pa_tur-kitap","9":"pa_yayinevi-herdem-kitap","10":"pa_yazar-johann-christoph-von-schmid","12":"first","13":"instock","14":"sale","15":"shipping-taxable","16":"purchasable","17":"product-type-simple"},"_links":{"self":[{"href":"https:\/\/roveyayinevi.com.tr\/index.php\/wp-json\/wp\/v2\/product\/713968","targetHints":{"allow":["GET"]}}],"collection":[{"href":"https:\/\/roveyayinevi.com.tr\/index.php\/wp-json\/wp\/v2\/product"}],"about":[{"href":"https:\/\/roveyayinevi.com.tr\/index.php\/wp-json\/wp\/v2\/types\/product"}],"wp:attachment":[{"href":"https:\/\/roveyayinevi.com.tr\/index.php\/wp-json\/wp\/v2\/media?parent=713968"}],"wp:term":[{"taxonomy":"product_brand","embeddable":true,"href":"https:\/\/roveyayinevi.com.tr\/index.php\/wp-json\/wp\/v2\/product_brand?post=713968"},{"taxonomy":"product_cat","embeddable":true,"href":"https:\/\/roveyayinevi.com.tr\/index.php\/wp-json\/wp\/v2\/product_cat?post=713968"},{"taxonomy":"product_tag","embeddable":true,"href":"https:\/\/roveyayinevi.com.tr\/index.php\/wp-json\/wp\/v2\/product_tag?post=713968"}],"curies":[{"name":"wp","href":"https:\/\/api.w.org\/{rel}","templated":true}]}}