{"id":713964,"date":"2025-08-27T17:13:33","date_gmt":"2025-08-27T14:13:33","guid":{"rendered":"https:\/\/roveyayinevi.com.tr\/index.php\/urun\/anadolu-efsaneleri-2\/"},"modified":"2026-04-16T02:22:24","modified_gmt":"2026-04-15T23:22:24","slug":"anadolu-efsaneleri-2","status":"publish","type":"product","link":"https:\/\/roveyayinevi.com.tr\/index.php\/urun\/anadolu-efsaneleri-2\/","title":{"rendered":"Anadolu Efsaneleri"},"content":{"rendered":"<p>Halk\u0131n belle\u011finde ve dilinde yeniden \u00fcretilen, bir varl\u0131\u011f\u0131n meydana geli\u015fi, do\u011fa olaylar\u0131 ya da do\u011fa elemanlar\u0131ndan birinde olan de\u011fi\u015fikli\u011fin, ki\u015filerin ya da varl\u0131klar\u0131n ola\u011fan\u00fcst\u00fc bir bi\u00e7imde sunumuyla kar\u015f\u0131la\u015f\u0131lan zor durum ve olaylar kar\u015f\u0131s\u0131nda halk\u0131n haf\u0131zas\u0131nda ve hayalinde \u00fcretti\u011fi kurtulu\u015f ve \u00e7\u0131k\u0131\u015f anlat\u0131lar\u0131 olarak da g\u00f6r\u00fclebilecek efsaneler neredeyse Anadolu\u2019nun her k\u00f6\u015fesinde \u00f6zg\u00fcn eklenti ve bi\u00e7imlerle \u00e7a\u011flar boyu yeniden \u00fcretilmi\u015ftir. Anadolu Efsaneleri, \u00e7ocuklar ve gen\u00e7ler a\u00e7\u0131s\u0131ndan da bir de\u011ferler seti sunmaktad\u0131r. Do\u011fruluk, ba\u015fkalar\u0131n\u0131n k\u00f6t\u00fcl\u00fc\u011f\u00fcn\u00fc istememe, g\u00fcc\u00fc k\u00f6t\u00fcye kullanmama, yalan s\u00f6ylememe, emaneti koruma, do\u011fru s\u00f6z\u00fc tutma, kendini be\u011fenmi\u015fli\u011fin olumsuzlu\u011fu, hile yapmama gibi bir\u00e7ok ileti mevcuttur. Efsanelerde iyilik d\u00fc\u015f\u00fcnenler, adil olanlar, ba\u015fkalar\u0131na haks\u0131zl\u0131k yapmayanlar bir \u015fekilde hep kazan\u0131rlar ve aksi y\u00f6nde davran\u0131\u015flarda bulunanlar da ya cezaland\u0131r\u0131l\u0131r ya da bir \u015fekilde ders \u00e7\u0131karacak \u015fekilde uyar\u0131l\u0131rlar. Anadolu Efsaneleri b\u00fcy\u00fcl\u00fc atmosferi, anlat\u0131m\u0131, inand\u0131r\u0131c\u0131l\u0131\u011f\u0131 ve ak\u0131c\u0131l\u0131\u011f\u0131 ile \u00e7ocuklara \u00f6nemli mesajlar vermektedir. <\/p>\n","protected":false},"excerpt":{"rendered":"<p>Halk\u0131n belle\u011finde ve dilinde yeniden \u00fcretilen, bir varl\u0131\u011f\u0131n meydana geli\u015fi, do\u011fa olaylar\u0131 ya da do\u011fa elemanlar\u0131ndan birinde olan de\u011fi\u015fikli\u011fin, ki\u015filerin ya da varl\u0131klar\u0131n ola\u011fan\u00fcst\u00fc bir bi\u00e7imde<span class=\"excerpt-hellip\"> [\u2026]<\/span><\/p>\n","protected":false},"featured_media":0,"template":"","meta":{"_monsterinsights_skip_tracking":false,"_monsterinsights_sitenote_active":false,"_monsterinsights_sitenote_note":"","_monsterinsights_sitenote_category":0},"product_brand":[],"product_cat":[12291,13706],"product_tag":[],"class_list":{"0":"post-713964","1":"product","2":"type-product","3":"status-publish","5":"product_cat-edebiyat","6":"product_cat-efsane-destan-masal","7":"pa_cilt-ciltsiz","8":"pa_tur-kitap","9":"pa_yayinevi-herdem-kitap","10":"pa_yazar-nuray-ertigrak","12":"first","13":"instock","14":"sale","15":"shipping-taxable","16":"purchasable","17":"product-type-simple"},"_links":{"self":[{"href":"https:\/\/roveyayinevi.com.tr\/index.php\/wp-json\/wp\/v2\/product\/713964","targetHints":{"allow":["GET"]}}],"collection":[{"href":"https:\/\/roveyayinevi.com.tr\/index.php\/wp-json\/wp\/v2\/product"}],"about":[{"href":"https:\/\/roveyayinevi.com.tr\/index.php\/wp-json\/wp\/v2\/types\/product"}],"wp:attachment":[{"href":"https:\/\/roveyayinevi.com.tr\/index.php\/wp-json\/wp\/v2\/media?parent=713964"}],"wp:term":[{"taxonomy":"product_brand","embeddable":true,"href":"https:\/\/roveyayinevi.com.tr\/index.php\/wp-json\/wp\/v2\/product_brand?post=713964"},{"taxonomy":"product_cat","embeddable":true,"href":"https:\/\/roveyayinevi.com.tr\/index.php\/wp-json\/wp\/v2\/product_cat?post=713964"},{"taxonomy":"product_tag","embeddable":true,"href":"https:\/\/roveyayinevi.com.tr\/index.php\/wp-json\/wp\/v2\/product_tag?post=713964"}],"curies":[{"name":"wp","href":"https:\/\/api.w.org\/{rel}","templated":true}]}}