{"id":713962,"date":"2025-08-27T17:13:31","date_gmt":"2025-08-27T14:13:31","guid":{"rendered":"https:\/\/roveyayinevi.com.tr\/index.php\/urun\/oguz-han-destani\/"},"modified":"2026-04-16T02:22:24","modified_gmt":"2026-04-15T23:22:24","slug":"oguz-han-destani","status":"publish","type":"product","link":"https:\/\/roveyayinevi.com.tr\/index.php\/urun\/oguz-han-destani\/","title":{"rendered":"O\u011fuz Han Destan\u0131"},"content":{"rendered":"<p>O\u011fuzhan Destan\u0131, Orta Asya\u2019da ya\u015fan T\u00fcrk devletlerinin ge\u00e7mi\u015finde \u00fcrettikleri hik\u00e2yelerin birle\u015ftirilmesiyle olu\u015fturulmu\u015f bir destand\u0131r Destan, O\u011fuzhan\u2019\u0131n do\u011fumuyla ba\u015flar. O\u011fuzhan, annesinden ilk s\u00fct\u00fc emdikten sonra konu\u015fur; k\u0131rk g\u00fcnl\u00fck iken de y\u00fcr\u00fcr. O\u011fuzhan\u2019\u0131n \u00e7ocuk ya\u015fta, at s\u00fcr\u00fclerini ve insanlar\u0131 yiyen gergedan\u0131 \u00f6ld\u00fcrmesi ileride nas\u0131l bir yi\u011fit olaca\u011f\u0131n\u0131 g\u00f6sterir. O\u011fuzhan\u2019\u0131n h\u00fck\u00fcmdar olmas\u0131; birinci evlili\u011fini yapmas\u0131, bu evlilikten \u00fc\u00e7 erkek \u00e7ocu\u011funun olmas\u0131; ard\u0131ndan ikinci kez evlenmesi ve yine \u00fc\u00e7 erkek \u00e7ocu\u011funun olmas\u0131yla destan devam eder. Vezir Ulu\u011f T\u00fcrk\u2019\u00fcn r\u00fcyas\u0131nda bir alt\u0131n ile \u00fc\u00e7 g\u00fcm\u00fc\u015f ok g\u00f6rmesi \u00fczerine O\u011fuzhan\u2019\u0131n, o\u011fullar\u0131ndan \u00fc\u00e7\u00fcn\u00fc do\u011fuya, \u00fc\u00e7\u00fcn\u00fc de bat\u0131ya ava g\u00f6ndermesiyle destan\u0131n son b\u00f6l\u00fcm\u00fcne gelinir. O\u011fullar\u0131ndan \u00fc\u00e7\u00fc bir alt\u0131n yay; di\u011fer \u00fc\u00e7\u00fc de \u00fc\u00e7 g\u00fcm\u00fc\u015f okla \u00e7\u0131kar gelirler. O\u011fuzhan, b\u00fcy\u00fck o\u011fullar\u0131na yay\u0131, k\u00fc\u00e7\u00fck o\u011fullar\u0131na da oklar\u0131 pay eder. Sonra da b\u00fcy\u00fck kurultay\u0131 toplayarak yurdunu o\u011fullar\u0131na b\u00f6l\u00fc\u015ft\u00fcr\u00fcr. <\/p>\n","protected":false},"excerpt":{"rendered":"<p>O\u011fuzhan Destan\u0131, Orta Asya\u2019da ya\u015fan T\u00fcrk devletlerinin ge\u00e7mi\u015finde \u00fcrettikleri hik\u00e2yelerin birle\u015ftirilmesiyle olu\u015fturulmu\u015f bir destand\u0131r Destan, O\u011fuzhan\u2019\u0131n do\u011fumuyla ba\u015flar. O\u011fuzhan, annesinden ilk s\u00fct\u00fc emdikten sonra konu\u015fur; k\u0131rk<span class=\"excerpt-hellip\"> [\u2026]<\/span><\/p>\n","protected":false},"featured_media":0,"template":"","meta":{"_monsterinsights_skip_tracking":false,"_monsterinsights_sitenote_active":false,"_monsterinsights_sitenote_note":"","_monsterinsights_sitenote_category":0},"product_brand":[],"product_cat":[12291,13706],"product_tag":[],"class_list":{"0":"post-713962","1":"product","2":"type-product","3":"status-publish","5":"product_cat-edebiyat","6":"product_cat-efsane-destan-masal","7":"pa_cilt-ciltsiz","8":"pa_tur-kitap","9":"pa_yayinevi-herdem-kitap","10":"pa_yazar-nuray-ertigrak","12":"first","13":"instock","14":"sale","15":"shipping-taxable","16":"purchasable","17":"product-type-simple"},"_links":{"self":[{"href":"https:\/\/roveyayinevi.com.tr\/index.php\/wp-json\/wp\/v2\/product\/713962","targetHints":{"allow":["GET"]}}],"collection":[{"href":"https:\/\/roveyayinevi.com.tr\/index.php\/wp-json\/wp\/v2\/product"}],"about":[{"href":"https:\/\/roveyayinevi.com.tr\/index.php\/wp-json\/wp\/v2\/types\/product"}],"wp:attachment":[{"href":"https:\/\/roveyayinevi.com.tr\/index.php\/wp-json\/wp\/v2\/media?parent=713962"}],"wp:term":[{"taxonomy":"product_brand","embeddable":true,"href":"https:\/\/roveyayinevi.com.tr\/index.php\/wp-json\/wp\/v2\/product_brand?post=713962"},{"taxonomy":"product_cat","embeddable":true,"href":"https:\/\/roveyayinevi.com.tr\/index.php\/wp-json\/wp\/v2\/product_cat?post=713962"},{"taxonomy":"product_tag","embeddable":true,"href":"https:\/\/roveyayinevi.com.tr\/index.php\/wp-json\/wp\/v2\/product_tag?post=713962"}],"curies":[{"name":"wp","href":"https:\/\/api.w.org\/{rel}","templated":true}]}}