{"id":713959,"date":"2025-08-27T17:13:29","date_gmt":"2025-08-27T14:13:29","guid":{"rendered":"https:\/\/roveyayinevi.com.tr\/index.php\/urun\/aysegulun-tatili\/"},"modified":"2026-04-16T02:22:24","modified_gmt":"2026-04-15T23:22:24","slug":"aysegulun-tatili","status":"publish","type":"product","link":"https:\/\/roveyayinevi.com.tr\/index.php\/urun\/aysegulun-tatili\/","title":{"rendered":"Ay\u015feg\u00fcl&#8217;\u00fcn Tatili"},"content":{"rendered":"<p>Bu kitapta karakterler ve olaylar aras\u0131nda dola\u015facaks\u0131n\u0131z. \u00d6nce Ay\u015feg\u00fcl ile dedesinin bah\u00e7esine konuk olacaks\u0131n\u0131z. Onlarla birlikte bitki yeti\u015ftirip kaplumba\u011falar ile bal\u0131klar i\u00e7in yap\u0131lan havuzun f\u0131skiyesinden f\u0131\u015fk\u0131ran sular\u0131n sesine kulak vereceksiniz. Ard\u0131ndan yaramaz m\u0131 yaramaz \u00fc\u00e7 haylaz\u0131n planlar\u0131n\u0131n nas\u0131l alt \u00fcst oldu\u011funa tan\u0131k olacaks\u0131n\u0131z. Sinan\u2019\u0131n yaramazl\u0131klar\u0131n\u0131n nas\u0131l bencilli\u011fe d\u00f6n\u00fc\u015ft\u00fc\u011f\u00fcn\u00fc fark edecek, ard\u0131ndan bencillikten ancak kar\u015f\u0131l\u0131ks\u0131z yard\u0131mla kurtuldu\u011funu \u201cCimri Adam ile F\u0131r\u0131nc\u0131\u201dn\u0131n \u00f6yk\u00fcs\u00fcnde g\u00f6receksiniz.\u201c\u0130nat\u00e7\u0131 Kat\u0131rla \u0130nat\u00e7\u0131 O\u011flan\u201d \u00f6yk\u00fcs\u00fcnde birbirine inat, inat\u00e7\u0131l\u0131k yapan bir o\u011flanla bir kat\u0131r\u0131n ba\u015f\u0131na gelenlere \u015fa\u015f\u0131racaks\u0131n\u0131z. Sona gelmeden \u00f6nce k\u00fc\u00e7\u00fck bir k\u0131z\u0131n, \u00fc\u015f\u00fcyerek bah\u00e7eye kazd\u0131\u011f\u0131 \u00e7ukurlarda nefes alacak ve eski bir resmin arkas\u0131ndaki zarf\u0131 elinize ald\u0131\u011f\u0131n\u0131zda da mutluluk g\u00f6zya\u015flar\u0131 d\u00f6keceksiniz bir aileyle birlikte. <\/p>\n","protected":false},"excerpt":{"rendered":"<p>Bu kitapta karakterler ve olaylar aras\u0131nda dola\u015facaks\u0131n\u0131z. \u00d6nce Ay\u015feg\u00fcl ile dedesinin bah\u00e7esine konuk olacaks\u0131n\u0131z. Onlarla birlikte bitki yeti\u015ftirip kaplumba\u011falar ile bal\u0131klar i\u00e7in yap\u0131lan havuzun f\u0131skiyesinden f\u0131\u015fk\u0131ran<span class=\"excerpt-hellip\"> [\u2026]<\/span><\/p>\n","protected":false},"featured_media":0,"template":"","meta":{"_monsterinsights_skip_tracking":false,"_monsterinsights_sitenote_active":false,"_monsterinsights_sitenote_note":"","_monsterinsights_sitenote_category":0},"product_brand":[],"product_cat":[12274,12284],"product_tag":[],"class_list":{"0":"post-713959","1":"product","2":"type-product","3":"status-publish","5":"product_cat-cocuk-ve-genclik-kitaplari","6":"product_cat-hikayeler","7":"pa_cilt-ciltsiz","8":"pa_tur-kitap","9":"pa_yayinevi-herdem-kitap","10":"pa_yazar-nuray-ertigrak","12":"first","13":"instock","14":"sale","15":"shipping-taxable","16":"purchasable","17":"product-type-simple"},"_links":{"self":[{"href":"https:\/\/roveyayinevi.com.tr\/index.php\/wp-json\/wp\/v2\/product\/713959","targetHints":{"allow":["GET"]}}],"collection":[{"href":"https:\/\/roveyayinevi.com.tr\/index.php\/wp-json\/wp\/v2\/product"}],"about":[{"href":"https:\/\/roveyayinevi.com.tr\/index.php\/wp-json\/wp\/v2\/types\/product"}],"wp:attachment":[{"href":"https:\/\/roveyayinevi.com.tr\/index.php\/wp-json\/wp\/v2\/media?parent=713959"}],"wp:term":[{"taxonomy":"product_brand","embeddable":true,"href":"https:\/\/roveyayinevi.com.tr\/index.php\/wp-json\/wp\/v2\/product_brand?post=713959"},{"taxonomy":"product_cat","embeddable":true,"href":"https:\/\/roveyayinevi.com.tr\/index.php\/wp-json\/wp\/v2\/product_cat?post=713959"},{"taxonomy":"product_tag","embeddable":true,"href":"https:\/\/roveyayinevi.com.tr\/index.php\/wp-json\/wp\/v2\/product_tag?post=713959"}],"curies":[{"name":"wp","href":"https:\/\/api.w.org\/{rel}","templated":true}]}}