{"id":713956,"date":"2025-08-27T17:13:28","date_gmt":"2025-08-27T14:13:28","guid":{"rendered":"https:\/\/roveyayinevi.com.tr\/index.php\/urun\/musterek-mekan-musterekler-olarak-sehir\/"},"modified":"2026-04-16T02:22:24","modified_gmt":"2026-04-15T23:22:24","slug":"musterek-mekan-musterekler-olarak-sehir","status":"publish","type":"product","link":"https:\/\/roveyayinevi.com.tr\/index.php\/urun\/musterek-mekan-musterekler-olarak-sehir\/","title":{"rendered":"M\u00fc\u015fterek Mekan &#8211; M\u00fc\u015fterekler Olarak \u015eehir"},"content":{"rendered":"<p>Neoliberal sald\u0131r\u0131lar\u0131n d\u00fcnya \u00e7ap\u0131nda artmas\u0131yla birlikte yeni direni\u015f ve kolektif kar\u015f\u0131 koyma bi\u00e7imleri de ortaya \u00e7\u0131kt\u0131. Sava\u015flar\u0131n ve kemer s\u0131kma politikalar\u0131n\u0131n yaratt\u0131\u011f\u0131 umutsuzluk havas\u0131n\u0131 da\u011f\u0131tan i\u015fgal ve m\u00fc\u015fterekle\u015fme hareketleri ise g\u00fcn ge\u00e7tik\u00e7e \u00e7o\u011fal\u0131yor. Dolay\u0131s\u0131yla bu yeni hareketlerle ortaya \u00e7\u0131kan yeni mek\u00e2n politikas\u0131n\u0131n altyap\u0131s\u0131n\u0131 olu\u015fturacak tarihsel ve kavramsal dayanaklar \u00fczerine d\u00fc\u015f\u00fcnmek de ka\u00e7\u0131n\u0131lmaz hale geldi. G\u00fcn\u00fcm\u00fczde kat\u0131 s\u0131n\u0131rlar\u0131 olan, ayr\u0131\u015ft\u0131r\u0131c\u0131 ve \u00f6tekile\u015ftirici, \u00e7itlenmi\u015f mek\u00e2nsal anlay\u0131\u015flar\u0131n yerini e\u015fik mek\u00e2nlar\u0131n\u0131n, g\u00f6zeneklili\u011fin ve ge\u00e7i\u015fimlili\u011fin ald\u0131\u011f\u0131 kentsel m\u00fc\u015fterekle\u015fmenin bar\u0131nd\u0131rd\u0131\u011f\u0131 potansiyel giderek daha \u00e7ok \u00f6nem kazan\u0131yor.  Hem kent \u00fczerine akademik ara\u015ft\u0131rmalara imza atan hem de kentsel m\u00fc\u015fterekle\u015fme hareketleri i\u00e7inde aktivist olarak rol alan Stavros Stavrides, mek\u00e2n\u0131 bir meta, \u00e7itlenmi\u015f bir yer ya da devletin idaresindeki bir alan olarak de\u011fil, ba\u015fka bir d\u00fcnyaya ili\u015fkin potansiyeller ve ipu\u00e7lar\u0131 bar\u0131nd\u0131ran m\u00fc\u015fterekler olarak ele al\u0131yor. Stavrides, \u00fclkemizde de Gezi isyan\u0131yla ya\u015fanan ve pek \u00e7ok ki\u015finin hayat\u0131nda silinmez izler b\u0131rakan mek\u00e2nsal m\u00fc\u015fterekle\u015fme deneyimlerinin teorik zeminini kurmaya giri\u015fiyor ve niteliklerini koruyarak s\u00fcreklile\u015fecek m\u00fc\u015fterek mek\u00e2nlar\u0131n varl\u0131k ko\u015fullar\u0131n\u0131 sorguluyor. <\/p>\n","protected":false},"excerpt":{"rendered":"<p>Neoliberal sald\u0131r\u0131lar\u0131n d\u00fcnya \u00e7ap\u0131nda artmas\u0131yla birlikte yeni direni\u015f ve kolektif kar\u015f\u0131 koyma bi\u00e7imleri de ortaya \u00e7\u0131kt\u0131. Sava\u015flar\u0131n ve kemer s\u0131kma politikalar\u0131n\u0131n yaratt\u0131\u011f\u0131 umutsuzluk havas\u0131n\u0131 da\u011f\u0131tan i\u015fgal<span class=\"excerpt-hellip\"> [\u2026]<\/span><\/p>\n","protected":false},"featured_media":0,"template":"","meta":{"_monsterinsights_skip_tracking":false,"_monsterinsights_sitenote_active":false,"_monsterinsights_sitenote_note":"","_monsterinsights_sitenote_category":0},"product_brand":[],"product_cat":[12767,12324],"product_tag":[],"class_list":{"0":"post-713956","1":"product","2":"type-product","3":"status-publish","5":"product_cat-kentlesme-modernlesme","6":"product_cat-sosyoloji","7":"pa_cilt-ciltsiz","8":"pa_tur-kitap","9":"pa_yayinevi-sel-yayincilik","10":"pa_yazar-stavros-stavrides","12":"first","13":"instock","14":"sale","15":"shipping-taxable","16":"purchasable","17":"product-type-simple"},"_links":{"self":[{"href":"https:\/\/roveyayinevi.com.tr\/index.php\/wp-json\/wp\/v2\/product\/713956","targetHints":{"allow":["GET"]}}],"collection":[{"href":"https:\/\/roveyayinevi.com.tr\/index.php\/wp-json\/wp\/v2\/product"}],"about":[{"href":"https:\/\/roveyayinevi.com.tr\/index.php\/wp-json\/wp\/v2\/types\/product"}],"wp:attachment":[{"href":"https:\/\/roveyayinevi.com.tr\/index.php\/wp-json\/wp\/v2\/media?parent=713956"}],"wp:term":[{"taxonomy":"product_brand","embeddable":true,"href":"https:\/\/roveyayinevi.com.tr\/index.php\/wp-json\/wp\/v2\/product_brand?post=713956"},{"taxonomy":"product_cat","embeddable":true,"href":"https:\/\/roveyayinevi.com.tr\/index.php\/wp-json\/wp\/v2\/product_cat?post=713956"},{"taxonomy":"product_tag","embeddable":true,"href":"https:\/\/roveyayinevi.com.tr\/index.php\/wp-json\/wp\/v2\/product_tag?post=713956"}],"curies":[{"name":"wp","href":"https:\/\/api.w.org\/{rel}","templated":true}]}}